{"id":12521,"date":"2020-01-29T17:58:22","date_gmt":"2020-01-29T16:58:22","guid":{"rendered":"https:\/\/www.aktion-weitblick.de\/ueber-uns\/freiwilliges-engagement\/"},"modified":"2025-12-07T18:00:04","modified_gmt":"2025-12-07T17:00:04","slug":"freiwilliges-engagement","status":"publish","type":"page","link":"https:\/\/www.aktion-weitblick.de\/ls\/ueber-aktion-weitblick\/freiwilliges-engagement\/","title":{"rendered":"Freiwilliges Engagement"},"content":{"rendered":"\t\t<div data-elementor-type=\"wp-page\" data-elementor-id=\"12521\" class=\"elementor elementor-12521 elementor-132\" data-elementor-post-type=\"page\">\n\t\t\t\t<div class=\"elementor-element elementor-element-65fe9c39 e-flex e-con-boxed e-con e-parent\" data-id=\"65fe9c39\" data-element_type=\"container\" data-e-type=\"container\" data-settings=\"{&quot;background_background&quot;:&quot;classic&quot;}\">\n\t\t\t\t\t<div class=\"e-con-inner\">\n\t\t<div class=\"elementor-element elementor-element-7e937687 e-flex e-con-boxed e-con e-child\" data-id=\"7e937687\" data-element_type=\"container\" data-e-type=\"container\" data-settings=\"{&quot;background_background&quot;:&quot;classic&quot;}\">\n\t\t\t\t\t<div class=\"e-con-inner\">\n\t\t<div class=\"elementor-element elementor-element-6c82ff8f e-con-full e-flex e-con e-child\" data-id=\"6c82ff8f\" data-element_type=\"container\" data-e-type=\"container\" data-settings=\"{&quot;background_background&quot;:&quot;classic&quot;,&quot;position&quot;:&quot;absolute&quot;,&quot;animation&quot;:&quot;none&quot;}\">\n\t\t\t\t<div class=\"elementor-element elementor-element-57bc92f2 elementor-widget elementor-widget-text-editor\" data-id=\"57bc92f2\" data-element_type=\"widget\" data-e-type=\"widget\" data-widget_type=\"text-editor.default\">\n\t\t\t\t\t\t\t\t\t<p>aktion weitblick &#8211;<br \/>Wir f\u00f6rdern Selbstbestimmung und Teilhabe.<\/p>\t\t\t\t\t\t\t\t<\/div>\n\t\t\t\t<\/div>\n\t\t\t\t<div class=\"elementor-element elementor-element-14580be0 elementor-absolute elementor-widget elementor-widget-text-editor\" data-id=\"14580be0\" data-element_type=\"widget\" data-e-type=\"widget\" data-settings=\"{&quot;_position&quot;:&quot;absolute&quot;}\" data-widget_type=\"text-editor.default\">\n\t\t\t\t\t\t\t\t\t<nav class=\"breadcrumb\"><span class=\"current-page\">Freiwilliges Engagement<\/span><\/nav>\t\t\t\t\t\t\t\t<\/div>\n\t\t\t\t\t<\/div>\n\t\t\t\t<\/div>\n\t\t\t\t\t<\/div>\n\t\t\t\t<\/div>\n\t\t<div class=\"elementor-element elementor-element-7593e7d1 e-flex e-con-boxed e-con e-parent\" data-id=\"7593e7d1\" data-element_type=\"container\" data-e-type=\"container\" data-settings=\"{&quot;background_background&quot;:&quot;classic&quot;}\">\n\t\t\t\t\t<div class=\"e-con-inner\">\n\t\t\t\t<div class=\"elementor-element elementor-element-1bb95f01 elementor-search-form--button-type-text elementor-widget__width-initial elementor-search-form--skin-classic elementor-widget elementor-widget-global elementor-global-5545 elementor-widget-search-form\" data-id=\"1bb95f01\" data-element_type=\"widget\" data-e-type=\"widget\" data-settings=\"{&quot;skin&quot;:&quot;classic&quot;}\" data-widget_type=\"search-form.default\">\n\t\t\t\t\t\t\t<search role=\"search\">\n\t\t\t<form class=\"elementor-search-form\" action=\"https:\/\/www.aktion-weitblick.de\/ls\/\" method=\"get\">\n\t\t\t\t\t\t\t\t\t\t\t\t<div class=\"elementor-search-form__container\">\n\t\t\t\t\t<label class=\"elementor-screen-only\" for=\"elementor-search-form-1bb95f01\">Search<\/label>\n\n\t\t\t\t\t\n\t\t\t\t\t<input id=\"elementor-search-form-1bb95f01\" placeholder=\"\" class=\"elementor-search-form__input\" type=\"search\" name=\"s\" value=\"\">\n\t\t\t\t\t<input type='hidden' name='lang' value='ls' \/>\n\t\t\t\t\t\t\t\t\t\t\t<button class=\"elementor-search-form__submit\" type=\"submit\" aria-label=\"Search\">\n\t\t\t\t\t\t\t\t\t\t\t\t\t\t\tSuche\t\t\t\t\t\t\t\t\t\t\t\t\t<\/button>\n\t\t\t\t\t\n\t\t\t\t\t\t\t\t\t<\/div>\n\t\t\t<\/form>\n\t\t<\/search>\n\t\t\t\t\t\t<\/div>\n\t\t\t\t\t<\/div>\n\t\t\t\t<\/div>\n\t\t<div class=\"elementor-element elementor-element-7ed4237c e-flex e-con-boxed e-con e-parent\" data-id=\"7ed4237c\" data-element_type=\"container\" data-e-type=\"container\">\n\t\t\t\t\t<div class=\"e-con-inner\">\n\t\t\t\t<div class=\"elementor-element elementor-element-4222f7a4 elementor-widget elementor-widget-heading\" data-id=\"4222f7a4\" data-element_type=\"widget\" data-e-type=\"widget\" data-widget_type=\"heading.default\">\n\t\t\t\t\t<h1 class=\"elementor-heading-title elementor-size-default\">Freiwilliges Engagement<\/h1>\t\t\t\t<\/div>\n\t\t\t\t\t<\/div>\n\t\t\t\t<\/div>\n\t\t<div class=\"elementor-element elementor-element-149c04d9 e-flex e-con-boxed e-con e-parent\" data-id=\"149c04d9\" data-element_type=\"container\" data-e-type=\"container\">\n\t\t\t\t\t<div class=\"e-con-inner\">\n\t\t<div class=\"elementor-element elementor-element-6af31b7a e-con-full e-flex e-con e-child\" data-id=\"6af31b7a\" data-element_type=\"container\" data-e-type=\"container\">\n\t\t<div class=\"elementor-element elementor-element-63cbf15 e-con-full e-flex e-con e-child\" data-id=\"63cbf15\" data-element_type=\"container\" data-e-type=\"container\" data-settings=\"{&quot;enabled_visibility&quot;:&quot;yes&quot;,&quot;dce_visibility_selected&quot;:&quot;yes&quot;}\">\n\t\t\t\t<div class=\"elementor-element elementor-element-b4603cb elementor-widget elementor-widget-text-editor\" data-id=\"b4603cb\" data-element_type=\"widget\" data-e-type=\"widget\" data-widget_type=\"text-editor.default\">\n\t\t\t\t\t\t\t\t\t<p><strong>Diese Seite ist<\/strong><strong>\u00a0nicht in Leichter Sprache.<\/strong><br \/>Sie haben Fragen oder verstehen etwas nicht?<br \/>Sprechen Sie uns an.<\/p>\t\t\t\t\t\t\t\t<\/div>\n\t\t\t\t<\/div>\n\t\t\t\t<div class=\"elementor-element elementor-element-604e925 elementor-widget elementor-widget-heading\" data-id=\"604e925\" data-element_type=\"widget\" data-e-type=\"widget\" data-widget_type=\"heading.default\">\n\t\t\t\t\t<div class=\"elementor-heading-title elementor-size-default\">Wir freuen uns auf Sie!<\/div>\t\t\t\t<\/div>\n\t\t\t\t<div class=\"elementor-element elementor-element-a00ba80 t_dot_list elementor-widget elementor-widget-text-editor\" data-id=\"a00ba80\" data-element_type=\"widget\" data-e-type=\"widget\" data-widget_type=\"text-editor.default\">\n\t\t\t\t\t\t\t\t\t<h2><strong>1. Ehrenamt<\/strong><\/h2><p>Sie haben Interesse an einem sinnstiftenden Ehrenamt bei aktion weitblick? Wir w\u00fcrden uns sehr freuen.<\/p><p>Bei aktion weitblick arbeiten viele Ehrenamtliche und zwar mit und ohne Behinderung. Ehrenamt ist unbezahltes Engagement, bei dem Sie Ihre Talente einbringen oder neue F\u00e4higkeiten entdecken, Ihre pers\u00f6nliche Kompetenz erweitern, Menschen kennenlernen und nat\u00fcrlich auch in vielf\u00e4ltigen Situationen unterst\u00fctzen k\u00f6nnen.<\/p><p><strong>M\u00f6gliche Aufgabengebiete:<\/strong><\/p><ul><li>Unterst\u00fctzung bei Ausfl\u00fcgen und Gruppenaktivit\u00e4ten<\/li><li>Begleitdienste<\/li><li>kreative \/ musische oder sportliche T\u00e4tigkeiten<\/li><li>Kochen und \/ oder hauswirtschaftliche T\u00e4tigkeiten<\/li><li>Spiele- oder Gespr\u00e4chsgruppen<\/li><li>Unterst\u00fctzung im Caf\u00e9 des Freizeitclubs<\/li><li>Mitarbeit bei der B\u00fcroorganisation<\/li><\/ul><p>Und nat\u00fcrlich k\u00f6nnen Sie auch Ihre eigenen Ideen einbringen.<\/p><p>Wir bieten:<\/p><ul><li>Die kostenlose Teilnahmem\u00f6glichkeit an interessanten Fortbildungen<\/li><li>Fundierte fachliche Anleitung<\/li><li>Unfallversicherung<\/li><li>Zertifikat zum Nachweis der ehrenamtlichen T\u00e4tigkeit<\/li><li>Ausstellung des Berliner Freiwilligenpasses<\/li><\/ul><p>Sie haben Interesse? Dann <a href=\"mailto:info@aktion-weitblick.de\">schreiben Sie uns Ihre W\u00fcnsche<\/a> und ihre zeitlichen M\u00f6glichkeiten, sich im Rahmen eines Ehrenamtes zu engagieren.<\/p>\t\t\t\t\t\t\t\t<\/div>\n\t\t\t\t<div class=\"elementor-element elementor-element-e39b961 t_dot_list elementor-widget elementor-widget-text-editor\" data-id=\"e39b961\" data-element_type=\"widget\" data-e-type=\"widget\" data-widget_type=\"text-editor.default\">\n\t\t\t\t\t\t\t\t\t<h2><strong>2. Bundesfreiwilligendienst<\/strong><\/h2><p>Im Rahmen des Bundesfreiwilligendienstes haben wir Einsatzpl\u00e4tze in unseren verschiedenen Standorten zu vergeben. Die T\u00e4tigkeit wird im Rahmen der <a href=\"http:\/\/www.bundesfreiwilligendienst-berlin-brandenburg.de\">Bestimmungen des Bundesfreiwilligendienstes<\/a> verg\u00fctet.<br \/>N\u00e4here Informationen finden Sie <a href=\"https:\/\/www.aktion-weitblick.de\/stellenangebote\/bundesfreiwilligendienst-suedwest-berlin\/\">hier<\/a>.<\/p>\t\t\t\t\t\t\t\t<\/div>\n\t\t\t\t<div class=\"elementor-element elementor-element-a99a0e2 t_dot_list elementor-widget elementor-widget-text-editor\" data-id=\"a99a0e2\" data-element_type=\"widget\" data-e-type=\"widget\" data-widget_type=\"text-editor.default\">\n\t\t\t\t\t\t\t\t\t<h2><strong>3. Spenden und Sachspenden<\/strong><\/h2><p>Wenn Sie unsere Einrichtung mit einer Geldspende unterst\u00fctzen m\u00f6chten, nutzen Sie bitte folgendes Konto:<\/p><p><strong>aktion weitblick gGmbH<\/strong><br \/><strong>Bank f\u00fcr Sozialwirtschaft Berlin, BLZ 10020500, Konto 3056900<\/strong><br \/><strong>IBAN: DE98100205000003056900<\/strong><br \/><strong>BIC: BFSWDE33BER<\/strong><br \/><strong>Kennwort: \u201eSpende Freizeitclub\u201c<\/strong><\/p><p>Wir stellen Ihnen gern eine Spendenquittung aus. Wenn Sie spenden m\u00f6chten aber noch Fragen haben, schreiben Sie uns doch einfach eine kurze Nachricht: <strong><a href=\"https:\/\/www.aktion-weitblick.de\/ueber-aktion-weitblick\/kontakt\/\">Kontakt<\/a><\/strong>.<\/p><p>Wir freuen uns auch sehr \u00fcber Sachspenden, wie z.B. intakte PCs und Zubeh\u00f6r, Spiele, Bastelmaterialien und \u00c4hnliches.<\/p>\t\t\t\t\t\t\t\t<\/div>\n\t\t\t\t<\/div>\n\t\t<div class=\"elementor-element elementor-element-17b9746c e-con-full e-flex e-con e-child\" data-id=\"17b9746c\" data-element_type=\"container\" data-e-type=\"container\">\n\t\t<div class=\"elementor-element elementor-element-561251a0 e-con-full e-flex e-con e-child\" data-id=\"561251a0\" data-element_type=\"container\" data-e-type=\"container\">\n\t\t<div class=\"elementor-element elementor-element-6d24cab5 e-flex e-con-boxed e-con e-child\" data-id=\"6d24cab5\" data-element_type=\"container\" data-e-type=\"container\" data-settings=\"{&quot;background_background&quot;:&quot;classic&quot;}\">\n\t\t\t\t\t<div class=\"e-con-inner\">\n\t\t\t\t<div class=\"elementor-element elementor-element-194121fa elementor-widget elementor-widget-global elementor-global-5489 elementor-widget-text-editor\" data-id=\"194121fa\" data-element_type=\"widget\" data-e-type=\"widget\" data-widget_type=\"text-editor.default\">\n\t\t\t\t\t\t\t\t\t<p><strong>Kontakt<\/strong><br \/>aktion weitblick \u2013<br \/>betreutes wohnen \u2013 gGmbH<br \/>Markelstr. 24a<br \/>12163 Berlin-Steglitz<br \/>Tel. 030 700 96 23 0<br \/><a href=\"mailto:post@aktion-weitblick.de\">E-Mail<\/a><\/p><p><strong>Gesch\u00e4ftszeiten<\/strong><br \/>Mo.-Do. 8.30 \u2013 16.00 Uhr<br \/>Freitag 8.30 \u2013 15.00 Uhr<\/p><p><strong>Bus und Bahn<\/strong><br \/>U9 Walther-Schreiber-Platz<br \/>S1 Feuerbachstra\u00dfe<br \/>Bus M48, M76, M85, 186<\/p>\t\t\t\t\t\t\t\t<\/div>\n\t\t\t\t\t<\/div>\n\t\t\t\t<\/div>\n\t\t\t\t<\/div>\n\t\t\t\t<\/div>\n\t\t\t\t\t<\/div>\n\t\t\t\t<\/div>\n\t\t\t\t<\/div>\n\t\t","protected":false},"excerpt":{"rendered":"<p>aktion weitblick &#8211;Wir f\u00f6rdern Selbstbestimmung und Teilhabe. Diese Seite ist\u00a0nicht in Leichter Sprache.Sie haben Fragen oder verstehen etwas nicht?Sprechen Sie uns an. Wir freuen uns auf Sie! 1. Ehrenamt Sie haben Interesse an einem sinnstiftenden Ehrenamt bei aktion weitblick? Wir w\u00fcrden uns sehr freuen. Bei aktion weitblick arbeiten viele Ehrenamtliche und zwar mit und ohne [&hellip;]<\/p>\n","protected":false},"author":8,"featured_media":12055,"parent":12437,"menu_order":18,"comment_status":"closed","ping_status":"closed","template":"","meta":{"_acf_changed":false,"footnotes":""},"class_list":["post-12521","page","type-page","status-publish","has-post-thumbnail","hentry"],"acf":[],"_links":{"self":[{"href":"https:\/\/www.aktion-weitblick.de\/ls\/wp-json\/wp\/v2\/pages\/12521","targetHints":{"allow":["GET"]}}],"collection":[{"href":"https:\/\/www.aktion-weitblick.de\/ls\/wp-json\/wp\/v2\/pages"}],"about":[{"href":"https:\/\/www.aktion-weitblick.de\/ls\/wp-json\/wp\/v2\/types\/page"}],"author":[{"embeddable":true,"href":"https:\/\/www.aktion-weitblick.de\/ls\/wp-json\/wp\/v2\/users\/8"}],"replies":[{"embeddable":true,"href":"https:\/\/www.aktion-weitblick.de\/ls\/wp-json\/wp\/v2\/comments?post=12521"}],"version-history":[{"count":2,"href":"https:\/\/www.aktion-weitblick.de\/ls\/wp-json\/wp\/v2\/pages\/12521\/revisions"}],"predecessor-version":[{"id":12528,"href":"https:\/\/www.aktion-weitblick.de\/ls\/wp-json\/wp\/v2\/pages\/12521\/revisions\/12528"}],"up":[{"embeddable":true,"href":"https:\/\/www.aktion-weitblick.de\/ls\/wp-json\/wp\/v2\/pages\/12437"}],"wp:featuredmedia":[{"embeddable":true,"href":"https:\/\/www.aktion-weitblick.de\/ls\/wp-json\/wp\/v2\/media\/12055"}],"wp:attachment":[{"href":"https:\/\/www.aktion-weitblick.de\/ls\/wp-json\/wp\/v2\/media?parent=12521"}],"curies":[{"name":"wp","href":"https:\/\/api.w.org\/{rel}","templated":true}]}}