{"id":12515,"date":"2020-01-29T17:56:31","date_gmt":"2020-01-29T16:56:31","guid":{"rendered":"https:\/\/www.aktion-weitblick.de\/ueber-uns\/partner\/"},"modified":"2025-12-07T17:55:06","modified_gmt":"2025-12-07T16:55:06","slug":"partner","status":"publish","type":"page","link":"https:\/\/www.aktion-weitblick.de\/ls\/ueber-aktion-weitblick\/partner\/","title":{"rendered":"Partner"},"content":{"rendered":"\t\t<div data-elementor-type=\"wp-page\" data-elementor-id=\"12515\" class=\"elementor elementor-12515 elementor-128\" data-elementor-post-type=\"page\">\n\t\t\t\t<div class=\"elementor-element elementor-element-29688038 e-flex e-con-boxed e-con e-parent\" data-id=\"29688038\" data-element_type=\"container\" data-e-type=\"container\" data-settings=\"{&quot;background_background&quot;:&quot;classic&quot;}\">\n\t\t\t\t\t<div class=\"e-con-inner\">\n\t\t<div class=\"elementor-element elementor-element-4e8b7f77 e-flex e-con-boxed e-con e-child\" data-id=\"4e8b7f77\" data-element_type=\"container\" data-e-type=\"container\" data-settings=\"{&quot;background_background&quot;:&quot;classic&quot;}\">\n\t\t\t\t\t<div class=\"e-con-inner\">\n\t\t<div class=\"elementor-element elementor-element-7fb7c81 e-con-full e-flex e-con e-child\" data-id=\"7fb7c81\" data-element_type=\"container\" data-e-type=\"container\" data-settings=\"{&quot;background_background&quot;:&quot;classic&quot;,&quot;position&quot;:&quot;absolute&quot;,&quot;animation&quot;:&quot;none&quot;}\">\n\t\t\t\t<div class=\"elementor-element elementor-element-3dbf4e5a elementor-widget elementor-widget-text-editor\" data-id=\"3dbf4e5a\" data-element_type=\"widget\" data-e-type=\"widget\" data-widget_type=\"text-editor.default\">\n\t\t\t\t\t\t\t\t\t<p>aktion weitblick &#8211;<br \/>Wir f\u00f6rdern Selbstbestimmung und Teilhabe.<\/p>\t\t\t\t\t\t\t\t<\/div>\n\t\t\t\t<\/div>\n\t\t\t\t<div class=\"elementor-element elementor-element-5ce6614b elementor-absolute elementor-widget elementor-widget-text-editor\" data-id=\"5ce6614b\" data-element_type=\"widget\" data-e-type=\"widget\" data-settings=\"{&quot;_position&quot;:&quot;absolute&quot;}\" data-widget_type=\"text-editor.default\">\n\t\t\t\t\t\t\t\t\t<nav class=\"breadcrumb\"><span class=\"current-page\">Partner<\/span><\/nav>\t\t\t\t\t\t\t\t<\/div>\n\t\t\t\t\t<\/div>\n\t\t\t\t<\/div>\n\t\t\t\t\t<\/div>\n\t\t\t\t<\/div>\n\t\t<div class=\"elementor-element elementor-element-2a9c2cc1 e-flex e-con-boxed e-con e-parent\" data-id=\"2a9c2cc1\" data-element_type=\"container\" data-e-type=\"container\" data-settings=\"{&quot;background_background&quot;:&quot;classic&quot;}\">\n\t\t\t\t\t<div class=\"e-con-inner\">\n\t\t\t\t<div class=\"elementor-element elementor-element-2802f53e elementor-search-form--button-type-text elementor-widget__width-initial elementor-search-form--skin-classic elementor-widget elementor-widget-global elementor-global-5545 elementor-widget-search-form\" data-id=\"2802f53e\" data-element_type=\"widget\" data-e-type=\"widget\" data-settings=\"{&quot;skin&quot;:&quot;classic&quot;}\" data-widget_type=\"search-form.default\">\n\t\t\t\t\t\t\t<search role=\"search\">\n\t\t\t<form class=\"elementor-search-form\" action=\"https:\/\/www.aktion-weitblick.de\/ls\/\" method=\"get\">\n\t\t\t\t\t\t\t\t\t\t\t\t<div class=\"elementor-search-form__container\">\n\t\t\t\t\t<label class=\"elementor-screen-only\" for=\"elementor-search-form-2802f53e\">Search<\/label>\n\n\t\t\t\t\t\n\t\t\t\t\t<input id=\"elementor-search-form-2802f53e\" placeholder=\"\" class=\"elementor-search-form__input\" type=\"search\" name=\"s\" value=\"\">\n\t\t\t\t\t<input type='hidden' name='lang' value='ls' \/>\n\t\t\t\t\t\t\t\t\t\t\t<button class=\"elementor-search-form__submit\" type=\"submit\" aria-label=\"Search\">\n\t\t\t\t\t\t\t\t\t\t\t\t\t\t\tSuche\t\t\t\t\t\t\t\t\t\t\t\t\t<\/button>\n\t\t\t\t\t\n\t\t\t\t\t\t\t\t\t<\/div>\n\t\t\t<\/form>\n\t\t<\/search>\n\t\t\t\t\t\t<\/div>\n\t\t\t\t\t<\/div>\n\t\t\t\t<\/div>\n\t\t<div class=\"elementor-element elementor-element-4d2712bb e-flex e-con-boxed e-con e-parent\" data-id=\"4d2712bb\" data-element_type=\"container\" data-e-type=\"container\">\n\t\t\t\t\t<div class=\"e-con-inner\">\n\t\t\t\t<div class=\"elementor-element elementor-element-15ce1dd6 elementor-widget elementor-widget-heading\" data-id=\"15ce1dd6\" data-element_type=\"widget\" data-e-type=\"widget\" data-widget_type=\"heading.default\">\n\t\t\t\t\t<h1 class=\"elementor-heading-title elementor-size-default\">Partner<\/h1>\t\t\t\t<\/div>\n\t\t\t\t\t<\/div>\n\t\t\t\t<\/div>\n\t\t<div class=\"elementor-element elementor-element-49598c97 e-flex e-con-boxed e-con e-parent\" data-id=\"49598c97\" data-element_type=\"container\" data-e-type=\"container\">\n\t\t\t\t\t<div class=\"e-con-inner\">\n\t\t<div class=\"elementor-element elementor-element-773eca1c e-con-full e-flex e-con e-child\" data-id=\"773eca1c\" data-element_type=\"container\" data-e-type=\"container\">\n\t\t<div class=\"elementor-element elementor-element-693d106 e-con-full e-flex e-con e-child\" data-id=\"693d106\" data-element_type=\"container\" data-e-type=\"container\" data-settings=\"{&quot;enabled_visibility&quot;:&quot;yes&quot;,&quot;dce_visibility_selected&quot;:&quot;yes&quot;}\">\n\t\t\t\t<div class=\"elementor-element elementor-element-74ce94b elementor-widget elementor-widget-text-editor\" data-id=\"74ce94b\" data-element_type=\"widget\" data-e-type=\"widget\" data-widget_type=\"text-editor.default\">\n\t\t\t\t\t\t\t\t\t<p><strong>Diese Seite ist<\/strong><strong>\u00a0nicht in Leichter Sprache.<\/strong><br \/>Sie haben Fragen oder verstehen etwas nicht?<br \/>Sprechen Sie uns an.<\/p>\t\t\t\t\t\t\t\t<\/div>\n\t\t\t\t<\/div>\n\t\t\t\t<div class=\"elementor-element elementor-element-5cdc18d elementor-widget elementor-widget-text-editor\" data-id=\"5cdc18d\" data-element_type=\"widget\" data-e-type=\"widget\" data-widget_type=\"text-editor.default\">\n\t\t\t\t\t\t\t\t\t<h3><strong>Gemeinsam sind wir stark.<\/strong><\/h3><p>aktion weitblick arbeitet in enger Partnerschaft mit zahlreichen Institutionen und Organisationen. Wir erg\u00e4nzen und unterst\u00fctzen uns gegenseitig. Auf diese Weise ist es uns m\u00f6glich, ein H\u00f6chstma\u00df an Qualit\u00e4t bei unseren Betreuten Wohnangeboten sicherzustellen.<\/p><p><strong>Aktion Mensch<br \/><\/strong>aktion weitblick beteiligt sich j\u00e4hrlich an einem Projekt zum 5. Mai, dem Aktionstag der Menschen mit Behinderungen. Aktion Mensch stellt hierf\u00fcr Mittel zur Verf\u00fcgung.<br \/><a href=\"https:\/\/www.aktion-mensch.de\/projekte-engagieren-und-foerdern.html\" target=\"_blank\" rel=\"noreferrer noopener\">Webseite<\/a><\/p><p><strong>berliner STARThilfe e.V.<\/strong><br \/>Freier Tr\u00e4ger der Behindertenhilfe, unser Partner in der nueva-Qualit\u00e4tsgemeinschaft und Projekt \u201er\u00fcckenwind\u201c zum betrieblichen Gesundheitsmanagement.<br \/><a href=\"http:\/\/www.berlinerstarthilfe.org\/\" target=\"_blank\" rel=\"noreferrer noopener\">Webseite<\/a><\/p><p><strong>Das Blaue Kamel<br \/><\/strong>Wir sind Mitglied beim Berliner Aktionsb\u00fcndnis f\u00fcr Menschen mit Behinderungen Das blaue Kamel.<br \/><a href=\"http:\/\/www.das-blaue-kamel.de\/207.html\" target=\"_blank\" rel=\"noreferrer noopener\">Webseite<\/a><\/p><p><strong>Deutscher Parit\u00e4tischer Wohlfahrtsverband<\/strong><br \/>aktion weitblick ist Mitglied im Parit\u00e4tischen Wohlfahrtsverband Berlin, dem Dach- und Spitzenverband der freien Wohlfahrtspflege. Unter diesem Dach sind rund 700 eigenst\u00e4ndige, gemeinn\u00fctzige Organisationen und Selbsthilfegruppen zusammengeschlossen.<br \/><a href=\"http:\/\/www.paritaet-berlin.de\/\" target=\"_blank\" rel=\"noreferrer noopener\">Webseite <\/a><\/p><p><strong>capito berlin<\/strong><br \/>capito berlin erstellt barrierefreie Informationen. F\u00fcr Menschen mit Lernschwierigkeiten hei\u00dft das: Texte werden in Leichte Sprache \u00fcbersetzt.<br \/>aktion weitblick ist Qualit\u00e4tspartner von capito berlin.<br \/><a href=\"http:\/\/www.capito-berlin.eu\/\" target=\"_blank\" rel=\"noreferrer noopener\">Webseite <\/a><\/p><p><strong>F\u00fcrst Donnersmarck-Stiftung<br \/><\/strong>Die F\u00fcrst Donnersmarck-Stiftung schafft Angebote mit und f\u00fcr Menschen mit Behinderung.<br \/><a href=\"http:\/\/www.fdst.de\/\" target=\"_blank\" rel=\"noreferrer noopener\">Webseite<\/a><\/p><p><strong>GETEQ-nueva<\/strong><br \/>Nueva evaluiert soziale Dienstleistungen f\u00fcr Menschen mit Lernschwierigkeiten und Behinderungen.<br \/>aktion weitblick ist Partner der Qualit\u00e4tsgemeinschaft GETEC-nueva Berlin.<br \/><a href=\"http:\/\/geteq-nueva.de\/\" target=\"_blank\" rel=\"noreferrer noopener\">Webseite<\/a><\/p><p><strong>ISP Freizeitprojekte<br \/><\/strong>Freizeitprojekte f\u00fcr Menschen mit und ohne Behinderungen des Integrierten Sozialprogramms (ISP) Berlin \u2013 ein Zusammenschluss der Berliner Freizeitangebote mit integrativem Anspruch. Der Freizeitclub von aktion weitblick geh\u00f6rt dazu.<br \/><a href=\"http:\/\/www.isp-freizeitprojekte.de\" target=\"_blank\" rel=\"noreferrer noopener\">Webseite<\/a><\/p><p><strong>Kulturleben<\/strong><br \/>Kulturleben Berlin setzt sich aktiv f\u00fcr kulturelle Teilhabe, indem sie freie Kulturpl\u00e4tze kostenlos an Menschen mit geringem Einkommen vermittelt. aktion weitblick ist sozialer Partner.<br \/><a href=\"http:\/\/www.kulturleben-berlin.de\/\" target=\"_blank\" rel=\"noreferrer noopener\">Webseite<\/a><\/p><p><strong>Lotse Berlin<\/strong><br \/>Lotse Berlin vermittelt und ber\u00e4t zu Pl\u00e4tzen im betreuten Wohnen. aktion weitblick ist einer der Projekttr\u00e4ger von Lotse-Berlin. <br \/><a href=\"https:\/\/www.aktion-weitblick.de\/lotse-berlin-stellt-zum-jahresende-das-beratungsangebot-ein\/\">(Lotse stellt am 1.1.2026 das Beratungsangebot ein.)<\/a><br \/><br \/><strong>Mensch zuerst \u2013 Netzwerk People First Deutschland e.V. <\/strong><br \/>Mensch zuerst ist ein Verein von und f\u00fcr Menschen mit Lern-Schwierigkeiten. Wir sind F\u00f6rder-Mitglied.<br \/>Die Berliner Gruppe trifft sich jeden 3. Freitag im Monat im Laden von aktion weitblick Neuk\u00f6lln, Erkstra\u00dfe 19, 12043 Berlin<br \/><a href=\"http:\/\/www.menschzuerst.de\" target=\"_blank\" rel=\"noreferrer noopener\">Webseite<\/a><\/p><p><strong>Die reha e.V.<\/strong><br \/>Der reha e.V. ist freier Tr\u00e4ger der Behindertenhilfe und unser Partner in der nueva-Qualit\u00e4tsgemeinschaft und beim Projekt \u201er\u00fcckenwind\u201c zum betrieblichen Gesundheitsmanagement.<br \/><a href=\"https:\/\/diereha.de\/\" target=\"_blank\" rel=\"noreferrer noopener\">Webseite<\/a><\/p>\t\t\t\t\t\t\t\t<\/div>\n\t\t\t\t<\/div>\n\t\t<div class=\"elementor-element elementor-element-516c5ddb e-con-full e-flex e-con e-child\" data-id=\"516c5ddb\" data-element_type=\"container\" data-e-type=\"container\">\n\t\t<div class=\"elementor-element elementor-element-46d1ee56 e-con-full e-flex e-con e-child\" data-id=\"46d1ee56\" data-element_type=\"container\" data-e-type=\"container\">\n\t\t<div class=\"elementor-element elementor-element-7b1ac242 e-flex e-con-boxed e-con e-child\" data-id=\"7b1ac242\" data-element_type=\"container\" data-e-type=\"container\" data-settings=\"{&quot;background_background&quot;:&quot;classic&quot;}\">\n\t\t\t\t\t<div class=\"e-con-inner\">\n\t\t\t\t<div class=\"elementor-element elementor-element-5a94e577 elementor-widget elementor-widget-global elementor-global-5489 elementor-widget-text-editor\" data-id=\"5a94e577\" data-element_type=\"widget\" data-e-type=\"widget\" data-widget_type=\"text-editor.default\">\n\t\t\t\t\t\t\t\t\t<p><strong>Kontakt<\/strong><br \/>aktion weitblick \u2013<br \/>betreutes wohnen \u2013 gGmbH<br \/>Markelstr. 24a<br \/>12163 Berlin-Steglitz<br \/>Tel. 030 700 96 23 0<br \/><a href=\"mailto:post@aktion-weitblick.de\">E-Mail<\/a><\/p><p><strong>Gesch\u00e4ftszeiten<\/strong><br \/>Mo.-Do. 8.30 \u2013 16.00 Uhr<br \/>Freitag 8.30 \u2013 15.00 Uhr<\/p><p><strong>Bus und Bahn<\/strong><br \/>U9 Walther-Schreiber-Platz<br \/>S1 Feuerbachstra\u00dfe<br \/>Bus M48, M76, M85, 186<\/p>\t\t\t\t\t\t\t\t<\/div>\n\t\t\t\t\t<\/div>\n\t\t\t\t<\/div>\n\t\t\t\t<\/div>\n\t\t\t\t<\/div>\n\t\t\t\t\t<\/div>\n\t\t\t\t<\/div>\n\t\t\t\t<\/div>\n\t\t","protected":false},"excerpt":{"rendered":"<p>aktion weitblick &#8211; Wir f\u00f6rdern Selbstbestimmung und Teilhabe. Diese Seite ist\u00a0nicht in Leichter Sprache. Sie haben Fragen oder verstehen etwas nicht? Sprechen Sie uns an. Gemeinsam sind wir stark. aktion weitblick arbeitet in enger Partnerschaft mit zahlreichen Institutionen und Organisationen. Wir erg\u00e4nzen und unterst\u00fctzen uns gegenseitig. Auf diese Weise ist es uns m\u00f6glich, ein H\u00f6chstma\u00df [&hellip;]<\/p>\n","protected":false},"author":8,"featured_media":12055,"parent":12437,"menu_order":15,"comment_status":"closed","ping_status":"closed","template":"","meta":{"_acf_changed":false,"footnotes":""},"class_list":["post-12515","page","type-page","status-publish","has-post-thumbnail","hentry"],"acf":[],"_links":{"self":[{"href":"https:\/\/www.aktion-weitblick.de\/ls\/wp-json\/wp\/v2\/pages\/12515","targetHints":{"allow":["GET"]}}],"collection":[{"href":"https:\/\/www.aktion-weitblick.de\/ls\/wp-json\/wp\/v2\/pages"}],"about":[{"href":"https:\/\/www.aktion-weitblick.de\/ls\/wp-json\/wp\/v2\/types\/page"}],"author":[{"embeddable":true,"href":"https:\/\/www.aktion-weitblick.de\/ls\/wp-json\/wp\/v2\/users\/8"}],"replies":[{"embeddable":true,"href":"https:\/\/www.aktion-weitblick.de\/ls\/wp-json\/wp\/v2\/comments?post=12515"}],"version-history":[{"count":1,"href":"https:\/\/www.aktion-weitblick.de\/ls\/wp-json\/wp\/v2\/pages\/12515\/revisions"}],"predecessor-version":[{"id":12516,"href":"https:\/\/www.aktion-weitblick.de\/ls\/wp-json\/wp\/v2\/pages\/12515\/revisions\/12516"}],"up":[{"embeddable":true,"href":"https:\/\/www.aktion-weitblick.de\/ls\/wp-json\/wp\/v2\/pages\/12437"}],"wp:featuredmedia":[{"embeddable":true,"href":"https:\/\/www.aktion-weitblick.de\/ls\/wp-json\/wp\/v2\/media\/12055"}],"wp:attachment":[{"href":"https:\/\/www.aktion-weitblick.de\/ls\/wp-json\/wp\/v2\/media?parent=12515"}],"curies":[{"name":"wp","href":"https:\/\/api.w.org\/{rel}","templated":true}]}}