{"id":12475,"date":"2020-04-03T13:24:22","date_gmt":"2020-04-03T11:24:22","guid":{"rendered":"https:\/\/www.aktion-weitblick.de\/ueber-uns\/transparenz\/"},"modified":"2026-02-12T10:13:00","modified_gmt":"2026-02-12T09:13:00","slug":"transparenz","status":"publish","type":"page","link":"https:\/\/www.aktion-weitblick.de\/ls\/ueber-aktion-weitblick\/transparenz\/","title":{"rendered":"Transparenz"},"content":{"rendered":"\t\t<div data-elementor-type=\"wp-page\" data-elementor-id=\"12475\" class=\"elementor elementor-12475 elementor-1580\" data-elementor-post-type=\"page\">\n\t\t\t\t<div class=\"elementor-element elementor-element-5911d4cf e-flex e-con-boxed e-con e-parent\" data-id=\"5911d4cf\" data-element_type=\"container\" data-e-type=\"container\" data-settings=\"{&quot;background_background&quot;:&quot;classic&quot;}\">\n\t\t\t\t\t<div class=\"e-con-inner\">\n\t\t<div class=\"elementor-element elementor-element-56516fc e-flex e-con-boxed e-con e-child\" data-id=\"56516fc\" data-element_type=\"container\" data-e-type=\"container\" data-settings=\"{&quot;background_background&quot;:&quot;classic&quot;}\">\n\t\t\t\t\t<div class=\"e-con-inner\">\n\t\t<div class=\"elementor-element elementor-element-f6b872a e-con-full e-flex e-con e-child\" data-id=\"f6b872a\" data-element_type=\"container\" data-e-type=\"container\" data-settings=\"{&quot;background_background&quot;:&quot;classic&quot;,&quot;position&quot;:&quot;absolute&quot;,&quot;animation&quot;:&quot;none&quot;}\">\n\t\t\t\t<div class=\"elementor-element elementor-element-c28ef9b elementor-widget elementor-widget-text-editor\" data-id=\"c28ef9b\" data-element_type=\"widget\" data-e-type=\"widget\" data-widget_type=\"text-editor.default\">\n\t\t\t\t\t\t\t\t\t<p>aktion weitblick &#8211;<br \/>Wir f\u00f6rdern Selbstbestimmung und Teilhabe.<\/p>\t\t\t\t\t\t\t\t<\/div>\n\t\t\t\t<\/div>\n\t\t\t\t<div class=\"elementor-element elementor-element-23b6d79c elementor-absolute elementor-widget elementor-widget-text-editor\" data-id=\"23b6d79c\" data-element_type=\"widget\" data-e-type=\"widget\" data-settings=\"{&quot;_position&quot;:&quot;absolute&quot;}\" data-widget_type=\"text-editor.default\">\n\t\t\t\t\t\t\t\t\t<nav class=\"breadcrumb\"><span class=\"current-page\">Transparenz<\/span><\/nav>\t\t\t\t\t\t\t\t<\/div>\n\t\t\t\t\t<\/div>\n\t\t\t\t<\/div>\n\t\t\t\t\t<\/div>\n\t\t\t\t<\/div>\n\t\t<div class=\"elementor-element elementor-element-16e45d0b e-flex e-con-boxed e-con e-parent\" data-id=\"16e45d0b\" data-element_type=\"container\" data-e-type=\"container\" data-settings=\"{&quot;background_background&quot;:&quot;classic&quot;}\">\n\t\t\t\t\t<div class=\"e-con-inner\">\n\t\t\t\t<div class=\"elementor-element elementor-element-174933df elementor-search-form--button-type-text elementor-widget__width-initial elementor-search-form--skin-classic elementor-widget elementor-widget-global elementor-global-5545 elementor-widget-search-form\" data-id=\"174933df\" data-element_type=\"widget\" data-e-type=\"widget\" data-settings=\"{&quot;skin&quot;:&quot;classic&quot;}\" data-widget_type=\"search-form.default\">\n\t\t\t\t\t\t\t<search role=\"search\">\n\t\t\t<form class=\"elementor-search-form\" action=\"https:\/\/www.aktion-weitblick.de\/ls\/\" method=\"get\">\n\t\t\t\t\t\t\t\t\t\t\t\t<div class=\"elementor-search-form__container\">\n\t\t\t\t\t<label class=\"elementor-screen-only\" for=\"elementor-search-form-174933df\">Search<\/label>\n\n\t\t\t\t\t\n\t\t\t\t\t<input id=\"elementor-search-form-174933df\" placeholder=\"\" class=\"elementor-search-form__input\" type=\"search\" name=\"s\" value=\"\">\n\t\t\t\t\t<input type='hidden' name='lang' value='ls' \/>\n\t\t\t\t\t\t\t\t\t\t\t<button class=\"elementor-search-form__submit\" type=\"submit\" aria-label=\"Search\">\n\t\t\t\t\t\t\t\t\t\t\t\t\t\t\tSuche\t\t\t\t\t\t\t\t\t\t\t\t\t<\/button>\n\t\t\t\t\t\n\t\t\t\t\t\t\t\t\t<\/div>\n\t\t\t<\/form>\n\t\t<\/search>\n\t\t\t\t\t\t<\/div>\n\t\t\t\t\t<\/div>\n\t\t\t\t<\/div>\n\t\t<div class=\"elementor-element elementor-element-5b3dd9bf e-flex e-con-boxed e-con e-parent\" data-id=\"5b3dd9bf\" data-element_type=\"container\" data-e-type=\"container\">\n\t\t\t\t\t<div class=\"e-con-inner\">\n\t\t\t\t<div class=\"elementor-element elementor-element-195130ca elementor-widget elementor-widget-heading\" data-id=\"195130ca\" data-element_type=\"widget\" data-e-type=\"widget\" data-widget_type=\"heading.default\">\n\t\t\t\t\t<h1 class=\"elementor-heading-title elementor-size-default\">Transparenz<\/h1>\t\t\t\t<\/div>\n\t\t\t\t\t<\/div>\n\t\t\t\t<\/div>\n\t\t<div class=\"elementor-element elementor-element-3390bb83 e-flex e-con-boxed e-con e-parent\" data-id=\"3390bb83\" data-element_type=\"container\" data-e-type=\"container\">\n\t\t\t\t\t<div class=\"e-con-inner\">\n\t\t<div class=\"elementor-element elementor-element-56c8d9d4 e-con-full e-flex e-con e-child\" data-id=\"56c8d9d4\" data-element_type=\"container\" data-e-type=\"container\">\n\t\t<div class=\"elementor-element elementor-element-838ba8e e-con-full e-flex e-con e-child\" data-id=\"838ba8e\" data-element_type=\"container\" data-e-type=\"container\" data-settings=\"{&quot;enabled_visibility&quot;:&quot;yes&quot;,&quot;dce_visibility_selected&quot;:&quot;yes&quot;}\">\n\t\t\t\t<div class=\"elementor-element elementor-element-6696c50 elementor-widget elementor-widget-text-editor\" data-id=\"6696c50\" data-element_type=\"widget\" data-e-type=\"widget\" data-widget_type=\"text-editor.default\">\n\t\t\t\t\t\t\t\t\t<p><strong>Diese Seite ist eine rechtliche Information.<\/strong><br \/><strong>Sie ist nicht in Leichter Sprache.<\/strong><br \/>Sie haben Fragen oder verstehen etwas nicht?<br \/>Sprechen Sie uns an.<\/p>\t\t\t\t\t\t\t\t<\/div>\n\t\t\t\t<\/div>\n\t\t\t\t<div class=\"elementor-element elementor-element-6e42dcbc elementor-widget elementor-widget-text-editor\" data-id=\"6e42dcbc\" data-element_type=\"widget\" data-e-type=\"widget\" data-widget_type=\"text-editor.default\">\n\t\t\t\t\t\t\t\t\t<h2>Selbstverpflichtung zur Transparenz<\/h2><p>Die aktion weitblick \u2013 betreutes wohnen \u2013 gGmbH hat sich der <a href=\"https:\/\/www.transparente-zivilgesellschaft.de\" target=\"_blank\" rel=\"noreferrer noopener\">Initiative Transparente Zivilgesellschaft<\/a> von Transparency International Deutschland angeschlossen. Wir haben uns dadurch zur h\u00f6chstm\u00f6glichen Transparenz verpflichtet und stellen in diesem Zusammenhang folgende Informationen zur Verf\u00fcgung.<\/p><h3>1. Name, Sitz, Anschrift und Gr\u00fcndungsjahr<\/h3><p>aktion weitblick \u2013 betreutes wohnen \u2013 gGmbH<br \/>Markelstrasse 24 a<br \/>12163 Berlin<\/p><p>Die aktion weitblick \u2013 betreutes wohnen \u2013 gGmbH wurde 1996 gegr\u00fcndet und ist 100% Tochter der Stiftung weitblick (anerkannte Stiftung b\u00fcrgerlichen Rechts). Die Stiftung weitblick wurde am 07.12.2023 anerkannt.<\/p><p>Ansprechperson f\u00fcr die ITZ:<br \/>Andreas Spuhl<br \/><a href=\"mailto:post@aktion-weitblick.de\">post@aktion-weitblick.de<\/a><br \/>Telefon: 030 700 96 23 0<\/p><h3>2. Vollst\u00e4ndige Satzung sowie Angaben zu den Zielen unserer Organisation<\/h3><ol><li><a href=\"https:\/\/www.aktion-weitblick.de\/wp-content\/uploads\/2020\/05\/satzung-neu.pdf\">Satzung (pdf)<\/a><\/li><li><a href=\"https:\/\/www.aktion-weitblick.de\/wp-content\/uploads\/2020\/05\/AW_Leitbild_2017.pdf\">Leitbild (pdf)<\/a><\/li><\/ol><h3>3. Angaben zur Steuerbeg\u00fcnstigung<\/h3><p>Die aktion weitblick \u2013 betreutes wohnen \u2013 gGmbH ist nach dem Freistellungsbescheid des Finanzamts f\u00fcr K\u00f6rperschaften I <strong>(Steuernummer 27\/611\/00169) <\/strong>vom <strong>24.09.2025<\/strong> nach \u00a7 5 Abs. 1 Nr. 9 KSTG von der K\u00f6rperschaftssteuer und nach \u00a7 3 Nr.6 GewSTG von der Gewerbesteuer befreit, weil sie ausschlie\u00dflich und unmittelbar steuerbeg\u00fcnstigten gemeinn\u00fctzigen und mildt\u00e4tigen Zwecken im Sinne der \u00a7\u00a7 51ff.AO dient. Der Veranlagungszeitraum f\u00fcr den Bescheid ist 2023.<br \/>Der Freistellungsbescheid kann jederzeit bei der\u00a0aktion weitblick \u2013 betreutes wohnen \u2013 gGmbH eingesehen werden.<em>\u00a0<\/em>Die Satzungszwecke entsprechen\u00a0\u00a7 52 Abs. 2 Satz 1 Nr. 10 AO.<\/p><h3>4. Name und Funktion wesentlicher Funktionstr\u00e4ger<\/h3><p>Gesch\u00e4ftsf\u00fchrerin: Frau Gabriela B\u00e4umker<\/p><p>Gesellschafter der aktion weitblick \u2013 betreutes wohnen \u2013 gGmbH ist die Stiftung weitblick, Stiftungsvorst\u00e4ndin: Gabriela B\u00e4umker.<\/p><h3>5. Bericht \u00fcber T\u00e4tigkeiten<\/h3><p>Lagebericht \/ Jahresabschlu\u00df 2024 siehe <a href=\"https:\/\/www.unternehmensregister.de\/de\/suche\/alle-bereiche\" target=\"_blank\" rel=\"noopener\">Unternehmensregister<\/a><\/p><h3>6. Personalstruktur am 15.11.2025<\/h3><p>Hauptamtliche Mitarbeiter: 148<\/p><h3>7. Angaben zur Mittelherkunft<\/h3><p>Jahresabschluss 2024 siehe <a href=\"https:\/\/www.unternehmensregister.de\/de\/suche\/alle-bereiche\" target=\"_blank\" rel=\"noopener\">Unternehmensregister<\/a><\/p><h3>8. Angaben zur Mittelverwendung<\/h3><p>Jahresabschluss 2024 siehe <a href=\"https:\/\/www.unternehmensregister.de\/de\/suche\/alle-bereiche\" target=\"_blank\" rel=\"noopener\">Unternehmensregister<\/a><\/p><h3>9. Gesellschaftsrechtliche Verbindungen<\/h3><ul><li>Die Stiftung weitblick ist 100 % Eigent\u00fcmer der aktion weitblick gGmbH.<\/li><li>aktion weitblick \u2013 betreutes wohnen \u2013 gGmbH ist als Gesellschafter mit einem Gesch\u00e4ftsanteil in H\u00f6he von 3.000,00 \u20ac an der GETEQ Gesellschaft f\u00fcr teilhabeorientiertes Qualit\u00e4tsmanagement mbH beteiligt.<\/li><li>aktion weitblick \u2013 betreutes wohnen \u2013 gGmbH\u00a0 ist als Genossenschaftsmitglied an der Genius Wohnbau eG beteiligt.<\/li><\/ul><p>Mitgliedschaften mit Beitr\u00e4gen \u00fcber 1.000,00 \u20ac:<\/p><ul><li>Deutscher Parit\u00e4tischer Wohlfahrtsverband e. V., Landesverband Berlin<\/li><li>Genius Wohnbau eG<\/li><\/ul><h3>10. Namen von Personen, deren j\u00e4hrliche Zuwendung mehr als zehn Prozent unserer Jahreseinnahmen ausmachen<\/h3><p>Bei der aktion weitblick gGmbH gibt es keine Personen, deren j\u00e4hrliche Zuwendung mehr als zehn Prozent der Jahreseinnahmen betr\u00e4gt.<\/p><p>Angaben zu entsprechenden Spenden von nat\u00fcrlichen Personen werden nach Zustimmung derselben ver\u00f6ffentlicht, in jedem Fall aber als \u201eGro\u00dfspenden von Privatpersonen\u201c gekennzeichnet<\/p>\t\t\t\t\t\t\t\t<\/div>\n\t\t\t\t<\/div>\n\t\t<div class=\"elementor-element elementor-element-7f8ac1b7 e-con-full e-flex e-con e-child\" data-id=\"7f8ac1b7\" data-element_type=\"container\" data-e-type=\"container\">\n\t\t<div class=\"elementor-element elementor-element-2476584c e-con-full e-flex e-con e-child\" data-id=\"2476584c\" data-element_type=\"container\" data-e-type=\"container\">\n\t\t<div class=\"elementor-element elementor-element-59ee8e44 e-flex e-con-boxed e-con e-child\" data-id=\"59ee8e44\" data-element_type=\"container\" data-e-type=\"container\" data-settings=\"{&quot;background_background&quot;:&quot;classic&quot;}\">\n\t\t\t\t\t<div class=\"e-con-inner\">\n\t\t\t\t<div class=\"elementor-element elementor-element-456b418 elementor-widget elementor-widget-global elementor-global-5489 elementor-widget-text-editor\" data-id=\"456b418\" data-element_type=\"widget\" data-e-type=\"widget\" data-widget_type=\"text-editor.default\">\n\t\t\t\t\t\t\t\t\t<p><strong>Kontakt<\/strong><br \/>aktion weitblick \u2013<br \/>betreutes wohnen \u2013 gGmbH<br \/>Markelstr. 24a<br \/>12163 Berlin-Steglitz<br \/>Tel. 030 700 96 23 0<br \/><a href=\"mailto:post@aktion-weitblick.de\">E-Mail<\/a><\/p><p><strong>Gesch\u00e4ftszeiten<\/strong><br \/>Mo.-Do. 8.30 \u2013 16.00 Uhr<br \/>Freitag 8.30 \u2013 15.00 Uhr<\/p><p><strong>Bus und Bahn<\/strong><br \/>U9 Walther-Schreiber-Platz<br \/>S1 Feuerbachstra\u00dfe<br \/>Bus M48, M76, M85, 186<\/p>\t\t\t\t\t\t\t\t<\/div>\n\t\t\t\t\t<\/div>\n\t\t\t\t<\/div>\n\t\t\t\t<\/div>\n\t\t\t\t<\/div>\n\t\t\t\t\t<\/div>\n\t\t\t\t<\/div>\n\t\t\t\t<\/div>\n\t\t","protected":false},"excerpt":{"rendered":"<p>aktion weitblick &#8211;Wir f\u00f6rdern Selbstbestimmung und Teilhabe. Diese Seite ist eine rechtliche Information.Sie ist nicht in Leichter Sprache.Sie haben Fragen oder verstehen etwas nicht?Sprechen Sie uns an. Selbstverpflichtung zur Transparenz Die aktion weitblick \u2013 betreutes wohnen \u2013 gGmbH hat sich der Initiative Transparente Zivilgesellschaft von Transparency International Deutschland angeschlossen. Wir haben uns dadurch zur h\u00f6chstm\u00f6glichen [&hellip;]<\/p>\n","protected":false},"author":8,"featured_media":12055,"parent":12437,"menu_order":14,"comment_status":"closed","ping_status":"closed","template":"","meta":{"_acf_changed":false,"footnotes":""},"class_list":["post-12475","page","type-page","status-publish","has-post-thumbnail","hentry"],"acf":[],"_links":{"self":[{"href":"https:\/\/www.aktion-weitblick.de\/ls\/wp-json\/wp\/v2\/pages\/12475","targetHints":{"allow":["GET"]}}],"collection":[{"href":"https:\/\/www.aktion-weitblick.de\/ls\/wp-json\/wp\/v2\/pages"}],"about":[{"href":"https:\/\/www.aktion-weitblick.de\/ls\/wp-json\/wp\/v2\/types\/page"}],"author":[{"embeddable":true,"href":"https:\/\/www.aktion-weitblick.de\/ls\/wp-json\/wp\/v2\/users\/8"}],"replies":[{"embeddable":true,"href":"https:\/\/www.aktion-weitblick.de\/ls\/wp-json\/wp\/v2\/comments?post=12475"}],"version-history":[{"count":5,"href":"https:\/\/www.aktion-weitblick.de\/ls\/wp-json\/wp\/v2\/pages\/12475\/revisions"}],"predecessor-version":[{"id":13373,"href":"https:\/\/www.aktion-weitblick.de\/ls\/wp-json\/wp\/v2\/pages\/12475\/revisions\/13373"}],"up":[{"embeddable":true,"href":"https:\/\/www.aktion-weitblick.de\/ls\/wp-json\/wp\/v2\/pages\/12437"}],"wp:featuredmedia":[{"embeddable":true,"href":"https:\/\/www.aktion-weitblick.de\/ls\/wp-json\/wp\/v2\/media\/12055"}],"wp:attachment":[{"href":"https:\/\/www.aktion-weitblick.de\/ls\/wp-json\/wp\/v2\/media?parent=12475"}],"curies":[{"name":"wp","href":"https:\/\/api.w.org\/{rel}","templated":true}]}}