{"id":12437,"date":"2025-12-07T16:33:07","date_gmt":"2025-12-07T15:33:07","guid":{"rendered":"https:\/\/www.aktion-weitblick.de\/ueber-uns\/"},"modified":"2026-02-12T10:21:01","modified_gmt":"2026-02-12T09:21:01","slug":"ueber-aktion-weitblick","status":"publish","type":"page","link":"https:\/\/www.aktion-weitblick.de\/ls\/ueber-aktion-weitblick\/","title":{"rendered":"\u00dcber uns"},"content":{"rendered":"\t\t<div data-elementor-type=\"wp-page\" data-elementor-id=\"12437\" class=\"elementor elementor-12437 elementor-122\" data-elementor-post-type=\"page\">\n\t\t\t\t<div class=\"elementor-element elementor-element-62dc4261 e-flex e-con-boxed e-con e-parent\" data-id=\"62dc4261\" data-element_type=\"container\" data-e-type=\"container\" data-settings=\"{&quot;background_background&quot;:&quot;classic&quot;}\">\n\t\t\t\t\t<div class=\"e-con-inner\">\n\t\t<div class=\"elementor-element elementor-element-4faff6bb e-flex e-con-boxed e-con e-child\" data-id=\"4faff6bb\" data-element_type=\"container\" data-e-type=\"container\" data-settings=\"{&quot;background_background&quot;:&quot;classic&quot;}\">\n\t\t\t\t\t<div class=\"e-con-inner\">\n\t\t<div class=\"elementor-element elementor-element-eae1fba e-con-full e-flex e-con e-child\" data-id=\"eae1fba\" data-element_type=\"container\" data-e-type=\"container\" data-settings=\"{&quot;background_background&quot;:&quot;classic&quot;,&quot;position&quot;:&quot;absolute&quot;,&quot;animation&quot;:&quot;none&quot;}\">\n\t\t\t\t<div class=\"elementor-element elementor-element-5c6ed18 elementor-widget elementor-widget-text-editor\" data-id=\"5c6ed18\" data-element_type=\"widget\" data-e-type=\"widget\" data-widget_type=\"text-editor.default\">\n\t\t\t\t\t\t\t\t\t<p>aktion weitblick &#8211;<br>F\u00fcr Selbst\u00b7bestimmung und Teil\u00b7habe.<\/p>\t\t\t\t\t\t\t\t<\/div>\n\t\t\t\t<\/div>\n\t\t\t\t<div class=\"elementor-element elementor-element-51e52ea4 elementor-absolute elementor-widget elementor-widget-text-editor\" data-id=\"51e52ea4\" data-element_type=\"widget\" data-e-type=\"widget\" data-settings=\"{&quot;_position&quot;:&quot;absolute&quot;}\" data-widget_type=\"text-editor.default\">\n\t\t\t\t\t\t\t\t\t<nav class=\"breadcrumb\"><span class=\"current-page\">\u00dcber uns<\/span><\/nav>\t\t\t\t\t\t\t\t<\/div>\n\t\t\t\t\t<\/div>\n\t\t\t\t<\/div>\n\t\t\t\t\t<\/div>\n\t\t\t\t<\/div>\n\t\t<div class=\"elementor-element elementor-element-3346165f e-flex e-con-boxed e-con e-parent\" data-id=\"3346165f\" data-element_type=\"container\" data-e-type=\"container\" data-settings=\"{&quot;background_background&quot;:&quot;classic&quot;}\">\n\t\t\t\t\t<div class=\"e-con-inner\">\n\t\t\t\t<div class=\"elementor-element elementor-element-3456a651 elementor-search-form--button-type-text elementor-widget__width-initial elementor-search-form--skin-classic elementor-widget elementor-widget-global elementor-global-5545 elementor-widget-search-form\" data-id=\"3456a651\" data-element_type=\"widget\" data-e-type=\"widget\" data-settings=\"{&quot;skin&quot;:&quot;classic&quot;}\" data-widget_type=\"search-form.default\">\n\t\t\t\t\t\t\t<search role=\"search\">\n\t\t\t<form class=\"elementor-search-form\" action=\"https:\/\/www.aktion-weitblick.de\/ls\/\" method=\"get\">\n\t\t\t\t\t\t\t\t\t\t\t\t<div class=\"elementor-search-form__container\">\n\t\t\t\t\t<label class=\"elementor-screen-only\" for=\"elementor-search-form-3456a651\">Search<\/label>\n\n\t\t\t\t\t\n\t\t\t\t\t<input id=\"elementor-search-form-3456a651\" placeholder=\"\" class=\"elementor-search-form__input\" type=\"search\" name=\"s\" value=\"\">\n\t\t\t\t\t<input type='hidden' name='lang' value='ls' \/>\n\t\t\t\t\t\t\t\t\t\t\t<button class=\"elementor-search-form__submit\" type=\"submit\" aria-label=\"Search\">\n\t\t\t\t\t\t\t\t\t\t\t\t\t\t\tSuche\t\t\t\t\t\t\t\t\t\t\t\t\t<\/button>\n\t\t\t\t\t\n\t\t\t\t\t\t\t\t\t<\/div>\n\t\t\t<\/form>\n\t\t<\/search>\n\t\t\t\t\t\t<\/div>\n\t\t\t\t\t<\/div>\n\t\t\t\t<\/div>\n\t\t<div class=\"elementor-element elementor-element-526128a7 e-flex e-con-boxed e-con e-parent\" data-id=\"526128a7\" data-element_type=\"container\" data-e-type=\"container\">\n\t\t\t\t\t<div class=\"e-con-inner\">\n\t\t\t\t<div class=\"elementor-element elementor-element-7d7f7ea6 elementor-widget elementor-widget-heading\" data-id=\"7d7f7ea6\" data-element_type=\"widget\" data-e-type=\"widget\" data-widget_type=\"heading.default\">\n\t\t\t\t\t<h1 class=\"elementor-heading-title elementor-size-default\">Wer wir sind<\/h1>\t\t\t\t<\/div>\n\t\t\t\t\t<\/div>\n\t\t\t\t<\/div>\n\t\t<div class=\"elementor-element elementor-element-6c5930a1 e-flex e-con-boxed e-con e-parent\" data-id=\"6c5930a1\" data-element_type=\"container\" data-e-type=\"container\">\n\t\t\t\t\t<div class=\"e-con-inner\">\n\t\t<div class=\"elementor-element elementor-element-1b8765aa e-con-full e-flex e-con e-child\" data-id=\"1b8765aa\" data-element_type=\"container\" data-e-type=\"container\">\n\t\t\t\t<div class=\"elementor-element elementor-element-526d4f0 elementor-widget elementor-widget-text-editor\" data-id=\"526d4f0\" data-element_type=\"widget\" data-e-type=\"widget\" data-widget_type=\"text-editor.default\">\n\t\t\t\t\t\t\t\t\t<h2 id=\"behindertenhilfe-neu-denken\" class=\"wp-block-heading\"><strong>Teilhabe neu denken.<\/strong><\/h2><p>Willkommen bei Aktion Weitblick.<br>Wir begleiten Menschen mit Unterst\u00fctzungs\u00b7bedarf. Jeder Mensch ist uns wichtig.<br>Wir schauen gemeinsam:<br>Was w\u00fcnschen Sie sich f\u00fcr Ihr Leben?<br>Was w\u00fcnschen Sie sich f\u00fcr Ihre Arbeit?<br>Welche Ziele haben Sie?<br>Wir helfen Ihnen dabei:<br>Ihr Leben selbst zu bestimmen<br>Ihre Ziele zu erreichen  <\/p><h2 id=\"mehr-als-nur-wohnen-ein-selbstbestimmtes-leben\"><strong>Mehr als nur Wohnen: <br>Ein selbst\u00b7bestimmtes Leben.<\/strong><\/h2><p>Verschiedene Wohn\u00b7formen m\u00f6glich:<br>&#8211; Wohn\u00b7gemeinschaft<br>&#8211; Betreutes Einzel\u00b7wohnen<br>&#8211; Besondere Wohn\u00b7form<br>An \u00fcber 25 Orten in Berlin.<br> <br>Unser Team hat viel Erfahrung.<br>Wir bieten umfangreiche sozial\u00b7p\u00e4dagogische Hilfe.<br><br>Sie haben:<br>&#8211; Verl\u00e4ssliche Ansprech\u00b7personen<br>&#8211; W\u00f6chentliche Einzel\u00b7termine<br>Das gibt Ihnen Sicherheit und Kontinuit\u00e4t.  <\/p><blockquote><p><em>\u201eHorizonte \u00f6ffnen. Gemeinsam neue Wege gehen.<br>Ihre Ziele immer im Blick.\u201c <\/em><\/p><\/blockquote><p>In jedem Stadt\u00b7teil gibt es weitblick R\u00e4te.<br>Die weitblick R\u00e4te vertreten die Bewohner und Bewohnerinnen.<br>Sie haben Rechte:<br>&#8211; Recht auf Information<br>&#8211; Recht auf Mit\u00b7bestimmung<br>&#8211; Recht auf Beratung<br>&#8211; Recht auf Beschwerde<br> <br>Sie wohnen bei uns und werden unterst\u00fctzt?<br>Dann k\u00f6nnen Sie sich w\u00e4hlen lassen f\u00fcr den weitblick Rat.  <\/p><h2 id=\"teilhabe-ist-mehr-als-nur-beteiligt-sein\"><strong>Teil\u00b7habe bedeutet mehr als nur dabei sein.<\/strong><\/h2><p>Unser Ziel:<br>Menschen mit Unterst\u00fctzungs\u00b7bedarf sollen gef\u00f6rdert werden.<br>Sie sind individuell.<br>Sie sind selbst\u00b7st\u00e4ndig.<br>So k\u00f6nnen sie am Leben in der Gesellschaft teil\u00b7nehmen.<br> <br>Unsere Grund\u00b7lage:<br>&#8211; <a href=\"https:\/\/www.bmas.de\/SharedDocs\/Downloads\/DE\/Gesetze\/bthg.pdf\" target=\"_blank\" rel=\"noreferrer noopener\">Bundes\u00b7teil\u00b7habe\u00b7gesetz (BTHG)<\/a><br>&#8211; <a href=\"https:\/\/www.behindertenbeauftragte.de\/SharedDocs\/Publikationen\/UN_Konvention_deutsch.pdf?__blob=publicationFile&amp;v=2\" target=\"_blank\" rel=\"noreferrer noopener\">UN-Behinderten\u00b7rechts\u00b7konvention<\/a> <\/p><p>F\u00fcr mehr gleich\u00b7berechtigte Teil\u00b7habe.<br>F\u00fcr ein selbst\u00b7bestimmtes Leben.<br>F\u00fcr ein Leben mit Weit\u00b7blick! <\/p><h2 id=\"qualitat-ist-uns-wichtig\" class=\"wp-block-heading\"><strong>Qualit\u00e4t ist uns wichtig<\/strong><\/h2><p>Unsere Arbeit hat gute Qualit\u00e4t.<br>Das ist offiziell best\u00e4tigt.<br>Wir werden regelm\u00e4\u00dfig \u00fcberpr\u00fcft.<br>Wir bereiten unser Team vor auf neue Anforderungen.<br>Durch:<br>&#8211; \u00dcberpr\u00fcfungen<br>&#8211; Pr\u00fcfungen<br>&#8211; Weiter\u00b7bildungen<br>Unser Qualit\u00e4ts\u00b7management (QM):<br>Wir verbessern es immer weiter.<br>Zur Qualit\u00e4ts\u00b7pr\u00fcfung geh\u00f6ren:<br>&#8211; Work\u00b7shops<br>&#8211; Begehungen<br>&#8211; Begutachtungen   <\/p><p>Uns ist wichtig:<br><a href=\"https:\/\/www.nueva-online.info\/de\/Suche\/?squery=aktion+weitblick&amp;submit=los%21#\" target=\"_blank\" rel=\"noreferrer noopener\">nueva<\/a> \u00fcberpr\u00fcft unsere Angebote.<br>Sie k\u00f6nnen daran teil\u00b7nehmen. Hier bewerten Menschen mit Unterst\u00fctzungs\u00b7bedarf.<\/p><p>M\u00f6chten Sie mehr \u00fcber uns wissen. Dann lesen Sie unser <a href=\"https:\/\/www.aktion-weitblick.de\/wp-content\/uploads\/2020\/04\/aktion-weitblick_unser-leitbild_2017.pdf\" target=\"_blank\" rel=\"noreferrer noopener\"><strong>Leitbild<\/strong>.<\/a> <\/p><blockquote class=\"wp-block-quote\"><p><em>\u201eDas eigene Leben aktiv gestalten \u2013<br>mit uns an Ihrer Seite.\u201c<\/em><\/p><\/blockquote><h2 id=\"den-wandel-gestalten\" class=\"wp-block-heading\"><strong>Den Wandel gestalten.<\/strong><\/h2><p>Die Teil\u00b7habe\u00b7hilfe ver\u00e4ndert sich.<br>Es gibt neue Gesetze und Regelungen.<br>Alle Beteiligten m\u00fcssen:<br>Neu denken, neu planen, neu handeln.<\/p><p>Wir bei aktion weitblick arbeiten daran mit.<br>Wir gestalten die Ver\u00e4nderungen mit.<\/p><p>Alle Kollegen und Kolleginnen bleiben informiert.<br>\u00dcber unser Intranet.<br><br>Wir bieten:<br>&#8211; Blog zum BTHG<br> Antworten auf Fragen der Teams<br>&#8211; Schulungen f\u00fcr Mit\u00b7arbeiter und Mit\u00b7arbeiterinnen<br>&#8211; Fach\u00b7tagungen<br> Menschen mit Unterst\u00fctzungs\u00b7bedarf k\u00f6nnen mit\u00b7machen<br><br>Wir haben auch ein Praxis\u00b7projekt zum ICF.<br>Wissenschaftler und Wissenschaftlerinnen begleiten das Projekt.  <\/p><p>Wir haben ein starkes Netz\u00b7werk.<br>Mit vielen Partnern und Partnerinnen.<br> <br>Das bringt Menschen mit Unterst\u00fctzungs\u00b7bedarf:<br>&#8211; Mehr Teil\u00b7nahme<br>&#8211; Mehr Gemeinschaft<br>&#8211; Mehr Sicherheit<\/p>\t\t\t\t\t\t\t\t<\/div>\n\t\t\t\t<\/div>\n\t\t<div class=\"elementor-element elementor-element-7eed8442 e-con-full e-flex e-con e-child\" data-id=\"7eed8442\" data-element_type=\"container\" data-e-type=\"container\">\n\t\t<div class=\"elementor-element elementor-element-67b90a13 e-con-full e-flex e-con e-child\" data-id=\"67b90a13\" data-element_type=\"container\" data-e-type=\"container\" data-settings=\"{&quot;sticky&quot;:&quot;top&quot;,&quot;sticky_on&quot;:[&quot;desktop&quot;],&quot;sticky_offset&quot;:110,&quot;sticky_parent&quot;:&quot;yes&quot;,&quot;sticky_effects_offset&quot;:0,&quot;sticky_anchor_link_offset&quot;:0}\">\n\t\t\t\t<div class=\"elementor-element elementor-element-4d917af2 elementor-widget elementor-widget-ucaddon_uc_material_bullets\" data-id=\"4d917af2\" data-element_type=\"widget\" data-e-type=\"widget\" data-widget_type=\"ucaddon_uc_material_bullets.default\">\n\t\t\t\t<div class=\"elementor-widget-container\">\n\t\t\t\t\t\n\n\t\t<link id='font-awesome-css' href='https:\/\/www.aktion-weitblick.de\/wp-content\/plugins\/unlimited-elements-for-elementor-premium\/assets_libraries\/font-awesome6\/fontawesome-all.min.css' type='text\/css' rel='stylesheet' >\n\t\t<link id='font-awesome-4-shim-css' href='https:\/\/www.aktion-weitblick.de\/wp-content\/plugins\/unlimited-elements-for-elementor-premium\/assets_libraries\/font-awesome6\/fontawesome-v4-shims.min.css' type='text\/css' rel='stylesheet' >\n\n<style>\/* widget: Icon Bullets *\/\n\n\r\n@keyframes uc_uc_material_bullets_elementor_4d917af2__item-animation {\r\n  0% {\r\n            \r\n        \t        \tfilter: blur(10px);\r\n\t\t\t\r\n    \t    opacity: 0;\r\n  }\r\n  100% {\r\n            \r\n        \t            filter: blur(0px);\r\n            \r\n    \t\topacity: 1;\r\n  }\r\n}\r\n\r\n\r\n#uc_uc_material_bullets_elementor_4d917af2 .uc_material_bullets_row{\r\n\topacity:0;\r\n}\r\n\r\n\r\n#uc_uc_material_bullets_elementor_4d917af2 .uc-entrance-animate {\r\n  opacity:1;\r\n}\r\n\r\n#uc_uc_material_bullets_elementor_4d917af2 .uc-entrance-animate {\r\n\tanimation: uc_uc_material_bullets_elementor_4d917af2__item-animation 0.6s cubic-bezier(0.470, 0.000, 0.745, 0.715) both;\r\n}\r\n\r\n\t\t\t\n\n#uc_uc_material_bullets_elementor_4d917af2 *{\n\t-webkit-box-sizing: border-box;\n\t-moz-box-sizing: border-box;\n\tbox-sizing: border-box;\n}\n\n#uc_uc_material_bullets_elementor_4d917af2 .uc-bullet-active{\n}\n\n\n#uc_uc_material_bullets_elementor_4d917af2 .ue-icon\n{\n  display:flex;\n  align-items:center;\n  justify-content:center;\n  flex-grow:0;\n  flex-shrink:0;\n  line-height:1em;\n  transition:0.3s;\n}\n\n#uc_uc_material_bullets_elementor_4d917af2 .ue-icon svg\n{\n  height:1em;\n  width:1em;\n}\n\n\n#uc_uc_material_bullets_elementor_4d917af2 .uc_material_bullets_row\n{\n\tfont-weight:400;\n\toverflow:hidden;\n\tdisplay:flex;\n\tposition:relative;\n\ttext-align:left;\n\twidth:100%;\n   \n    transition:0.3s;\n}\n\n\n#uc_uc_material_bullets_elementor_4d917af2 .uc_material_bullets_row a.ue-item-link\n{\n  position:absolute;\n  display:block;\n  top:0;\n  right:0;\n  left:0;\n  bottom:0;\n}\n\n#uc_uc_material_bullets_elementor_4d917af2 .uc_material_bullets_row:last-child\n{\n\tmargin-bottom:0px !important;\n}\n\n\n#uc_uc_material_bullets_elementor_4d917af2 .uc_material_bullets_row \n{\n\tposition:relative;\n\tvertical-align:middle;\n}\n\n#uc_uc_material_bullets_elementor_4d917af2 .uc_material_bullets_row .uc_content_box\n{\n\tdisplay:flex;\n    flex-direction:column;\n    justify-content:center;\n    align-items: flex-start;\n    flex-grow:1;\n}\n\n#uc_uc_material_bullets_elementor_4d917af2 .ue-bullets\n{\n  display:grid;\n}\n\n#uc_uc_material_bullets_elementor_4d917af2 .ue-text, #uc_uc_material_bullets_elementor_4d917af2 .ue-title, #uc_uc_material_bullets_elementor_4d917af2 .ue-seperator\n{\n  width:100%;\n}\n\n#uc_uc_material_bullets_elementor_4d917af2 .ue-seperator-line\n{\n  display:inline-block;\n  font-size:0px;\n}\n\n#uc_uc_material_bullets_elementor_4d917af2 .ue-seperator\n{\n  font-size:0px;\n}\n\n#uc_uc_material_bullets_elementor_4d917af2.uc-remote-parent .uc_material_bullets_row\n{\n  cursor:pointer;\n}\n\n.ue-title\n{\n  font-size:21px;\n  margin:0;\n}\n\n<\/style>\n\n<div class=\"uc_material_bullets  \"  id=\"uc_uc_material_bullets_elementor_4d917af2\"  >   \t\n    \t<div class=\"ue-bullets uc-items-wrapper\">\n          \t<div class=\"uc_material_bullets_row elementor-repeater-item-655dedc\">\n              <div class=\"ue-icon\">\n                    <?xml version=\"1.0\" encoding=\"utf-8\"?>\r\n<!-- Generator: Adobe Illustrator 23.0.3, SVG Export Plug-In . SVG Version: 6.00 Build 0)  -->\r\n<svg version=\"1.1\" id=\"Ebene_1\" xmlns=\"http:\/\/www.w3.org\/2000\/svg\" xmlns:xlink=\"http:\/\/www.w3.org\/1999\/xlink\" x=\"0px\" y=\"0px\"\r\n\t viewBox=\"0 0 60 60\" style=\"enable-background:new 0 0 60 60;\" xml:space=\"preserve\">\r\n<style type=\"text\/css\">\r\n\t.st0{fill:none;stroke:#000000;stroke-width:0.7087;stroke-miterlimit:10;}\r\n\t.st1{fill:none;stroke:#000000;stroke-width:0.7087;stroke-linecap:round;stroke-miterlimit:10;}\r\n<\/style>\r\n<path class=\"st0\" d=\"M26.2,43.2c-0.6,0.1-2.1,0.2-2.9-1.4l-4.2-7.5l-3.2-1.2\"\/>\r\n<line class=\"st1\" x1=\"29.6\" y1=\"35.7\" x2=\"31.8\" y2=\"39.9\"\/>\r\n<line class=\"st1\" x1=\"26.2\" y1=\"38.3\" x2=\"28\" y2=\"41.3\"\/>\r\n<path class=\"st0\" d=\"M34.9,41.3c-0.7,0.3-2.2,0.3-3.2-1.5\"\/>\r\n<path class=\"st0\" d=\"M30.3,42.3c0,0-1.4,0.9-2.4-1\"\/>\r\n<line class=\"st0\" x1=\"18.7\" y1=\"20.2\" x2=\"24.2\" y2=\"21.6\"\/>\r\n<polyline class=\"st0\" points=\"13.7,16.9 19,18.1 15.2,35.5 9.9,34.3 \"\/>\r\n<g>\r\n\t<line class=\"st0\" x1=\"40\" y1=\"35.9\" x2=\"44.3\" y2=\"34.5\"\/>\r\n\t<polyline class=\"st0\" points=\"44.4,17.5 39.3,19.2 44.9,36.2 50.1,34.5 \t\"\/>\r\n\t<path class=\"st0\" d=\"M40.6,36.5l-9.5-9.2C30.6,27.4,28,28,28,28l-2.3,4.6c-2.1,3.2-4.8,0.4-4.8,0.4l2.5-7.2\r\n\t\tc0.9-2.4,2.4-2.9,2.4-2.9l6.7-2.2l7.5,0.7\"\/>\r\n<\/g>\r\n<path class=\"st1\" d=\"M40.4,36c-0.3,0.8-2.7,5.4-4.9,1.3l-2.4-3.9\"\/>\r\n<\/svg>\r\n                    \t\n\n                \n              <\/div>\n  <div class=\"uc_content_box uc_ceal\">\n    <div class=\"ue-title\">JETZT BEWERBEN!<\/div>\n    \n    \t\n    \n    <div class=\"ue-text\">Stellenangebote<\/div>\t\n  <\/div>\n   \n      <a href=\"https:\/\/www.aktion-weitblick.de\/ls\/stellenangebote\/\" class=\"ue-item-link\" ><\/a>\n  \t\n<\/div>\n<div class=\"uc_material_bullets_row elementor-repeater-item-b80db03\">\n              <div class=\"ue-icon\">\n                    <?xml version=\"1.0\" encoding=\"utf-8\"?>\r\n<!-- Generator: Adobe Illustrator 23.0.3, SVG Export Plug-In . SVG Version: 6.00 Build 0)  -->\r\n<svg version=\"1.1\" id=\"Ebene_1\" xmlns=\"http:\/\/www.w3.org\/2000\/svg\" xmlns:xlink=\"http:\/\/www.w3.org\/1999\/xlink\" x=\"0px\" y=\"0px\"\r\n\t viewBox=\"0 0 60 60\" style=\"enable-background:new 0 0 60 60;\" xml:space=\"preserve\">\r\n<style type=\"text\/css\">\r\n\t.st0{fill:none;stroke:#000000;stroke-width:0.7087;stroke-linejoin:round;stroke-miterlimit:10;}\r\n\t.st1{fill:none;stroke:#000000;stroke-width:0.7087;stroke-linecap:round;stroke-linejoin:round;stroke-miterlimit:10;}\r\n<\/style>\r\n<g>\r\n\t<polyline class=\"st0\" points=\"23.6,30 17.2,32.9 12,44.4 21.3,40.2 30.5,45.4 30.5,39.9 \t\"\/>\r\n\t<line class=\"st1\" x1=\"23.7\" y1=\"33.9\" x2=\"21.3\" y2=\"40.2\"\/>\r\n\t<polyline class=\"st0\" points=\"37.4,30 43.9,32.9 49.1,44.4 39.7,40.2 30.5,45.4 \t\"\/>\r\n\t<line class=\"st1\" x1=\"37.3\" y1=\"33.9\" x2=\"39.7\" y2=\"40.2\"\/>\r\n\t<path class=\"st0\" d=\"M37.7,21.2c0,4-7.2,16-7.2,16s-7.2-12.1-7.2-16c0-4,3.2-7.2,7.2-7.2S37.7,17.3,37.7,21.2z\"\/>\r\n\t<path class=\"st0\" d=\"M34.2,21.2c0,2-1.7,3.7-3.7,3.7s-3.7-1.7-3.7-3.7s1.7-3.7,3.7-3.7C32.6,17.5,34.2,19.2,34.2,21.2z\"\/>\r\n<\/g>\r\n<\/svg>\r\n                    \t\n\n                \n              <\/div>\n  <div class=\"uc_content_box uc_ceal\">\n    <div class=\"ue-title\">Freie Pl\u00e4tze<\/div>\n    \n    \t\n    \n    <div class=\"ue-text\">Hier wohnen, hier leben<\/div>\t\n  <\/div>\n    \t\n<\/div>\n\n      <\/div>\n<\/div>\t\t\t\t<\/div>\n\t\t\t\t<\/div>\n\t\t<div class=\"elementor-element elementor-element-3db7a493 e-flex e-con-boxed e-con e-child\" data-id=\"3db7a493\" data-element_type=\"container\" data-e-type=\"container\" data-settings=\"{&quot;background_background&quot;:&quot;classic&quot;}\">\n\t\t\t\t\t<div class=\"e-con-inner\">\n\t\t\t\t<div class=\"elementor-element elementor-element-408b5d43 elementor-widget elementor-widget-global elementor-global-5489 elementor-widget-text-editor\" data-id=\"408b5d43\" data-element_type=\"widget\" data-e-type=\"widget\" data-widget_type=\"text-editor.default\">\n\t\t\t\t\t\t\t\t\t<p><strong>Kontakt<\/strong><br \/>aktion weitblick \u2013<br \/>betreutes wohnen \u2013 gGmbH<br \/>Markelstr. 24a<br \/>12163 Berlin-Steglitz<br \/>Tel. 030 700 96 23 0<br \/><a href=\"mailto:post@aktion-weitblick.de\">E-Mail<\/a><\/p><p><strong>Gesch\u00e4ftszeiten<\/strong><br \/>Mo.-Do. 8.30 \u2013 16.00 Uhr<br \/>Freitag 8.30 \u2013 15.00 Uhr<\/p><p><strong>Bus und Bahn<\/strong><br \/>U9 Walther-Schreiber-Platz<br \/>S1 Feuerbachstra\u00dfe<br \/>Bus M48, M76, M85, 186<\/p>\t\t\t\t\t\t\t\t<\/div>\n\t\t\t\t\t<\/div>\n\t\t\t\t<\/div>\n\t\t\t\t<\/div>\n\t\t\t\t<\/div>\n\t\t\t\t\t<\/div>\n\t\t\t\t<\/div>\n\t\t\t\t<\/div>\n\t\t","protected":false},"excerpt":{"rendered":"<p>aktion weitblick &#8211;F\u00fcr Selbst\u00b7bestimmung und Teil\u00b7habe. Wer wir sind Teilhabe neu denken. Willkommen bei Aktion Weitblick.Wir begleiten Menschen mit Unterst\u00fctzungs\u00b7bedarf. Jeder Mensch ist uns wichtig.Wir schauen gemeinsam:Was w\u00fcnschen Sie sich f\u00fcr Ihr Leben?Was w\u00fcnschen Sie sich f\u00fcr Ihre Arbeit?Welche Ziele haben Sie?Wir helfen Ihnen dabei:Ihr Leben selbst zu bestimmenIhre Ziele zu erreichen Mehr als nur [&hellip;]<\/p>\n","protected":false},"author":8,"featured_media":12055,"parent":0,"menu_order":6,"comment_status":"closed","ping_status":"closed","template":"","meta":{"_acf_changed":false,"footnotes":""},"class_list":["post-12437","page","type-page","status-publish","has-post-thumbnail","hentry"],"acf":[],"_links":{"self":[{"href":"https:\/\/www.aktion-weitblick.de\/ls\/wp-json\/wp\/v2\/pages\/12437","targetHints":{"allow":["GET"]}}],"collection":[{"href":"https:\/\/www.aktion-weitblick.de\/ls\/wp-json\/wp\/v2\/pages"}],"about":[{"href":"https:\/\/www.aktion-weitblick.de\/ls\/wp-json\/wp\/v2\/types\/page"}],"author":[{"embeddable":true,"href":"https:\/\/www.aktion-weitblick.de\/ls\/wp-json\/wp\/v2\/users\/8"}],"replies":[{"embeddable":true,"href":"https:\/\/www.aktion-weitblick.de\/ls\/wp-json\/wp\/v2\/comments?post=12437"}],"version-history":[{"count":5,"href":"https:\/\/www.aktion-weitblick.de\/ls\/wp-json\/wp\/v2\/pages\/12437\/revisions"}],"predecessor-version":[{"id":13437,"href":"https:\/\/www.aktion-weitblick.de\/ls\/wp-json\/wp\/v2\/pages\/12437\/revisions\/13437"}],"wp:featuredmedia":[{"embeddable":true,"href":"https:\/\/www.aktion-weitblick.de\/ls\/wp-json\/wp\/v2\/media\/12055"}],"wp:attachment":[{"href":"https:\/\/www.aktion-weitblick.de\/ls\/wp-json\/wp\/v2\/media?parent=12437"}],"curies":[{"name":"wp","href":"https:\/\/api.w.org\/{rel}","templated":true}]}}