{"id":12309,"date":"2020-01-29T18:02:36","date_gmt":"2020-01-29T17:02:36","guid":{"rendered":"https:\/\/www.aktion-weitblick.de\/unsere-angebote-im-ueberblick\/freizeitangebote\/"},"modified":"2026-03-24T13:29:42","modified_gmt":"2026-03-24T12:29:42","slug":"freizeitangebote","status":"publish","type":"page","link":"https:\/\/www.aktion-weitblick.de\/ls\/unsere-angebote\/freizeitangebote\/","title":{"rendered":"Freizeit\u00b7angebote"},"content":{"rendered":"\t\t<div data-elementor-type=\"wp-page\" data-elementor-id=\"12309\" class=\"elementor elementor-12309 elementor-145\" data-elementor-post-type=\"page\">\n\t\t\t\t<div class=\"elementor-element elementor-element-5bdb7f11 e-flex e-con-boxed e-con e-parent\" data-id=\"5bdb7f11\" data-element_type=\"container\" data-e-type=\"container\" data-settings=\"{&quot;background_background&quot;:&quot;classic&quot;}\">\n\t\t\t\t\t<div class=\"e-con-inner\">\n\t\t<div class=\"elementor-element elementor-element-59349f7a e-flex e-con-boxed e-con e-child\" data-id=\"59349f7a\" data-element_type=\"container\" data-e-type=\"container\" data-settings=\"{&quot;background_background&quot;:&quot;classic&quot;}\">\n\t\t\t\t\t<div class=\"e-con-inner\">\n\t\t<div class=\"elementor-element elementor-element-7f752fdb e-con-full e-flex e-con e-child\" data-id=\"7f752fdb\" data-element_type=\"container\" data-e-type=\"container\" data-settings=\"{&quot;background_background&quot;:&quot;classic&quot;,&quot;position&quot;:&quot;absolute&quot;,&quot;animation&quot;:&quot;none&quot;}\">\n\t\t\t\t<div class=\"elementor-element elementor-element-587d86a9 elementor-widget elementor-widget-text-editor\" data-id=\"587d86a9\" data-element_type=\"widget\" data-e-type=\"widget\" data-widget_type=\"text-editor.default\">\n\t\t\t\t\t\t\t\t\t<p>Unser Ziel:<br>Selbstst\u00e4ndig wohnen und leben.<\/p>\t\t\t\t\t\t\t\t<\/div>\n\t\t\t\t<\/div>\n\t\t\t\t<div class=\"elementor-element elementor-element-353633cb elementor-absolute elementor-widget elementor-widget-text-editor\" data-id=\"353633cb\" data-element_type=\"widget\" data-e-type=\"widget\" data-settings=\"{&quot;_position&quot;:&quot;absolute&quot;}\" data-widget_type=\"text-editor.default\">\n\t\t\t\t\t\t\t\t\t<nav class=\"breadcrumb\"><span class=\"current-page\">Freizeit\u00b7angebote<\/span><\/nav>\t\t\t\t\t\t\t\t<\/div>\n\t\t\t\t\t<\/div>\n\t\t\t\t<\/div>\n\t\t\t\t\t<\/div>\n\t\t\t\t<\/div>\n\t\t<div class=\"elementor-element elementor-element-2b2439e2 e-flex e-con-boxed e-con e-parent\" data-id=\"2b2439e2\" data-element_type=\"container\" data-e-type=\"container\" data-settings=\"{&quot;background_background&quot;:&quot;classic&quot;}\">\n\t\t\t\t\t<div class=\"e-con-inner\">\n\t\t\t\t<div class=\"elementor-element elementor-element-24c8023 elementor-search-form--button-type-text elementor-widget__width-initial elementor-search-form--skin-classic elementor-widget elementor-widget-global elementor-global-5545 elementor-widget-search-form\" data-id=\"24c8023\" data-element_type=\"widget\" data-e-type=\"widget\" data-settings=\"{&quot;skin&quot;:&quot;classic&quot;}\" data-widget_type=\"search-form.default\">\n\t\t\t\t\t\t\t<search role=\"search\">\n\t\t\t<form class=\"elementor-search-form\" action=\"https:\/\/www.aktion-weitblick.de\/ls\/\" method=\"get\">\n\t\t\t\t\t\t\t\t\t\t\t\t<div class=\"elementor-search-form__container\">\n\t\t\t\t\t<label class=\"elementor-screen-only\" for=\"elementor-search-form-24c8023\">Search<\/label>\n\n\t\t\t\t\t\n\t\t\t\t\t<input id=\"elementor-search-form-24c8023\" placeholder=\"\" class=\"elementor-search-form__input\" type=\"search\" name=\"s\" value=\"\">\n\t\t\t\t\t<input type='hidden' name='lang' value='ls' \/>\n\t\t\t\t\t\t\t\t\t\t\t<button class=\"elementor-search-form__submit\" type=\"submit\" aria-label=\"Search\">\n\t\t\t\t\t\t\t\t\t\t\t\t\t\t\tSuche\t\t\t\t\t\t\t\t\t\t\t\t\t<\/button>\n\t\t\t\t\t\n\t\t\t\t\t\t\t\t\t<\/div>\n\t\t\t<\/form>\n\t\t<\/search>\n\t\t\t\t\t\t<\/div>\n\t\t\t\t\t<\/div>\n\t\t\t\t<\/div>\n\t\t<div class=\"elementor-element elementor-element-2d62ef44 e-flex e-con-boxed e-con e-parent\" data-id=\"2d62ef44\" data-element_type=\"container\" data-e-type=\"container\">\n\t\t\t\t\t<div class=\"e-con-inner\">\n\t\t\t\t<div class=\"elementor-element elementor-element-3cef9ca9 elementor-widget elementor-widget-heading\" data-id=\"3cef9ca9\" data-element_type=\"widget\" data-e-type=\"widget\" data-widget_type=\"heading.default\">\n\t\t\t\t\t<h1 class=\"elementor-heading-title elementor-size-default\">Freizeit\u00b7angebote<\/h1>\t\t\t\t<\/div>\n\t\t\t\t\t<\/div>\n\t\t\t\t<\/div>\n\t\t<div class=\"elementor-element elementor-element-7b251b05 e-flex e-con-boxed e-con e-parent\" data-id=\"7b251b05\" data-element_type=\"container\" data-e-type=\"container\">\n\t\t\t\t\t<div class=\"e-con-inner\">\n\t\t<div class=\"elementor-element elementor-element-732c099e e-con-full e-flex e-con e-child\" data-id=\"732c099e\" data-element_type=\"container\" data-e-type=\"container\">\n\t\t\t\t<div class=\"elementor-element elementor-element-2cf57df elementor-widget elementor-widget-heading\" data-id=\"2cf57df\" data-element_type=\"widget\" data-e-type=\"widget\" data-widget_type=\"heading.default\">\n\t\t\t\t\t<h2 class=\"elementor-heading-title elementor-size-default\">Ein vielf\u00e4ltiges Angebot:\n<br><strong>Unser Freizeit\u00b7club<\/strong><\/h2>\t\t\t\t<\/div>\n\t\t\t\t<div class=\"elementor-element elementor-element-462abf3 elementor-align-left elementor-widget elementor-widget-button\" data-id=\"462abf3\" data-element_type=\"widget\" data-e-type=\"widget\" data-widget_type=\"button.default\">\n\t\t\t\t\t\t\t\t\t\t<a class=\"elementor-button elementor-button-link elementor-size-sm\" href=\"#programm\">\n\t\t\t\t\t\t<span class=\"elementor-button-content-wrapper\">\n\t\t\t\t\t\t\t\t\t<span class=\"elementor-button-text\">Zum aktuellen Programm<\/span>\n\t\t\t\t\t<\/span>\n\t\t\t\t\t<\/a>\n\t\t\t\t\t\t\t\t<\/div>\n\t\t\t\t<div class=\"elementor-element elementor-element-28c04a5 t_dot_list elementor-widget elementor-widget-text-editor\" data-id=\"28c04a5\" data-element_type=\"widget\" data-e-type=\"widget\" data-widget_type=\"text-editor.default\">\n\t\t\t\t\t\t\t\t\t<p>Unser Freizeit\u00b7club ist ein Treff\u00b7punkt in Berlin.<br>Hier k\u00f6nnen sich Menschen mit Unterst\u00fctzungs\u00b7bedarf treffen. Sie k\u00f6nnen auch Freunde und Familie mit\u00b7bringen.<br>Der Freizeit\u00b7club ist offen f\u00fcr alle:<br>Menschen, die bei Aktion Weitblick wohnen<br>Menschen, die fr\u00fcher bei uns gewohnt haben<br>Menschen mit Unterst\u00fctzungs\u00b7bedarf aus ganz Berlin<br>Zusammen gestalten wir die Frei\u00b7zeit.  <\/p><p>Sie k\u00f6nnen bei kreativen Projekten mit\u00b7machen. Und beim Kultur\u00b7programm.<br>Sie k\u00f6nnen alleine mit\u00b7machen. Oder Sie bekommen Unterst\u00fctzung von Fach\u00b7leuten.<br>Es gibt verschiedene Angebote. Zum Beispiel:<br>Gruppen\u00b7arbeit zu einem bestimmten Thema<br>Projekt\u00b7arbeit<br>Offene Angebote<br>Das Programm ist immer abwechslungs\u00b7reich.  <strong>Schauen Sie sich das Programm an. Vielleicht ist etwas Interessantes f\u00fcr Sie dabei.<\/strong><\/p>\t\t\t\t\t\t\t\t<\/div>\n\t\t\t\t<div class=\"elementor-element elementor-element-d2da72c elementor-widget elementor-widget-menu-anchor\" data-id=\"d2da72c\" data-element_type=\"widget\" data-e-type=\"widget\" data-widget_type=\"menu-anchor.default\">\n\t\t\t\t\t\t\t<div class=\"elementor-menu-anchor\" id=\"programm\"><\/div>\n\t\t\t\t\t\t<\/div>\n\t\t\t\t<div class=\"elementor-element elementor-element-ba86bd8 elementor-widget elementor-widget-heading\" data-id=\"ba86bd8\" data-element_type=\"widget\" data-e-type=\"widget\" data-widget_type=\"heading.default\">\n\t\t\t\t\t<h2 class=\"elementor-heading-title elementor-size-default\">Das aktuelle Programm vom Freizeit\u00b7club<\/h2>\t\t\t\t<\/div>\n\t\t<!-- dce invisible element 724340f -->\t\t<div class=\"elementor-element elementor-element-430ecc2 elementor-widget elementor-widget-template\" data-id=\"430ecc2\" data-element_type=\"widget\" data-e-type=\"widget\" data-widget_type=\"template.default\">\n\t\t\t\t<div class=\"elementor-widget-container\">\n\t\t\t\t\t\t\t<div class=\"elementor-template\">\n\t\t\t\t\t<div data-elementor-type=\"container\" data-elementor-id=\"12285\" class=\"elementor elementor-12285\" data-elementor-post-type=\"elementor_library\">\n\t\t\t\t<div class=\"elementor-element elementor-element-7485f767 animated-fast e-flex e-con-boxed elementor-invisible e-con e-child\" data-id=\"7485f767\" data-element_type=\"container\" data-e-type=\"container\" data-settings=\"{&quot;background_background&quot;:&quot;classic&quot;,&quot;animation&quot;:&quot;headShake&quot;}\">\n\t\t\t\t\t<div class=\"e-con-inner\">\n\t\t\t\t<div class=\"elementor-element elementor-element-685ad264 t_dot_list elementor-widget elementor-widget-text-editor\" data-id=\"685ad264\" data-element_type=\"widget\" data-e-type=\"widget\" data-widget_type=\"text-editor.default\">\n\t\t\t\t\t\t\t\t\t<p>Bitte sp\u00e4testens 2 Tage vorher anmelden (Tel. 030 79 29 242) *<\/p>\n<ul>\n<li><strong>Maifr\u00fchst\u00fcck (mit Anmeldung)<\/strong>\n<ul>\n<li>01.05.2026, 11 Uhr<\/li>\n<\/ul>\n<\/li>\n<ul>\n<li><strong>Sonntagsessen (mit Anmeldung)<\/strong>\n<ul>\n<li>03.05. \/ 10.05. \/ 24.05.2026 , 13 Uhr<\/li>\n<\/ul>\n<\/li>\n<li><strong>Kochen<\/strong>\n<ul>\n<li>24.05.2026, 12 Uhr<\/li>\n<\/ul>\n<\/li>\n<li><strong>Mittagstisch(mit Anmeldung)<\/strong>\n<ul>\n<li>27.05.2026, 13 Uhr<\/li>\n<\/ul>\n<\/li>\n<li><strong>Dart<\/strong>\n<ul>\n<li>08.05. \/ 15.05. \/ 22.05.\/ 29.05.2026,16-19 Uhr<\/li>\n<\/ul>\n<\/li>\n<li><strong>Gem\u00fctlicher Freitag<\/strong>\n<ul>\n<li>22.05.2026 16-19 Uhr<\/li>\n<\/ul>\n<\/li>\n<li><strong>Billard im Peview, (mit Anmeldung)<\/strong>\n<ul>\n<li>07.05.2026, 17 Uhr<\/li>\n<\/ul>\n<\/li>\n<li><strong>PME (progressive Muskelentspannung) (mit Anmeldung)<\/strong>\n<ul>\n<li>27.05.2026, 13:30 Uhr<\/li>\n<\/ul>\n<\/li>\n<li><strong>Sport (mit Anmeldung)<\/strong>\n<ul>\n<li>03.05. \/ 10.05.2026, 12 Uhr<\/li>\n<\/ul>\n<\/li>\n<li><strong>Aktionstag Zehlendorf<\/strong>\n<ul>\n<li>06.05.2026, 13-17 Uhr<\/li>\n<\/ul>\n<\/li>\n<li><strong>Bootsausflug Treptower Hafen (mit Anmeldung)<\/strong>\n<ul>\n<li>26.05.2026, 11 Uhr<\/li>\n<\/ul>\n<\/li>\n<li><strong>weitblick-Rat<\/strong>\n<ul>\n<li>11.05.2026, 16 Uhr<\/li>\n<\/ul>\n<\/li>\n\t\t\t\t\t\t\t\t<\/div>\n\t\t\t\t\t<\/div>\n\t\t\t\t<\/div>\n\t\t\t\t<\/div>\n\t\t\t\t<\/div>\n\t\t\t\t\t\t<\/div>\n\t\t\t\t<\/div>\n\t\t\t\t<div class=\"elementor-element elementor-element-010c793 t_dot_list elementor-widget elementor-widget-text-editor\" data-id=\"010c793\" data-element_type=\"widget\" data-e-type=\"widget\" data-widget_type=\"text-editor.default\">\n\t\t\t\t\t\t\t\t\t<p>Der Club ist Mitglied in einer Arbeits\u00b7gruppe.<br>Die Arbeits\u00b7gruppe hei\u00dft: Arbeits\u00b7kreis Qualit\u00e4t der<a href=\"http:\/\/www.isp-freizeitprojekte.de\" target=\"_blank\" rel=\"noreferrer noopener\"> ISP Freizeitprojekte<\/a>.<\/p><p>Lesen Sie einen sch\u00f6nen Artikel \u00fcber den Freizeit\u00b7club.<br>im <a href=\"https:\/\/www.aktion-weitblick.de\/wp-content\/uploads\/2020\/04\/Beitrag_Parit%C3%A4tischer_Rundbrief_1_2019_PDF.pdf\">Partit\u00e4tischen Rundbrief 1\/2019. <\/a>Nicht in Leichter Sprache.<\/p>\t\t\t\t\t\t\t\t<\/div>\n\t\t\t\t<div class=\"elementor-element elementor-element-05daca9 elementor-align-left elementor-widget elementor-widget-button\" data-id=\"05daca9\" data-element_type=\"widget\" data-e-type=\"widget\" data-widget_type=\"button.default\">\n\t\t\t\t\t\t\t\t\t\t<a class=\"elementor-button elementor-button-link elementor-size-xs\" href=\"https:\/\/www.aktion-weitblick.de\/ls\/freizeit-club\/\">\n\t\t\t\t\t\t<span class=\"elementor-button-content-wrapper\">\n\t\t\t\t\t\t\t\t\t<span class=\"elementor-button-text\">zum Freizeit\u00b7club<\/span>\n\t\t\t\t\t<\/span>\n\t\t\t\t\t<\/a>\n\t\t\t\t\t\t\t\t<\/div>\n\t\t\t\t<\/div>\n\t\t<div class=\"elementor-element elementor-element-803ced4 e-con-full e-flex e-con e-child\" data-id=\"803ced4\" data-element_type=\"container\" data-e-type=\"container\">\n\t\t<div class=\"elementor-element elementor-element-36dfb730 e-con-full e-flex e-con e-child\" data-id=\"36dfb730\" data-element_type=\"container\" data-e-type=\"container\">\n\t\t\t\t<div class=\"elementor-element elementor-element-65a7a4c elementor-widget elementor-widget-ucaddon_uc_material_bullets\" data-id=\"65a7a4c\" data-element_type=\"widget\" data-e-type=\"widget\" data-widget_type=\"ucaddon_uc_material_bullets.default\">\n\t\t\t\t<div class=\"elementor-widget-container\">\n\t\t\t\t\t\n\n\t\t<link id='font-awesome-css' href='https:\/\/www.aktion-weitblick.de\/wp-content\/plugins\/unlimited-elements-for-elementor-premium\/assets_libraries\/font-awesome6\/fontawesome-all.min.css' type='text\/css' rel='stylesheet' >\n\t\t<link id='font-awesome-4-shim-css' href='https:\/\/www.aktion-weitblick.de\/wp-content\/plugins\/unlimited-elements-for-elementor-premium\/assets_libraries\/font-awesome6\/fontawesome-v4-shims.min.css' type='text\/css' rel='stylesheet' >\n\n<style>\/* widget: Icon Bullets *\/\n\n\r\n@keyframes uc_uc_material_bullets_elementor_65a7a4c__item-animation {\r\n  0% {\r\n            \r\n        \t        \tfilter: blur(10px);\r\n\t\t\t\r\n    \t    opacity: 0;\r\n  }\r\n  100% {\r\n            \r\n        \t            filter: blur(0px);\r\n            \r\n    \t\topacity: 1;\r\n  }\r\n}\r\n\r\n\r\n#uc_uc_material_bullets_elementor_65a7a4c .uc_material_bullets_row{\r\n\topacity:0;\r\n}\r\n\r\n\r\n#uc_uc_material_bullets_elementor_65a7a4c .uc-entrance-animate {\r\n  opacity:1;\r\n}\r\n\r\n#uc_uc_material_bullets_elementor_65a7a4c .uc-entrance-animate {\r\n\tanimation: uc_uc_material_bullets_elementor_65a7a4c__item-animation 0.6s cubic-bezier(0.470, 0.000, 0.745, 0.715) both;\r\n}\r\n\r\n\t\t\t\n\n#uc_uc_material_bullets_elementor_65a7a4c *{\n\t-webkit-box-sizing: border-box;\n\t-moz-box-sizing: border-box;\n\tbox-sizing: border-box;\n}\n\n#uc_uc_material_bullets_elementor_65a7a4c .uc-bullet-active{\n}\n\n\n#uc_uc_material_bullets_elementor_65a7a4c .ue-icon\n{\n  display:flex;\n  align-items:center;\n  justify-content:center;\n  flex-grow:0;\n  flex-shrink:0;\n  line-height:1em;\n  transition:0.3s;\n}\n\n#uc_uc_material_bullets_elementor_65a7a4c .ue-icon svg\n{\n  height:1em;\n  width:1em;\n}\n\n\n#uc_uc_material_bullets_elementor_65a7a4c .uc_material_bullets_row\n{\n\tfont-weight:400;\n\toverflow:hidden;\n\tdisplay:flex;\n\tposition:relative;\n\ttext-align:left;\n\twidth:100%;\n   \n    transition:0.3s;\n}\n\n\n#uc_uc_material_bullets_elementor_65a7a4c .uc_material_bullets_row a.ue-item-link\n{\n  position:absolute;\n  display:block;\n  top:0;\n  right:0;\n  left:0;\n  bottom:0;\n}\n\n#uc_uc_material_bullets_elementor_65a7a4c .uc_material_bullets_row:last-child\n{\n\tmargin-bottom:0px !important;\n}\n\n\n#uc_uc_material_bullets_elementor_65a7a4c .uc_material_bullets_row \n{\n\tposition:relative;\n\tvertical-align:middle;\n}\n\n#uc_uc_material_bullets_elementor_65a7a4c .uc_material_bullets_row .uc_content_box\n{\n\tdisplay:flex;\n    flex-direction:column;\n    justify-content:center;\n    align-items: flex-start;\n    flex-grow:1;\n}\n\n#uc_uc_material_bullets_elementor_65a7a4c .ue-bullets\n{\n  display:grid;\n}\n\n#uc_uc_material_bullets_elementor_65a7a4c .ue-text, #uc_uc_material_bullets_elementor_65a7a4c .ue-title, #uc_uc_material_bullets_elementor_65a7a4c .ue-seperator\n{\n  width:100%;\n}\n\n#uc_uc_material_bullets_elementor_65a7a4c .ue-seperator-line\n{\n  display:inline-block;\n  font-size:0px;\n}\n\n#uc_uc_material_bullets_elementor_65a7a4c .ue-seperator\n{\n  font-size:0px;\n}\n\n#uc_uc_material_bullets_elementor_65a7a4c.uc-remote-parent .uc_material_bullets_row\n{\n  cursor:pointer;\n}\n\n.ue-title\n{\n  font-size:21px;\n  margin:0;\n}\n\n<\/style>\n\n<div class=\"uc_material_bullets  \"  id=\"uc_uc_material_bullets_elementor_65a7a4c\"  >   \t\n    \t<div class=\"ue-bullets uc-items-wrapper\">\n          \t<div class=\"uc_material_bullets_row elementor-repeater-item-dc4c9c6\">\n              <div class=\"ue-icon\">\n                    <?xml version=\"1.0\" encoding=\"utf-8\"?>\r\n<!-- Generator: Adobe Illustrator 23.0.3, SVG Export Plug-In . SVG Version: 6.00 Build 0)  -->\r\n<svg version=\"1.1\" id=\"Ebene_1\" xmlns=\"http:\/\/www.w3.org\/2000\/svg\" xmlns:xlink=\"http:\/\/www.w3.org\/1999\/xlink\" x=\"0px\" y=\"0px\"\r\n\t viewBox=\"0 0 60 60\" style=\"enable-background:new 0 0 60 60;\" xml:space=\"preserve\">\r\n<style type=\"text\/css\">\r\n\t.st0{fill:none;stroke:#000000;stroke-width:0.7087;stroke-linejoin:round;stroke-miterlimit:10;}\r\n\t.st1{fill:none;stroke:#000000;stroke-width:0.7087;stroke-linecap:round;stroke-linejoin:round;stroke-miterlimit:10;}\r\n<\/style>\r\n<g>\r\n\t<polyline class=\"st0\" points=\"23.6,30 17.2,32.9 12,44.4 21.3,40.2 30.5,45.4 30.5,39.9 \t\"\/>\r\n\t<line class=\"st1\" x1=\"23.7\" y1=\"33.9\" x2=\"21.3\" y2=\"40.2\"\/>\r\n\t<polyline class=\"st0\" points=\"37.4,30 43.9,32.9 49.1,44.4 39.7,40.2 30.5,45.4 \t\"\/>\r\n\t<line class=\"st1\" x1=\"37.3\" y1=\"33.9\" x2=\"39.7\" y2=\"40.2\"\/>\r\n\t<path class=\"st0\" d=\"M37.7,21.2c0,4-7.2,16-7.2,16s-7.2-12.1-7.2-16c0-4,3.2-7.2,7.2-7.2S37.7,17.3,37.7,21.2z\"\/>\r\n\t<path class=\"st0\" d=\"M34.2,21.2c0,2-1.7,3.7-3.7,3.7s-3.7-1.7-3.7-3.7s1.7-3.7,3.7-3.7C32.6,17.5,34.2,19.2,34.2,21.2z\"\/>\r\n<\/g>\r\n<\/svg>\r\n                    \t\n\n                \n              <\/div>\n  <div class=\"uc_content_box uc_ceal\">\n    <div class=\"ue-title\">STANDORTE<\/div>\n    \n    \t\n    \n    <div class=\"ue-text\">Unterst\u00fctztes Wohnen<\/div>\t\n  <\/div>\n   \n      <a href=\"https:\/\/www.aktion-weitblick.de\/ls\/standorte\/\" class=\"ue-item-link\" ><\/a>\n  \t\n<\/div>\n<div class=\"uc_material_bullets_row elementor-repeater-item-bca9bf4\">\n              <div class=\"ue-icon\">\n                    <?xml version=\"1.0\" encoding=\"utf-8\"?>\r\n<!-- Generator: Adobe Illustrator 23.0.3, SVG Export Plug-In . SVG Version: 6.00 Build 0)  -->\r\n<svg version=\"1.1\" id=\"Ebene_1\" xmlns=\"http:\/\/www.w3.org\/2000\/svg\" xmlns:xlink=\"http:\/\/www.w3.org\/1999\/xlink\" x=\"0px\" y=\"0px\"\r\n\t viewBox=\"0 0 60 60\" style=\"enable-background:new 0 0 60 60;\" xml:space=\"preserve\">\r\n<style type=\"text\/css\">\r\n\t.st0{fill:none;stroke:#000000;stroke-width:0.7087;stroke-linecap:round;stroke-linejoin:round;stroke-miterlimit:10;}\r\n<\/style>\r\n<g>\r\n\t<line class=\"st0\" x1=\"28.4\" y1=\"17.4\" x2=\"40.2\" y2=\"17.4\"\/>\r\n\t<line class=\"st0\" x1=\"28.4\" y1=\"20.8\" x2=\"40.2\" y2=\"20.8\"\/>\r\n\t<line class=\"st0\" x1=\"28.4\" y1=\"24.1\" x2=\"34.7\" y2=\"24.1\"\/>\r\n\t<path class=\"st0\" d=\"M34.3,11.7C28,11.7,23,15.4,23,20.6c0,2.7,1.4,4.9,3.6,6.6l0,0l-1.5,5.7c-0.1,0.4,0.3,0.8,0.7,0.6l6.9-3.8l0,0\r\n\t\tc0.6,0.1,1,0.1,1.6,0.1c6.3,0,11.3-3.9,11.3-9.1C45.6,15.4,40.6,11.7,34.3,11.7z\"\/>\r\n<\/g>\r\n<g>\r\n\t<g>\r\n\t\t<line class=\"st0\" x1=\"13.6\" y1=\"23.8\" x2=\"20.9\" y2=\"22.6\"\/>\r\n\t\t<line class=\"st0\" x1=\"16.9\" y1=\"44.7\" x2=\"31.5\" y2=\"42.4\"\/>\r\n\t\t<line class=\"st0\" x1=\"22.8\" y1=\"45.9\" x2=\"25.7\" y2=\"45.4\"\/>\r\n\t\t<path class=\"st0\" d=\"M29.7,31.2l2.2,14c0.1,0.8-0.4,1.5-1.2,1.6L19,48.7c-0.8,0.1-1.5-0.4-1.6-1.2l-3.9-24.8\r\n\t\t\tc-0.1-0.8,0.4-1.5,1.2-1.6l5.9-1\"\/>\r\n\t<\/g>\r\n<\/g>\r\n<\/svg>\r\n                    \t\n\n                \n              <\/div>\n  <div class=\"uc_content_box uc_ceal\">\n    <div class=\"ue-title\">KONTAKT<\/div>\n    \n    \t\n    \n    <div class=\"ue-text\">Schreiben Sie uns.<\/div>\t\n  <\/div>\n   \n      <a href=\"https:\/\/www.aktion-weitblick.de\/ls\/ueber-aktion-weitblick\/kontakt\/\" class=\"ue-item-link\" ><\/a>\n  \t\n<\/div>\n\n      <\/div>\n<\/div>\t\t\t\t<\/div>\n\t\t\t\t<\/div>\n\t\t<div class=\"elementor-element elementor-element-49f6d63f e-flex e-con-boxed e-con e-child\" data-id=\"49f6d63f\" data-element_type=\"container\" data-e-type=\"container\" data-settings=\"{&quot;background_background&quot;:&quot;classic&quot;}\">\n\t\t\t\t\t<div class=\"e-con-inner\">\n\t\t\t\t<div class=\"elementor-element elementor-element-cf6e3fd elementor-widget elementor-widget-text-editor\" data-id=\"cf6e3fd\" data-element_type=\"widget\" data-e-type=\"widget\" data-widget_type=\"text-editor.default\">\n\t\t\t\t\t\t\t\t\t<p><strong>Standort<\/strong><br>Betty-Katz-Stra\u00dfe 16<br>12163 Berlin-Steglitz<\/p>\t\t\t\t\t\t\t\t<\/div>\n\t\t\t\t\t<\/div>\n\t\t\t\t<\/div>\n\t\t<div class=\"elementor-element elementor-element-912da47 e-flex e-con-boxed e-con e-child\" data-id=\"912da47\" data-element_type=\"container\" data-e-type=\"container\" data-settings=\"{&quot;background_background&quot;:&quot;classic&quot;}\">\n\t\t\t\t\t<div class=\"e-con-inner\">\n\t\t\t\t<div class=\"elementor-element elementor-element-664a149 elementor-widget elementor-widget-text-editor\" data-id=\"664a149\" data-element_type=\"widget\" data-e-type=\"widget\" data-widget_type=\"text-editor.default\">\n\t\t\t\t\t\t\t\t\t<p><strong>Erreichbarkeit<\/strong><br>U9 Bhf Walther-Schreiber-Platz\/Schlo\u00dfstra\u00dfe<br>M48, M76, 181, 182, M85, 186, 282<\/p>\t\t\t\t\t\t\t\t<\/div>\n\t\t\t\t\t<\/div>\n\t\t\t\t<\/div>\n\t\t<div class=\"elementor-element elementor-element-b0c74dc e-flex e-con-boxed e-con e-child\" data-id=\"b0c74dc\" data-element_type=\"container\" data-e-type=\"container\" data-settings=\"{&quot;background_background&quot;:&quot;classic&quot;}\">\n\t\t\t\t\t<div class=\"e-con-inner\">\n\t\t\t\t<div class=\"elementor-element elementor-element-cceabab elementor-widget elementor-widget-text-editor\" data-id=\"cceabab\" data-element_type=\"widget\" data-e-type=\"widget\" data-widget_type=\"text-editor.default\">\n\t\t\t\t\t\t\t\t\t<p><strong>Anfragen und Kontakt<br><\/strong>Ute Tervooren<br>Tel. 030 792 92 42<br><a href=\"mailto:freizeitclub@aktion-weitblick.de\">E-Mail<\/a><\/p>\t\t\t\t\t\t\t\t<\/div>\n\t\t\t\t\t<\/div>\n\t\t\t\t<\/div>\n\t\t\t\t<\/div>\n\t\t\t\t<\/div>\n\t\t\t\t\t<\/div>\n\t\t\t\t<\/div>\n\t\t\t\t<\/div>\n\t\t","protected":false},"excerpt":{"rendered":"<p>Unser Ziel:Selbstst\u00e4ndig wohnen und leben. Ein vielf\u00e4ltiges Angebot: Unser Freizeit\u00b7club Zum aktuellen Programm Unser Freizeit\u00b7club ist ein Treff\u00b7punkt in Berlin.Hier k\u00f6nnen sich Menschen mit Unterst\u00fctzungs\u00b7bedarf treffen. Sie k\u00f6nnen auch Freunde und Familie mit\u00b7bringen.Der Freizeit\u00b7club ist offen f\u00fcr alle:Menschen, die bei Aktion Weitblick wohnenMenschen, die fr\u00fcher bei uns gewohnt habenMenschen mit Unterst\u00fctzungs\u00b7bedarf aus ganz BerlinZusammen gestalten [&hellip;]<\/p>\n","protected":false},"author":8,"featured_media":1634,"parent":12102,"menu_order":26,"comment_status":"closed","ping_status":"closed","template":"","meta":{"_acf_changed":false,"footnotes":""},"class_list":["post-12309","page","type-page","status-publish","has-post-thumbnail","hentry"],"acf":[],"_links":{"self":[{"href":"https:\/\/www.aktion-weitblick.de\/ls\/wp-json\/wp\/v2\/pages\/12309","targetHints":{"allow":["GET"]}}],"collection":[{"href":"https:\/\/www.aktion-weitblick.de\/ls\/wp-json\/wp\/v2\/pages"}],"about":[{"href":"https:\/\/www.aktion-weitblick.de\/ls\/wp-json\/wp\/v2\/types\/page"}],"author":[{"embeddable":true,"href":"https:\/\/www.aktion-weitblick.de\/ls\/wp-json\/wp\/v2\/users\/8"}],"replies":[{"embeddable":true,"href":"https:\/\/www.aktion-weitblick.de\/ls\/wp-json\/wp\/v2\/comments?post=12309"}],"version-history":[{"count":5,"href":"https:\/\/www.aktion-weitblick.de\/ls\/wp-json\/wp\/v2\/pages\/12309\/revisions"}],"predecessor-version":[{"id":13698,"href":"https:\/\/www.aktion-weitblick.de\/ls\/wp-json\/wp\/v2\/pages\/12309\/revisions\/13698"}],"up":[{"embeddable":true,"href":"https:\/\/www.aktion-weitblick.de\/ls\/wp-json\/wp\/v2\/pages\/12102"}],"wp:featuredmedia":[{"embeddable":true,"href":"https:\/\/www.aktion-weitblick.de\/ls\/wp-json\/wp\/v2\/media\/1634"}],"wp:attachment":[{"href":"https:\/\/www.aktion-weitblick.de\/ls\/wp-json\/wp\/v2\/media?parent=12309"}],"curies":[{"name":"wp","href":"https:\/\/api.w.org\/{rel}","templated":true}]}}