{"id":12158,"date":"2023-04-27T11:38:28","date_gmt":"2023-04-27T09:38:28","guid":{"rendered":"https:\/\/www.aktion-weitblick.de\/unsere-angebote-im-ueberblick\/therapeutischer-wohnverbund\/"},"modified":"2026-02-12T10:25:32","modified_gmt":"2026-02-12T09:25:32","slug":"wohngemeinschaften-wg","status":"publish","type":"page","link":"https:\/\/www.aktion-weitblick.de\/ls\/unsere-angebote\/wohngemeinschaften-wg\/","title":{"rendered":"Therapeutischer Wohn\u00b7verbund"},"content":{"rendered":"\t\t<div data-elementor-type=\"wp-page\" data-elementor-id=\"12158\" class=\"elementor elementor-12158 elementor-2319\" data-elementor-post-type=\"page\">\n\t\t\t\t<div class=\"elementor-element elementor-element-590ff19 e-flex e-con-boxed e-con e-parent\" data-id=\"590ff19\" data-element_type=\"container\" data-e-type=\"container\" data-settings=\"{&quot;background_background&quot;:&quot;classic&quot;}\">\n\t\t\t\t\t<div class=\"e-con-inner\">\n\t\t<div class=\"elementor-element elementor-element-246c1b7a e-flex e-con-boxed e-con e-child\" data-id=\"246c1b7a\" data-element_type=\"container\" data-e-type=\"container\" data-settings=\"{&quot;background_background&quot;:&quot;classic&quot;}\">\n\t\t\t\t\t<div class=\"e-con-inner\">\n\t\t<div class=\"elementor-element elementor-element-220447b1 e-con-full e-flex e-con e-child\" data-id=\"220447b1\" data-element_type=\"container\" data-e-type=\"container\" data-settings=\"{&quot;background_background&quot;:&quot;classic&quot;,&quot;position&quot;:&quot;absolute&quot;,&quot;animation&quot;:&quot;none&quot;}\">\n\t\t\t\t<div class=\"elementor-element elementor-element-40eeec33 elementor-widget elementor-widget-text-editor\" data-id=\"40eeec33\" data-element_type=\"widget\" data-e-type=\"widget\" data-widget_type=\"text-editor.default\">\n\t\t\t\t\t\t\t\t\t<p>Unser Ziel:<br>Selbstst\u00e4ndig wohnen und leben.<\/p>\t\t\t\t\t\t\t\t<\/div>\n\t\t\t\t<\/div>\n\t\t\t\t<div class=\"elementor-element elementor-element-41804461 elementor-absolute elementor-widget elementor-widget-text-editor\" data-id=\"41804461\" data-element_type=\"widget\" data-e-type=\"widget\" data-settings=\"{&quot;_position&quot;:&quot;absolute&quot;}\" data-widget_type=\"text-editor.default\">\n\t\t\t\t\t\t\t\t\t<nav class=\"breadcrumb\"><span class=\"current-page\">Therapeutischer Wohn\u00b7verbund<\/span><\/nav>\t\t\t\t\t\t\t\t<\/div>\n\t\t\t\t\t<\/div>\n\t\t\t\t<\/div>\n\t\t\t\t\t<\/div>\n\t\t\t\t<\/div>\n\t\t<div class=\"elementor-element elementor-element-3fef88e e-flex e-con-boxed e-con e-parent\" data-id=\"3fef88e\" data-element_type=\"container\" data-e-type=\"container\" data-settings=\"{&quot;background_background&quot;:&quot;classic&quot;}\">\n\t\t\t\t\t<div class=\"e-con-inner\">\n\t\t\t\t<div class=\"elementor-element elementor-element-3b9afe1f elementor-search-form--button-type-text elementor-widget__width-initial elementor-search-form--skin-classic elementor-widget elementor-widget-global elementor-global-5545 elementor-widget-search-form\" data-id=\"3b9afe1f\" data-element_type=\"widget\" data-e-type=\"widget\" data-settings=\"{&quot;skin&quot;:&quot;classic&quot;}\" data-widget_type=\"search-form.default\">\n\t\t\t\t\t\t\t<search role=\"search\">\n\t\t\t<form class=\"elementor-search-form\" action=\"https:\/\/www.aktion-weitblick.de\/ls\/\" method=\"get\">\n\t\t\t\t\t\t\t\t\t\t\t\t<div class=\"elementor-search-form__container\">\n\t\t\t\t\t<label class=\"elementor-screen-only\" for=\"elementor-search-form-3b9afe1f\">Search<\/label>\n\n\t\t\t\t\t\n\t\t\t\t\t<input id=\"elementor-search-form-3b9afe1f\" placeholder=\"\" class=\"elementor-search-form__input\" type=\"search\" name=\"s\" value=\"\">\n\t\t\t\t\t<input type='hidden' name='lang' value='ls' \/>\n\t\t\t\t\t\t\t\t\t\t\t<button class=\"elementor-search-form__submit\" type=\"submit\" aria-label=\"Search\">\n\t\t\t\t\t\t\t\t\t\t\t\t\t\t\tSuche\t\t\t\t\t\t\t\t\t\t\t\t\t<\/button>\n\t\t\t\t\t\n\t\t\t\t\t\t\t\t\t<\/div>\n\t\t\t<\/form>\n\t\t<\/search>\n\t\t\t\t\t\t<\/div>\n\t\t\t\t\t<\/div>\n\t\t\t\t<\/div>\n\t\t<div class=\"elementor-element elementor-element-6bb5b6f6 e-flex e-con-boxed e-con e-parent\" data-id=\"6bb5b6f6\" data-element_type=\"container\" data-e-type=\"container\">\n\t\t\t\t\t<div class=\"e-con-inner\">\n\t\t\t\t<div class=\"elementor-element elementor-element-21178a64 elementor-widget elementor-widget-heading\" data-id=\"21178a64\" data-element_type=\"widget\" data-e-type=\"widget\" data-widget_type=\"heading.default\">\n\t\t\t\t\t<h1 class=\"elementor-heading-title elementor-size-default\">Therapeutischer Wohn\u00b7verbund<\/h1>\t\t\t\t<\/div>\n\t\t\t\t\t<\/div>\n\t\t\t\t<\/div>\n\t\t<div class=\"elementor-element elementor-element-2713cc06 e-flex e-con-boxed e-con e-parent\" data-id=\"2713cc06\" data-element_type=\"container\" data-e-type=\"container\">\n\t\t\t\t\t<div class=\"e-con-inner\">\n\t\t<div class=\"elementor-element elementor-element-15359abc e-con-full e-flex e-con e-child\" data-id=\"15359abc\" data-element_type=\"container\" data-e-type=\"container\">\n\t\t\t\t<div class=\"elementor-element elementor-element-6aa8a0e t_liste elementor-widget elementor-widget-text-editor\" data-id=\"6aa8a0e\" data-element_type=\"widget\" data-e-type=\"widget\" data-widget_type=\"text-editor.default\">\n\t\t\t\t\t\t\t\t\t<h2><strong>Leben im therapeutischen Wohn\u00b7verbund<\/strong><\/h2><p>Der therapeutische Wohn\u00b7verbund in Neuk\u00f6lln ist f\u00fcr:<br>&#8211; Menschen mit seelischer Behinderung<br>&#8211; Menschen mit psychischer Erkrankung<br>Wir bieten:<br>&#8211; Therapeutische Wohn\u00b7gruppe<br>&#8211; Betreutes Einzel\u00b7wohnen (TBEW) f\u00fcr Menschen, die alleine leben m\u00f6chten <\/p><p>Was ist das Besondere an diesem Verbund?<br>Manche Menschen wohnen lange in einer Gruppe.<br>Dann m\u00f6chten sie alleine wohnen.<br>In diesem Verbund ist das m\u00f6glich.<br>Der gro\u00dfe Vorteil:<br>Die Betreuerinnen und Betreuer bleiben die gleichen.<br>Und Sie bleiben in Ihrer gewohnten Umgebung.   <\/p><p>Wir begleiten und unterst\u00fctzen die Menschen.<br>Mit sozial\u00b7therapeutischen Leistungen.<br>Die Menschen w\u00fcnschen sich diese Leistungen.<br>Die Leistungen sind angemessen f\u00fcr sie.<\/p><h2><strong>Ein Verbund \u2013 Zwei Angebote<\/strong><\/h2><div> <\/div>\t\t\t\t\t\t\t\t<\/div>\n\t\t\t\t<div class=\"elementor-element elementor-element-99b01f8 t_liste elementor-widget elementor-widget-text-editor\" data-id=\"99b01f8\" data-element_type=\"widget\" data-e-type=\"widget\" data-widget_type=\"text-editor.default\">\n\t\t\t\t\t\t\t\t\t<h3>Therapeutisch betreute Wohn\u00b7gemeinschaft (TWG)<\/h3><p>Das Ziel unserer Arbeit in den Wohn\u00b7gemeinschaften ist:<br>Sie sollen so selbst\u00b7st\u00e4ndig wie m\u00f6glich leben. Dabei achten wir auf das, was Sie k\u00f6nnen.<br>Und wir unterst\u00fctzen Sie dabei:<br>Sich pers\u00f6nlich weiter\u00b7zu\u00b7entwickeln<br>Am Leben in der Gemeinschaft teil\u00b7zu\u00b7nehmen<\/p><p>Dieses Angebot ist gut f\u00fcr:<\/p><ul><li>Menschen, die gern in einer Gemeinschaft leben wollen.<\/li><li>Menschen die sich gegenseitig unterst\u00fctzen wollen.<\/li><\/ul>\t\t\t\t\t\t\t\t<\/div>\n\t\t\t\t<div class=\"elementor-element elementor-element-2dc6d68 elementor-align-left elementor-widget elementor-widget-button\" data-id=\"2dc6d68\" data-element_type=\"widget\" data-e-type=\"widget\" data-widget_type=\"button.default\">\n\t\t\t\t\t\t\t\t\t\t<a class=\"elementor-button elementor-button-link elementor-size-xs\" href=\"https:\/\/www.aktion-weitblick.de\/ls\/bereiche\/therapeutischer-wohnverbund\/\">\n\t\t\t\t\t\t<span class=\"elementor-button-content-wrapper\">\n\t\t\t\t\t\t\t\t\t<span class=\"elementor-button-text\">Standorte Therapeutischer Wohn\u00b7verbund<\/span>\n\t\t\t\t\t<\/span>\n\t\t\t\t\t<\/a>\n\t\t\t\t\t\t\t\t<\/div>\n\t\t\t\t<div class=\"elementor-element elementor-element-43b4aa9 t_liste elementor-widget elementor-widget-text-editor\" data-id=\"43b4aa9\" data-element_type=\"widget\" data-e-type=\"widget\" data-widget_type=\"text-editor.default\">\n\t\t\t\t\t\t\t\t\t<h3>Therapeutisch betreutes Einzelwohnen<br>Kurz: TBEW<\/h3><p>Betreutes Einzel\u00b7wohnen hei\u00dft kurz: BEW.<br>Beim BEW wohnen Sie in Ihrer eigenen Wohnung.<br>Aktion Weitblick kommt zu Ihnen nach Hause.<br>Sie bekommen Hilfe f\u00fcr den Alltag.<br>Die Hilfe ist stunden\u00b7weise.<br>Auch Paare und Familien k\u00f6nnen Hilfe bekommen.<br>Sie bestimmen selbst:<br>Wie lange brauche ich Unterst\u00fctzung?   <\/p><p>Dieses Angebot ist gut f\u00fcr:<\/p><ul><li>Menschen, die in der eigenen Wohnung leben wollen. <br>Und die Unterst\u00fctzung brauchen.<\/li><li>Menschen mit vielen F\u00e4higkeiten.<br>Sie brauchen nur in Teil\u00b7bereichen sozial\u00b7p\u00e4dagogische Hilfe.<\/li><li>Menschen, die nicht in einer Gruppe leben m\u00f6chten.<\/li><li>BEW ist auch m\u00f6glich:<br>&#8211; Bei den Eltern<br>&#8211; Ohne eigene Wohnung<\/li><\/ul>\t\t\t\t\t\t\t\t<\/div>\n\t\t\t\t<div class=\"elementor-element elementor-element-f4d667e elementor-align-left elementor-widget elementor-widget-button\" data-id=\"f4d667e\" data-element_type=\"widget\" data-e-type=\"widget\" data-widget_type=\"button.default\">\n\t\t\t\t\t\t\t\t\t\t<a class=\"elementor-button elementor-button-link elementor-size-xs\" href=\"https:\/\/www.aktion-weitblick.de\/ls\/bereiche\/bew-verbundwohnungen\/\">\n\t\t\t\t\t\t<span class=\"elementor-button-content-wrapper\">\n\t\t\t\t\t\t\t\t\t<span class=\"elementor-button-text\">Standorte: BEW-Verbund\u00b7wohnungen<\/span>\n\t\t\t\t\t<\/span>\n\t\t\t\t\t<\/a>\n\t\t\t\t\t\t\t\t<\/div>\n\t\t\t\t<\/div>\n\t\t<div class=\"elementor-element elementor-element-1382745f e-con-full e-flex e-con e-child\" data-id=\"1382745f\" data-element_type=\"container\" data-e-type=\"container\">\n\t\t<div class=\"elementor-element elementor-element-2b560837 e-con-full e-flex e-con e-child\" data-id=\"2b560837\" data-element_type=\"container\" data-e-type=\"container\">\n\t\t\t\t<div class=\"elementor-element elementor-element-49b93a2 elementor-widget elementor-widget-ucaddon_uc_material_bullets\" data-id=\"49b93a2\" data-element_type=\"widget\" data-e-type=\"widget\" data-widget_type=\"ucaddon_uc_material_bullets.default\">\n\t\t\t\t<div class=\"elementor-widget-container\">\n\t\t\t\t\t\n\n\t\t<link id='font-awesome-css' href='https:\/\/www.aktion-weitblick.de\/wp-content\/plugins\/unlimited-elements-for-elementor-premium\/assets_libraries\/font-awesome6\/fontawesome-all.min.css' type='text\/css' rel='stylesheet' >\n\t\t<link id='font-awesome-4-shim-css' href='https:\/\/www.aktion-weitblick.de\/wp-content\/plugins\/unlimited-elements-for-elementor-premium\/assets_libraries\/font-awesome6\/fontawesome-v4-shims.min.css' type='text\/css' rel='stylesheet' >\n\n<style>\/* widget: Icon Bullets *\/\n\n\r\n@keyframes uc_uc_material_bullets_elementor_49b93a2__item-animation {\r\n  0% {\r\n            \r\n        \t        \tfilter: blur(10px);\r\n\t\t\t\r\n    \t    opacity: 0;\r\n  }\r\n  100% {\r\n            \r\n        \t            filter: blur(0px);\r\n            \r\n    \t\topacity: 1;\r\n  }\r\n}\r\n\r\n\r\n#uc_uc_material_bullets_elementor_49b93a2 .uc_material_bullets_row{\r\n\topacity:0;\r\n}\r\n\r\n\r\n#uc_uc_material_bullets_elementor_49b93a2 .uc-entrance-animate {\r\n  opacity:1;\r\n}\r\n\r\n#uc_uc_material_bullets_elementor_49b93a2 .uc-entrance-animate {\r\n\tanimation: uc_uc_material_bullets_elementor_49b93a2__item-animation 0.6s cubic-bezier(0.470, 0.000, 0.745, 0.715) both;\r\n}\r\n\r\n\t\t\t\n\n#uc_uc_material_bullets_elementor_49b93a2 *{\n\t-webkit-box-sizing: border-box;\n\t-moz-box-sizing: border-box;\n\tbox-sizing: border-box;\n}\n\n#uc_uc_material_bullets_elementor_49b93a2 .uc-bullet-active{\n}\n\n\n#uc_uc_material_bullets_elementor_49b93a2 .ue-icon\n{\n  display:flex;\n  align-items:center;\n  justify-content:center;\n  flex-grow:0;\n  flex-shrink:0;\n  line-height:1em;\n  transition:0.3s;\n}\n\n#uc_uc_material_bullets_elementor_49b93a2 .ue-icon svg\n{\n  height:1em;\n  width:1em;\n}\n\n\n#uc_uc_material_bullets_elementor_49b93a2 .uc_material_bullets_row\n{\n\tfont-weight:400;\n\toverflow:hidden;\n\tdisplay:flex;\n\tposition:relative;\n\ttext-align:left;\n\twidth:100%;\n   \n    transition:0.3s;\n}\n\n\n#uc_uc_material_bullets_elementor_49b93a2 .uc_material_bullets_row a.ue-item-link\n{\n  position:absolute;\n  display:block;\n  top:0;\n  right:0;\n  left:0;\n  bottom:0;\n}\n\n#uc_uc_material_bullets_elementor_49b93a2 .uc_material_bullets_row:last-child\n{\n\tmargin-bottom:0px !important;\n}\n\n\n#uc_uc_material_bullets_elementor_49b93a2 .uc_material_bullets_row \n{\n\tposition:relative;\n\tvertical-align:middle;\n}\n\n#uc_uc_material_bullets_elementor_49b93a2 .uc_material_bullets_row .uc_content_box\n{\n\tdisplay:flex;\n    flex-direction:column;\n    justify-content:center;\n    align-items: flex-start;\n    flex-grow:1;\n}\n\n#uc_uc_material_bullets_elementor_49b93a2 .ue-bullets\n{\n  display:grid;\n}\n\n#uc_uc_material_bullets_elementor_49b93a2 .ue-text, #uc_uc_material_bullets_elementor_49b93a2 .ue-title, #uc_uc_material_bullets_elementor_49b93a2 .ue-seperator\n{\n  width:100%;\n}\n\n#uc_uc_material_bullets_elementor_49b93a2 .ue-seperator-line\n{\n  display:inline-block;\n  font-size:0px;\n}\n\n#uc_uc_material_bullets_elementor_49b93a2 .ue-seperator\n{\n  font-size:0px;\n}\n\n#uc_uc_material_bullets_elementor_49b93a2.uc-remote-parent .uc_material_bullets_row\n{\n  cursor:pointer;\n}\n\n.ue-title\n{\n  font-size:21px;\n  margin:0;\n}\n\n<\/style>\n\n<div class=\"uc_material_bullets  \"  id=\"uc_uc_material_bullets_elementor_49b93a2\"  >   \t\n    \t<div class=\"ue-bullets uc-items-wrapper\">\n          \t<div class=\"uc_material_bullets_row elementor-repeater-item-bca9bf4\">\n              <div class=\"ue-icon\">\n                    <?xml version=\"1.0\" encoding=\"utf-8\"?>\r\n<!-- Generator: Adobe Illustrator 23.0.3, SVG Export Plug-In . SVG Version: 6.00 Build 0)  -->\r\n<svg version=\"1.1\" id=\"Ebene_1\" xmlns=\"http:\/\/www.w3.org\/2000\/svg\" xmlns:xlink=\"http:\/\/www.w3.org\/1999\/xlink\" x=\"0px\" y=\"0px\"\r\n\t viewBox=\"0 0 60 60\" style=\"enable-background:new 0 0 60 60;\" xml:space=\"preserve\">\r\n<style type=\"text\/css\">\r\n\t.st0{fill:none;stroke:#000000;stroke-width:0.7087;stroke-linecap:round;stroke-linejoin:round;stroke-miterlimit:10;}\r\n<\/style>\r\n<g>\r\n\t<line class=\"st0\" x1=\"28.4\" y1=\"17.4\" x2=\"40.2\" y2=\"17.4\"\/>\r\n\t<line class=\"st0\" x1=\"28.4\" y1=\"20.8\" x2=\"40.2\" y2=\"20.8\"\/>\r\n\t<line class=\"st0\" x1=\"28.4\" y1=\"24.1\" x2=\"34.7\" y2=\"24.1\"\/>\r\n\t<path class=\"st0\" d=\"M34.3,11.7C28,11.7,23,15.4,23,20.6c0,2.7,1.4,4.9,3.6,6.6l0,0l-1.5,5.7c-0.1,0.4,0.3,0.8,0.7,0.6l6.9-3.8l0,0\r\n\t\tc0.6,0.1,1,0.1,1.6,0.1c6.3,0,11.3-3.9,11.3-9.1C45.6,15.4,40.6,11.7,34.3,11.7z\"\/>\r\n<\/g>\r\n<g>\r\n\t<g>\r\n\t\t<line class=\"st0\" x1=\"13.6\" y1=\"23.8\" x2=\"20.9\" y2=\"22.6\"\/>\r\n\t\t<line class=\"st0\" x1=\"16.9\" y1=\"44.7\" x2=\"31.5\" y2=\"42.4\"\/>\r\n\t\t<line class=\"st0\" x1=\"22.8\" y1=\"45.9\" x2=\"25.7\" y2=\"45.4\"\/>\r\n\t\t<path class=\"st0\" d=\"M29.7,31.2l2.2,14c0.1,0.8-0.4,1.5-1.2,1.6L19,48.7c-0.8,0.1-1.5-0.4-1.6-1.2l-3.9-24.8\r\n\t\t\tc-0.1-0.8,0.4-1.5,1.2-1.6l5.9-1\"\/>\r\n\t<\/g>\r\n<\/g>\r\n<\/svg>\r\n                    \t\n\n                \n              <\/div>\n  <div class=\"uc_content_box uc_ceal\">\n    <div class=\"ue-title\">KONTAKT<\/div>\n    \n    \t\n    \n    <div class=\"ue-text\">Schreiben Sie uns<\/div>\t\n  <\/div>\n   \n      <a href=\"https:\/\/www.aktion-weitblick.de\/ls\/ueber-aktion-weitblick\/kontakt\/\" class=\"ue-item-link\" ><\/a>\n  \t\n<\/div>\n\n      <\/div>\n<\/div>\t\t\t\t<\/div>\n\t\t\t\t<\/div>\n\t\t<div class=\"elementor-element elementor-element-fd0175e e-flex e-con-boxed e-con e-child\" data-id=\"fd0175e\" data-element_type=\"container\" data-e-type=\"container\" data-settings=\"{&quot;background_background&quot;:&quot;classic&quot;}\">\n\t\t\t\t\t<div class=\"e-con-inner\">\n\t\t\t\t<div class=\"elementor-element elementor-element-d1ac738 elementor-widget elementor-widget-text-editor\" data-id=\"d1ac738\" data-element_type=\"widget\" data-e-type=\"widget\" data-widget_type=\"text-editor.default\">\n\t\t\t\t\t\t\t\t\t<p class=\"has-black-color has-gray-100-background-color has-text-color has-background\"><strong>Wichtig:<\/strong><br>Aufnahme nur \u00fcber die <br><a href=\"https:\/\/www.berlin.de\/lb\/psychiatrie\/in-den-bezirken\/psychiatriekoordination\/\"><strong>Psychiatriekoordination des Bezirkes Neuk\u00f6lln<\/strong><\/a><\/p>\t\t\t\t\t\t\t\t<\/div>\n\t\t\t\t\t<\/div>\n\t\t\t\t<\/div>\n\t\t\t\t<\/div>\n\t\t\t\t<\/div>\n\t\t\t\t\t<\/div>\n\t\t\t\t<\/div>\n\t\t\t\t<\/div>\n\t\t","protected":false},"excerpt":{"rendered":"<p>Unser Ziel:Selbstst\u00e4ndig wohnen und leben. Leben im therapeutischen Wohn\u00b7verbund Der therapeutische Wohn\u00b7verbund in Neuk\u00f6lln ist f\u00fcr:&#8211; Menschen mit seelischer Behinderung&#8211; Menschen mit psychischer ErkrankungWir bieten:&#8211; Therapeutische Wohn\u00b7gruppe&#8211; Betreutes Einzel\u00b7wohnen (TBEW) f\u00fcr Menschen, die alleine leben m\u00f6chten Was ist das Besondere an diesem Verbund?Manche Menschen wohnen lange in einer Gruppe.Dann m\u00f6chten sie alleine wohnen.In diesem Verbund [&hellip;]<\/p>\n","protected":false},"author":8,"featured_media":12153,"parent":12102,"menu_order":27,"comment_status":"closed","ping_status":"closed","template":"","meta":{"_acf_changed":false,"footnotes":""},"class_list":["post-12158","page","type-page","status-publish","has-post-thumbnail","hentry"],"acf":[],"_links":{"self":[{"href":"https:\/\/www.aktion-weitblick.de\/ls\/wp-json\/wp\/v2\/pages\/12158","targetHints":{"allow":["GET"]}}],"collection":[{"href":"https:\/\/www.aktion-weitblick.de\/ls\/wp-json\/wp\/v2\/pages"}],"about":[{"href":"https:\/\/www.aktion-weitblick.de\/ls\/wp-json\/wp\/v2\/types\/page"}],"author":[{"embeddable":true,"href":"https:\/\/www.aktion-weitblick.de\/ls\/wp-json\/wp\/v2\/users\/8"}],"replies":[{"embeddable":true,"href":"https:\/\/www.aktion-weitblick.de\/ls\/wp-json\/wp\/v2\/comments?post=12158"}],"version-history":[{"count":5,"href":"https:\/\/www.aktion-weitblick.de\/ls\/wp-json\/wp\/v2\/pages\/12158\/revisions"}],"predecessor-version":[{"id":13446,"href":"https:\/\/www.aktion-weitblick.de\/ls\/wp-json\/wp\/v2\/pages\/12158\/revisions\/13446"}],"up":[{"embeddable":true,"href":"https:\/\/www.aktion-weitblick.de\/ls\/wp-json\/wp\/v2\/pages\/12102"}],"wp:featuredmedia":[{"embeddable":true,"href":"https:\/\/www.aktion-weitblick.de\/ls\/wp-json\/wp\/v2\/media\/12153"}],"wp:attachment":[{"href":"https:\/\/www.aktion-weitblick.de\/ls\/wp-json\/wp\/v2\/media?parent=12158"}],"curies":[{"name":"wp","href":"https:\/\/api.w.org\/{rel}","templated":true}]}}