{"id":12110,"date":"2023-01-29T18:02:05","date_gmt":"2023-01-29T17:02:05","guid":{"rendered":"https:\/\/www.aktion-weitblick.de\/unsere-angebote-im-ueberblick\/betreutes-einzelwohnen\/"},"modified":"2026-02-12T10:10:25","modified_gmt":"2026-02-12T09:10:25","slug":"betreutes-einzelwohnen","status":"publish","type":"page","link":"https:\/\/www.aktion-weitblick.de\/ls\/unsere-angebote\/betreutes-einzelwohnen\/","title":{"rendered":"Betreutes Einzel\u00b7wohnen <br> Kurz: BEW"},"content":{"rendered":"\t\t<div data-elementor-type=\"wp-page\" data-elementor-id=\"12110\" class=\"elementor elementor-12110 elementor-139\" data-elementor-post-type=\"page\">\n\t\t\t\t<div class=\"elementor-element elementor-element-4b27fc12 e-flex e-con-boxed e-con e-parent\" data-id=\"4b27fc12\" data-element_type=\"container\" data-e-type=\"container\" data-settings=\"{&quot;background_background&quot;:&quot;classic&quot;}\">\n\t\t\t\t\t<div class=\"e-con-inner\">\n\t\t<div class=\"elementor-element elementor-element-3fc0288 e-flex e-con-boxed e-con e-child\" data-id=\"3fc0288\" data-element_type=\"container\" data-e-type=\"container\" data-settings=\"{&quot;background_background&quot;:&quot;classic&quot;}\">\n\t\t\t\t\t<div class=\"e-con-inner\">\n\t\t<div class=\"elementor-element elementor-element-156b730b e-con-full e-flex e-con e-child\" data-id=\"156b730b\" data-element_type=\"container\" data-e-type=\"container\" data-settings=\"{&quot;background_background&quot;:&quot;classic&quot;,&quot;position&quot;:&quot;absolute&quot;,&quot;animation&quot;:&quot;none&quot;}\">\n\t\t\t\t<div class=\"elementor-element elementor-element-74c4a235 elementor-widget elementor-widget-text-editor\" data-id=\"74c4a235\" data-element_type=\"widget\" data-e-type=\"widget\" data-widget_type=\"text-editor.default\">\n\t\t\t\t\t\t\t\t\t<p>Unser Ziel:<br>Selbstst\u00e4ndig wohnen und leben.<\/p>\t\t\t\t\t\t\t\t<\/div>\n\t\t\t\t<\/div>\n\t\t\t\t<div class=\"elementor-element elementor-element-36fe8223 elementor-absolute elementor-widget elementor-widget-text-editor\" data-id=\"36fe8223\" data-element_type=\"widget\" data-e-type=\"widget\" data-settings=\"{&quot;_position&quot;:&quot;absolute&quot;}\" data-widget_type=\"text-editor.default\">\n\t\t\t\t\t\t\t\t\t<nav class=\"breadcrumb\"><span class=\"current-page\">Betreutes Einzel\u00b7wohnen &lt;br&gt; Kurz: BEW<\/span><\/nav>\t\t\t\t\t\t\t\t<\/div>\n\t\t\t\t\t<\/div>\n\t\t\t\t<\/div>\n\t\t\t\t\t<\/div>\n\t\t\t\t<\/div>\n\t\t<div class=\"elementor-element elementor-element-520f27d e-flex e-con-boxed e-con e-parent\" data-id=\"520f27d\" data-element_type=\"container\" data-e-type=\"container\" data-settings=\"{&quot;background_background&quot;:&quot;classic&quot;}\">\n\t\t\t\t\t<div class=\"e-con-inner\">\n\t\t\t\t<div class=\"elementor-element elementor-element-acae7e elementor-search-form--button-type-text elementor-widget__width-initial elementor-search-form--skin-classic elementor-widget elementor-widget-global elementor-global-5545 elementor-widget-search-form\" data-id=\"acae7e\" data-element_type=\"widget\" data-e-type=\"widget\" data-settings=\"{&quot;skin&quot;:&quot;classic&quot;}\" data-widget_type=\"search-form.default\">\n\t\t\t\t\t\t\t<search role=\"search\">\n\t\t\t<form class=\"elementor-search-form\" action=\"https:\/\/www.aktion-weitblick.de\/ls\/\" method=\"get\">\n\t\t\t\t\t\t\t\t\t\t\t\t<div class=\"elementor-search-form__container\">\n\t\t\t\t\t<label class=\"elementor-screen-only\" for=\"elementor-search-form-acae7e\">Search<\/label>\n\n\t\t\t\t\t\n\t\t\t\t\t<input id=\"elementor-search-form-acae7e\" placeholder=\"\" class=\"elementor-search-form__input\" type=\"search\" name=\"s\" value=\"\">\n\t\t\t\t\t<input type='hidden' name='lang' value='ls' \/>\n\t\t\t\t\t\t\t\t\t\t\t<button class=\"elementor-search-form__submit\" type=\"submit\" aria-label=\"Search\">\n\t\t\t\t\t\t\t\t\t\t\t\t\t\t\tSuche\t\t\t\t\t\t\t\t\t\t\t\t\t<\/button>\n\t\t\t\t\t\n\t\t\t\t\t\t\t\t\t<\/div>\n\t\t\t<\/form>\n\t\t<\/search>\n\t\t\t\t\t\t<\/div>\n\t\t\t\t\t<\/div>\n\t\t\t\t<\/div>\n\t\t<div class=\"elementor-element elementor-element-634dc411 e-flex e-con-boxed e-con e-parent\" data-id=\"634dc411\" data-element_type=\"container\" data-e-type=\"container\">\n\t\t\t\t\t<div class=\"e-con-inner\">\n\t\t\t\t<div class=\"elementor-element elementor-element-ab28352 elementor-widget elementor-widget-heading\" data-id=\"ab28352\" data-element_type=\"widget\" data-e-type=\"widget\" data-widget_type=\"heading.default\">\n\t\t\t\t\t<h1 class=\"elementor-heading-title elementor-size-default\">Betreutes Einzel\u00b7wohnen <br> Kurz: BEW<\/h1>\t\t\t\t<\/div>\n\t\t\t\t\t<\/div>\n\t\t\t\t<\/div>\n\t\t<div class=\"elementor-element elementor-element-1e08ef97 e-flex e-con-boxed e-con e-parent\" data-id=\"1e08ef97\" data-element_type=\"container\" data-e-type=\"container\">\n\t\t\t\t\t<div class=\"e-con-inner\">\n\t\t<div class=\"elementor-element elementor-element-25cb45c2 e-con-full e-flex e-con e-child\" data-id=\"25cb45c2\" data-element_type=\"container\" data-e-type=\"container\">\n\t\t\t\t<div class=\"elementor-element elementor-element-17029797 t_liste elementor-widget elementor-widget-text-editor\" data-id=\"17029797\" data-element_type=\"widget\" data-e-type=\"widget\" data-widget_type=\"text-editor.default\">\n\t\t\t\t\t\t\t\t\t<h2><strong>Wohnen im Betreuten Einzel\u00b7wohnen<br>Kurz: BEW<\/strong><\/h2><p>Betreutes Einzel\u00b7wohnen hei\u00dft kurz: BEW.<br>Das BEW ist ein Angebot f\u00fcr Menschen mit Unterst\u00fctzungs\u00b7bedarf.<br>Sie wohnen alleine in einer Wohnung.<br>Die Wohnung kann Ihnen geh\u00f6ren.<br>Oder Sie mieten ein Zimmer bei Aktion Weitblick.<br>Eine Fach\u00b7kraft kommt zu Ihnen nach Hause.<br>Die Fach\u00b7kraft hilft Ihnen in Ihrem Alltag.<br>Sie bekommen die Unterst\u00fctzung dort, wo Sie leben.  <br>BEW k\u00f6nnen Sie auch beantragen, wenn Sie:<br>&#8211; im Eltern\u00b7haus leben<br>&#8211; mit jemand anderem zusammen wohnen.<\/p><p>Dieses Angebot ist gut f\u00fcr:<\/p><ul><li>Menschen, die in der eigenen Wohnung leben wollen. <br>Und die Unterst\u00fctzung brauchen.<\/li><li>Menschen mit vielen F\u00e4higkeiten.<br>Sie brauchen nur in manchen Bereichen Hilfe.<\/li><li>Menschen, die nicht in einer Gruppe leben m\u00f6chten.<\/li><\/ul><h2><strong>So unterst\u00fctzen wir Sie<\/strong><\/h2><p>Die Unterst\u00fctzung findet statt durch Haus\u00b7besuche,<br>Beratungs\u00b7gespr\u00e4che und Begleitungen. Wo finden die Beratungs\u00b7gespr\u00e4che statt?<br>In den Treff\u00b7punkten in Ihrem Bezirk. Zus\u00e4tzlich gibt es: Gruppen\u00b7angebote <br>und Freizeit\u00b7angebote.  <\/p><p>Die Assistenz ist meistens stunden\u00b7weise. <br>An Wochen\u00b7tagen oder am Wochen\u00b7ende. Es geht um Information und Hilfe\u00b7stellung.<br><br>Sie gestalten Ihr Leben \u00fcber\u00b7wiegend selbst\u00b7st\u00e4ndig.<br>In der Nacht gibt es keine Assistenz.<br>In der Nacht gibt es keine Versorgung.  <\/p>\t\t\t\t\t\t\t\t<\/div>\n\t\t\t\t<div class=\"elementor-element elementor-element-8e3ffe9 elementor-align-left elementor-widget elementor-widget-button\" data-id=\"8e3ffe9\" data-element_type=\"widget\" data-e-type=\"widget\" data-widget_type=\"button.default\">\n\t\t\t\t\t\t\t\t\t\t<a class=\"elementor-button elementor-button-link elementor-size-xs\" href=\"https:\/\/www.aktion-weitblick.de\/ls\/bereiche\/bew-verbundwohnungen\/\">\n\t\t\t\t\t\t<span class=\"elementor-button-content-wrapper\">\n\t\t\t\t\t\t\t\t\t<span class=\"elementor-button-text\">Standorte BEW Verbund\u00b7wohnungen<\/span>\n\t\t\t\t\t<\/span>\n\t\t\t\t\t<\/a>\n\t\t\t\t\t\t\t\t<\/div>\n\t\t\t\t<\/div>\n\t\t<div class=\"elementor-element elementor-element-56a242f5 e-con-full e-flex e-con e-child\" data-id=\"56a242f5\" data-element_type=\"container\" data-e-type=\"container\">\n\t\t<div class=\"elementor-element elementor-element-1825f499 e-con-full e-flex e-con e-child\" data-id=\"1825f499\" data-element_type=\"container\" data-e-type=\"container\">\n\t\t\t\t<div class=\"elementor-element elementor-element-38e0e7e elementor-widget elementor-widget-ucaddon_uc_material_bullets\" data-id=\"38e0e7e\" data-element_type=\"widget\" data-e-type=\"widget\" data-widget_type=\"ucaddon_uc_material_bullets.default\">\n\t\t\t\t<div class=\"elementor-widget-container\">\n\t\t\t\t\t\n\n\t\t<link id='font-awesome-css' href='https:\/\/www.aktion-weitblick.de\/wp-content\/plugins\/unlimited-elements-for-elementor-premium\/assets_libraries\/font-awesome6\/fontawesome-all.min.css' type='text\/css' rel='stylesheet' >\n\t\t<link id='font-awesome-4-shim-css' href='https:\/\/www.aktion-weitblick.de\/wp-content\/plugins\/unlimited-elements-for-elementor-premium\/assets_libraries\/font-awesome6\/fontawesome-v4-shims.min.css' type='text\/css' rel='stylesheet' >\n\n<style>\/* widget: Icon Bullets *\/\n\n\r\n@keyframes uc_uc_material_bullets_elementor_38e0e7e__item-animation {\r\n  0% {\r\n            \r\n        \t        \tfilter: blur(10px);\r\n\t\t\t\r\n    \t    opacity: 0;\r\n  }\r\n  100% {\r\n            \r\n        \t            filter: blur(0px);\r\n            \r\n    \t\topacity: 1;\r\n  }\r\n}\r\n\r\n\r\n#uc_uc_material_bullets_elementor_38e0e7e .uc_material_bullets_row{\r\n\topacity:0;\r\n}\r\n\r\n\r\n#uc_uc_material_bullets_elementor_38e0e7e .uc-entrance-animate {\r\n  opacity:1;\r\n}\r\n\r\n#uc_uc_material_bullets_elementor_38e0e7e .uc-entrance-animate {\r\n\tanimation: uc_uc_material_bullets_elementor_38e0e7e__item-animation 0.6s cubic-bezier(0.470, 0.000, 0.745, 0.715) both;\r\n}\r\n\r\n\t\t\t\n\n#uc_uc_material_bullets_elementor_38e0e7e *{\n\t-webkit-box-sizing: border-box;\n\t-moz-box-sizing: border-box;\n\tbox-sizing: border-box;\n}\n\n#uc_uc_material_bullets_elementor_38e0e7e .uc-bullet-active{\n}\n\n\n#uc_uc_material_bullets_elementor_38e0e7e .ue-icon\n{\n  display:flex;\n  align-items:center;\n  justify-content:center;\n  flex-grow:0;\n  flex-shrink:0;\n  line-height:1em;\n  transition:0.3s;\n}\n\n#uc_uc_material_bullets_elementor_38e0e7e .ue-icon svg\n{\n  height:1em;\n  width:1em;\n}\n\n\n#uc_uc_material_bullets_elementor_38e0e7e .uc_material_bullets_row\n{\n\tfont-weight:400;\n\toverflow:hidden;\n\tdisplay:flex;\n\tposition:relative;\n\ttext-align:left;\n\twidth:100%;\n   \n    transition:0.3s;\n}\n\n\n#uc_uc_material_bullets_elementor_38e0e7e .uc_material_bullets_row a.ue-item-link\n{\n  position:absolute;\n  display:block;\n  top:0;\n  right:0;\n  left:0;\n  bottom:0;\n}\n\n#uc_uc_material_bullets_elementor_38e0e7e .uc_material_bullets_row:last-child\n{\n\tmargin-bottom:0px !important;\n}\n\n\n#uc_uc_material_bullets_elementor_38e0e7e .uc_material_bullets_row \n{\n\tposition:relative;\n\tvertical-align:middle;\n}\n\n#uc_uc_material_bullets_elementor_38e0e7e .uc_material_bullets_row .uc_content_box\n{\n\tdisplay:flex;\n    flex-direction:column;\n    justify-content:center;\n    align-items: flex-start;\n    flex-grow:1;\n}\n\n#uc_uc_material_bullets_elementor_38e0e7e .ue-bullets\n{\n  display:grid;\n}\n\n#uc_uc_material_bullets_elementor_38e0e7e .ue-text, #uc_uc_material_bullets_elementor_38e0e7e .ue-title, #uc_uc_material_bullets_elementor_38e0e7e .ue-seperator\n{\n  width:100%;\n}\n\n#uc_uc_material_bullets_elementor_38e0e7e .ue-seperator-line\n{\n  display:inline-block;\n  font-size:0px;\n}\n\n#uc_uc_material_bullets_elementor_38e0e7e .ue-seperator\n{\n  font-size:0px;\n}\n\n#uc_uc_material_bullets_elementor_38e0e7e.uc-remote-parent .uc_material_bullets_row\n{\n  cursor:pointer;\n}\n\n.ue-title\n{\n  font-size:21px;\n  margin:0;\n}\n\n<\/style>\n\n<div class=\"uc_material_bullets  \"  id=\"uc_uc_material_bullets_elementor_38e0e7e\"  >   \t\n    \t<div class=\"ue-bullets uc-items-wrapper\">\n          \t<div class=\"uc_material_bullets_row elementor-repeater-item-dc4c9c6\">\n              <div class=\"ue-icon\">\n                    <?xml version=\"1.0\" encoding=\"utf-8\"?>\r\n<!-- Generator: Adobe Illustrator 23.0.3, SVG Export Plug-In . SVG Version: 6.00 Build 0)  -->\r\n<svg version=\"1.1\" id=\"Ebene_1\" xmlns=\"http:\/\/www.w3.org\/2000\/svg\" xmlns:xlink=\"http:\/\/www.w3.org\/1999\/xlink\" x=\"0px\" y=\"0px\"\r\n\t viewBox=\"0 0 60 60\" style=\"enable-background:new 0 0 60 60;\" xml:space=\"preserve\">\r\n<style type=\"text\/css\">\r\n\t.st0{fill:none;stroke:#000000;stroke-width:0.7087;stroke-linecap:round;stroke-linejoin:round;stroke-miterlimit:10;}\r\n\t.st1{fill:none;stroke:#000000;stroke-width:0.7087;stroke-miterlimit:10;}\r\n\t.st2{fill:none;stroke:#000000;stroke-width:0.7087;stroke-linecap:round;stroke-miterlimit:10;}\r\n<\/style>\r\n<g>\r\n\t<g>\r\n\t\t<path class=\"st0\" d=\"M15.9,35.6c4.9,1.5,8.1,4.2,11.4,6.4c2.3,1.5,3.5,1.3,3.5,1.3c4.3-0.7,16.1-3.9,16.7-4.7\r\n\t\t\tc0.1-0.2,0.2-0.4,0.1-0.6c-0.3-0.7-1.3-1.1-2-1.4C43.8,36,42,36.4,40.2,37c-1,0.3-2,0.6-3.1,0.8c-1.3,0.3-2.6,0.5-3.9,0.4\r\n\t\t\tc-2.4-0.2-4-1.2-6.4-3.5l-2.6-2.5c0.7-0.1,1.4-0.2,2.1-0.1c0.7,0.1,1.3,0.4,2,0.7c1,0.4,1.9,0.9,2.9,1.3c0.9,0.3,1.9,0.5,2.8,0\r\n\t\t\tc0.6-0.3,1.3-0.9,1.5-1.6c0.2-0.9-0.6-1-1.2-1.2c-1.5-0.5-5.3-2.3-5.8-2.5c-3.4-1.5-4.6-3.4-8.5-2.8\"\/>\r\n\t\t<path class=\"st0\" d=\"M36.9,34.6c1-0.4,2-0.4,3-0.1c1,0.3,2,0.7,2.7,1.5\"\/>\r\n\t<\/g>\r\n<\/g>\r\n<g>\r\n\t<path class=\"st1\" d=\"M40.9,29.9c-2.3-0.3-4.1-1.9-4.8-3.9l-9.5-1.4l-2.1-3.1l2.1-1.7l1.5,1.1l2.7-1.1l2.7,2l2.4-1.5l0.9,0.1\r\n\t\tc1.2-1.8,3.4-2.8,5.7-2.5c3.3,0.5,5.5,3.5,5.1,6.8C47.2,28,44.2,30.3,40.9,29.9z\"\/>\r\n\t<path class=\"st1\" d=\"M44.7,24.4c0.1-1-0.5-1.8-1.5-2s-1.8,0.5-2,1.5c-0.1,1,0.5,1.8,1.5,2C43.7,26,44.6,25.3,44.7,24.4z\"\/>\r\n<\/g>\r\n<polyline class=\"st2\" points=\"13.3,38.6 15.1,39 18.5,24.4 14.1,23.4 \"\/>\r\n<line class=\"st2\" x1=\"36\" y1=\"24.3\" x2=\"28\" y2=\"23.2\"\/>\r\n<\/svg>\r\n                    \t\n\n                \n              <\/div>\n  <div class=\"uc_content_box uc_ceal\">\n    <div class=\"ue-title\">Wohn\u00b7beratung<\/div>\n    \n    \t\n    \n    <div class=\"ue-text\">Ihr Weg zu uns<\/div>\t\n  <\/div>\n   \n      <a href=\"https:\/\/www.aktion-weitblick.de\/ls\/ihr-weg-zu-uns\/\" class=\"ue-item-link\" ><\/a>\n  \t\n<\/div>\n<div class=\"uc_material_bullets_row elementor-repeater-item-bca9bf4\">\n              <div class=\"ue-icon\">\n                    <?xml version=\"1.0\" encoding=\"utf-8\"?>\r\n<!-- Generator: Adobe Illustrator 23.0.3, SVG Export Plug-In . SVG Version: 6.00 Build 0)  -->\r\n<svg version=\"1.1\" id=\"Ebene_1\" xmlns=\"http:\/\/www.w3.org\/2000\/svg\" xmlns:xlink=\"http:\/\/www.w3.org\/1999\/xlink\" x=\"0px\" y=\"0px\"\r\n\t viewBox=\"0 0 60 60\" style=\"enable-background:new 0 0 60 60;\" xml:space=\"preserve\">\r\n<style type=\"text\/css\">\r\n\t.st0{fill:none;stroke:#000000;stroke-width:0.7087;stroke-linecap:round;stroke-linejoin:round;stroke-miterlimit:10;}\r\n<\/style>\r\n<g>\r\n\t<line class=\"st0\" x1=\"28.4\" y1=\"17.4\" x2=\"40.2\" y2=\"17.4\"\/>\r\n\t<line class=\"st0\" x1=\"28.4\" y1=\"20.8\" x2=\"40.2\" y2=\"20.8\"\/>\r\n\t<line class=\"st0\" x1=\"28.4\" y1=\"24.1\" x2=\"34.7\" y2=\"24.1\"\/>\r\n\t<path class=\"st0\" d=\"M34.3,11.7C28,11.7,23,15.4,23,20.6c0,2.7,1.4,4.9,3.6,6.6l0,0l-1.5,5.7c-0.1,0.4,0.3,0.8,0.7,0.6l6.9-3.8l0,0\r\n\t\tc0.6,0.1,1,0.1,1.6,0.1c6.3,0,11.3-3.9,11.3-9.1C45.6,15.4,40.6,11.7,34.3,11.7z\"\/>\r\n<\/g>\r\n<g>\r\n\t<g>\r\n\t\t<line class=\"st0\" x1=\"13.6\" y1=\"23.8\" x2=\"20.9\" y2=\"22.6\"\/>\r\n\t\t<line class=\"st0\" x1=\"16.9\" y1=\"44.7\" x2=\"31.5\" y2=\"42.4\"\/>\r\n\t\t<line class=\"st0\" x1=\"22.8\" y1=\"45.9\" x2=\"25.7\" y2=\"45.4\"\/>\r\n\t\t<path class=\"st0\" d=\"M29.7,31.2l2.2,14c0.1,0.8-0.4,1.5-1.2,1.6L19,48.7c-0.8,0.1-1.5-0.4-1.6-1.2l-3.9-24.8\r\n\t\t\tc-0.1-0.8,0.4-1.5,1.2-1.6l5.9-1\"\/>\r\n\t<\/g>\r\n<\/g>\r\n<\/svg>\r\n                    \t\n\n                \n              <\/div>\n  <div class=\"uc_content_box uc_ceal\">\n    <div class=\"ue-title\">KONTAKT<\/div>\n    \n    \t\n    \n    <div class=\"ue-text\">Schreiben Sie uns<\/div>\t\n  <\/div>\n   \n      <a href=\"https:\/\/www.aktion-weitblick.de\/ls\/ueber-uns\/kontakt\/\" class=\"ue-item-link\" ><\/a>\n  \t\n<\/div>\n\n      <\/div>\n<\/div>\t\t\t\t<\/div>\n\t\t\t\t<\/div>\n\t\t\t\t<\/div>\n\t\t\t\t<\/div>\n\t\t\t\t\t<\/div>\n\t\t\t\t<\/div>\n\t\t\t\t<\/div>\n\t\t","protected":false},"excerpt":{"rendered":"<p>Unser Ziel:Selbstst\u00e4ndig wohnen und leben. Wohnen im Betreuten Einzel\u00b7wohnenKurz: BEW Betreutes Einzel\u00b7wohnen hei\u00dft kurz: BEW.Das BEW ist ein Angebot f\u00fcr Menschen mit Unterst\u00fctzungs\u00b7bedarf.Sie wohnen alleine in einer Wohnung.Die Wohnung kann Ihnen geh\u00f6ren.Oder Sie mieten ein Zimmer bei Aktion Weitblick.Eine Fach\u00b7kraft kommt zu Ihnen nach Hause.Die Fach\u00b7kraft hilft Ihnen in Ihrem Alltag.Sie bekommen die Unterst\u00fctzung dort, [&hellip;]<\/p>\n","protected":false},"author":8,"featured_media":12153,"parent":12102,"menu_order":24,"comment_status":"closed","ping_status":"closed","template":"","meta":{"_acf_changed":false,"footnotes":""},"class_list":["post-12110","page","type-page","status-publish","has-post-thumbnail","hentry"],"acf":[],"_links":{"self":[{"href":"https:\/\/www.aktion-weitblick.de\/ls\/wp-json\/wp\/v2\/pages\/12110","targetHints":{"allow":["GET"]}}],"collection":[{"href":"https:\/\/www.aktion-weitblick.de\/ls\/wp-json\/wp\/v2\/pages"}],"about":[{"href":"https:\/\/www.aktion-weitblick.de\/ls\/wp-json\/wp\/v2\/types\/page"}],"author":[{"embeddable":true,"href":"https:\/\/www.aktion-weitblick.de\/ls\/wp-json\/wp\/v2\/users\/8"}],"replies":[{"embeddable":true,"href":"https:\/\/www.aktion-weitblick.de\/ls\/wp-json\/wp\/v2\/comments?post=12110"}],"version-history":[{"count":5,"href":"https:\/\/www.aktion-weitblick.de\/ls\/wp-json\/wp\/v2\/pages\/12110\/revisions"}],"predecessor-version":[{"id":13428,"href":"https:\/\/www.aktion-weitblick.de\/ls\/wp-json\/wp\/v2\/pages\/12110\/revisions\/13428"}],"up":[{"embeddable":true,"href":"https:\/\/www.aktion-weitblick.de\/ls\/wp-json\/wp\/v2\/pages\/12102"}],"wp:featuredmedia":[{"embeddable":true,"href":"https:\/\/www.aktion-weitblick.de\/ls\/wp-json\/wp\/v2\/media\/12153"}],"wp:attachment":[{"href":"https:\/\/www.aktion-weitblick.de\/ls\/wp-json\/wp\/v2\/media?parent=12110"}],"curies":[{"name":"wp","href":"https:\/\/api.w.org\/{rel}","templated":true}]}}