{"id":12102,"date":"2020-01-29T18:00:44","date_gmt":"2020-01-29T17:00:44","guid":{"rendered":"https:\/\/www.aktion-weitblick.de\/unsere-angebote-im-ueberblick\/"},"modified":"2026-02-12T10:25:32","modified_gmt":"2026-02-12T09:25:32","slug":"unsere-angebote","status":"publish","type":"page","link":"https:\/\/www.aktion-weitblick.de\/ls\/unsere-angebote\/","title":{"rendered":"Unsere Angebote im \u00dcberblick"},"content":{"rendered":"\t\t<div data-elementor-type=\"wp-page\" data-elementor-id=\"12102\" class=\"elementor elementor-12102 elementor-134\" data-elementor-post-type=\"page\">\n\t\t\t\t<div class=\"elementor-element elementor-element-1fdf49ef e-flex e-con-boxed e-con e-parent\" data-id=\"1fdf49ef\" data-element_type=\"container\" data-e-type=\"container\" data-settings=\"{&quot;background_background&quot;:&quot;classic&quot;}\">\n\t\t\t\t\t<div class=\"e-con-inner\">\n\t\t<div class=\"elementor-element elementor-element-6003749 e-flex e-con-boxed e-con e-child\" data-id=\"6003749\" data-element_type=\"container\" data-e-type=\"container\" data-settings=\"{&quot;background_background&quot;:&quot;classic&quot;}\">\n\t\t\t\t\t<div class=\"e-con-inner\">\n\t\t<div class=\"elementor-element elementor-element-55a029fc e-con-full e-flex e-con e-child\" data-id=\"55a029fc\" data-element_type=\"container\" data-e-type=\"container\" data-settings=\"{&quot;background_background&quot;:&quot;classic&quot;,&quot;position&quot;:&quot;absolute&quot;,&quot;animation&quot;:&quot;none&quot;}\">\n\t\t\t\t<div class=\"elementor-element elementor-element-284f61c6 elementor-widget elementor-widget-text-editor\" data-id=\"284f61c6\" data-element_type=\"widget\" data-e-type=\"widget\" data-widget_type=\"text-editor.default\">\n\t\t\t\t\t\t\t\t\t<p>Sie gestalten Ihr Leben selbst. <br>Wir helfen Ihnen dabei.<\/p>\t\t\t\t\t\t\t\t<\/div>\n\t\t\t\t<\/div>\n\t\t\t\t<div class=\"elementor-element elementor-element-7fbf73a1 elementor-absolute elementor-widget elementor-widget-text-editor\" data-id=\"7fbf73a1\" data-element_type=\"widget\" data-e-type=\"widget\" data-settings=\"{&quot;_position&quot;:&quot;absolute&quot;}\" data-widget_type=\"text-editor.default\">\n\t\t\t\t\t\t\t\t\t<nav class=\"breadcrumb\"><span class=\"current-page\">Unsere Angebote im \u00dcberblick<\/span><\/nav>\t\t\t\t\t\t\t\t<\/div>\n\t\t\t\t\t<\/div>\n\t\t\t\t<\/div>\n\t\t\t\t\t<\/div>\n\t\t\t\t<\/div>\n\t\t<div class=\"elementor-element elementor-element-36c887ae e-flex e-con-boxed e-con e-parent\" data-id=\"36c887ae\" data-element_type=\"container\" data-e-type=\"container\" data-settings=\"{&quot;background_background&quot;:&quot;classic&quot;}\">\n\t\t\t\t\t<div class=\"e-con-inner\">\n\t\t\t\t<div class=\"elementor-element elementor-element-187d78f0 elementor-search-form--button-type-text elementor-widget__width-initial elementor-search-form--skin-classic elementor-widget elementor-widget-global elementor-global-5545 elementor-widget-search-form\" data-id=\"187d78f0\" data-element_type=\"widget\" data-e-type=\"widget\" data-settings=\"{&quot;skin&quot;:&quot;classic&quot;}\" data-widget_type=\"search-form.default\">\n\t\t\t\t\t\t\t<search role=\"search\">\n\t\t\t<form class=\"elementor-search-form\" action=\"https:\/\/www.aktion-weitblick.de\/ls\/\" method=\"get\">\n\t\t\t\t\t\t\t\t\t\t\t\t<div class=\"elementor-search-form__container\">\n\t\t\t\t\t<label class=\"elementor-screen-only\" for=\"elementor-search-form-187d78f0\">Search<\/label>\n\n\t\t\t\t\t\n\t\t\t\t\t<input id=\"elementor-search-form-187d78f0\" placeholder=\"\" class=\"elementor-search-form__input\" type=\"search\" name=\"s\" value=\"\">\n\t\t\t\t\t<input type='hidden' name='lang' value='ls' \/>\n\t\t\t\t\t\t\t\t\t\t\t<button class=\"elementor-search-form__submit\" type=\"submit\" aria-label=\"Search\">\n\t\t\t\t\t\t\t\t\t\t\t\t\t\t\tSuche\t\t\t\t\t\t\t\t\t\t\t\t\t<\/button>\n\t\t\t\t\t\n\t\t\t\t\t\t\t\t\t<\/div>\n\t\t\t<\/form>\n\t\t<\/search>\n\t\t\t\t\t\t<\/div>\n\t\t\t\t\t<\/div>\n\t\t\t\t<\/div>\n\t\t<div class=\"elementor-element elementor-element-31efa972 e-flex e-con-boxed e-con e-parent\" data-id=\"31efa972\" data-element_type=\"container\" data-e-type=\"container\">\n\t\t\t\t\t<div class=\"e-con-inner\">\n\t\t\t\t<div class=\"elementor-element elementor-element-774a8afb elementor-widget elementor-widget-heading\" data-id=\"774a8afb\" data-element_type=\"widget\" data-e-type=\"widget\" data-widget_type=\"heading.default\">\n\t\t\t\t\t<h1 class=\"elementor-heading-title elementor-size-default\">Unsere Angebote im \u00dcberblick<\/h1>\t\t\t\t<\/div>\n\t\t\t\t\t<\/div>\n\t\t\t\t<\/div>\n\t\t<div class=\"elementor-element elementor-element-235da2ab e-flex e-con-boxed e-con e-parent\" data-id=\"235da2ab\" data-element_type=\"container\" data-e-type=\"container\">\n\t\t\t\t\t<div class=\"e-con-inner\">\n\t\t<div class=\"elementor-element elementor-element-14ddbacc e-con-full e-flex e-con e-child\" data-id=\"14ddbacc\" data-element_type=\"container\" data-e-type=\"container\">\n\t\t\t\t<div class=\"elementor-element elementor-element-57f81cc0 elementor-widget elementor-widget-text-editor\" data-id=\"57f81cc0\" data-element_type=\"widget\" data-e-type=\"widget\" data-widget_type=\"text-editor.default\">\n\t\t\t\t\t\t\t\t\t<p>Aktion Weitblick hat etwa 250 Pl\u00e4tze in Berlin. Die Pl\u00e4tze sind in verschiedenen Wohn\u00b7formen:<br>Betreutes Einzel\u00b7wohnen<br>Wohn\u00b7gemeinschaften<br>Besondere Wohn\u00b7formen<br>Jeder Mensch braucht unterschiedlich viel Hilfe. Manche Menschen brauchen nur wenig Unterst\u00fctzung. Andere Menschen brauchen viel Unterst\u00fctzung. Wir helfen so viel wie n\u00f6tig.<br>Unser Ziel ist: Sie sollen so selbst\u00b7st\u00e4ndig wie m\u00f6glich leben.<br>Daf\u00fcr ist uns wichtig:<br>Eine sichere Wohnung<br>Arbeit und Beruf<br>Gemeinschaft mit anderen Menschen<br>Freizeit und Sport     <\/p><h2>Unsere Wohn\u00b7angebote<\/h2><p>Wir sind in 7 Bezirken im Westen von Berlin f\u00fcr Sie da.<br>Es gibt verschiedene Wohn\u00b7formen. Die Wohn\u00b7formen unterscheiden sich:<br>Wie viel Unterst\u00fctzung bekommen Sie?<br>Wie oft bekommen Sie Unterst\u00fctzung?<br>Welche Wohn\u00b7form passt zu Ihnen? Das finden wir gemeinsam heraus. Sprechen Sie uns gerne an.<br>Mehr Informationen finden Sie unter <a href=\"https:\/\/www.aktion-weitblick.de\/ls\/ihr-weg-zu-uns\/\">Wohn\u00b7beratung<\/a>.   <\/p>\t\t\t\t\t\t\t\t<\/div>\n\t\t\t\t<div class=\"elementor-element elementor-element-91fb67e elementor-widget elementor-widget-ucaddon_content_grid2\" data-id=\"91fb67e\" data-element_type=\"widget\" data-e-type=\"widget\" data-widget_type=\"ucaddon_content_grid2.default\">\n\t\t\t\t<div class=\"elementor-widget-container\">\n\t\t\t\t\t\n\n\t\t<link id='font-awesome-css' href='https:\/\/www.aktion-weitblick.de\/wp-content\/plugins\/unlimited-elements-for-elementor-premium\/assets_libraries\/font-awesome6\/fontawesome-all.min.css' type='text\/css' rel='stylesheet' >\n\t\t<link id='font-awesome-4-shim-css' href='https:\/\/www.aktion-weitblick.de\/wp-content\/plugins\/unlimited-elements-for-elementor-premium\/assets_libraries\/font-awesome6\/fontawesome-v4-shims.min.css' type='text\/css' rel='stylesheet' >\n\t\t<link id='fancybox-css' href='https:\/\/www.aktion-weitblick.de\/wp-content\/plugins\/unlimited-elements-for-elementor-premium\/assets_libraries\/fancybox3\/jquery.fancybox.min.css' type='text\/css' rel='stylesheet' >\n\n<style>\/* widget: Content Grid *\/\n\n\n\n#uc_content_grid2_elementor_91fb67e a.uc_more_btn{\n\ttext-align: center;\n\ttransition: all 0.25s ease-in-out;\n}\n\n#uc_content_grid2_elementor_91fb67e * {\n\tbox-sizing: border-box;\t\n}\n#uc_content_grid2_elementor_91fb67e .uc_post_grid_style_one_wrap {\n\tdisplay: grid;\n}\n\n#uc_content_grid2_elementor_91fb67e .uc_post_grid_style_one_image {\n\twidth: 100%;\n\toverflow: hidden;\n\tdisplay: block;\n  \t\n}\n#uc_content_grid2_elementor_91fb67e .uc_post_image {\n\twidth: inherit;\n\theight: inherit;\n\tbackground-position: center center;\n\tbackground-repeat: no-repeat;\n\tdisplay: block;\n\ttransition: all 0.25s ease-in-out;\n}\n#uc_content_grid2_elementor_91fb67e .uc_post_grid_style_one_item:hover .uc_post_image {\n\ttransform: scale(1.1);\n}\n\n#uc_content_grid2_elementor_91fb67e .ue-image-holder a\n{\n  display:block;\n}\n\n#uc_content_grid2_elementor_91fb67e .ue-item\n{\n  position:relative;\n  overflow:hidden;\n}\n\n#uc_content_grid2_elementor_91fb67e .ue-item-title\n{\n  width:100%;\n}\n\n#uc_content_grid2_elementor_91fb67e .ue-item-text\n{\n  width:100%;\n}\n\n#uc_content_grid2_elementor_91fb67e .uc_content\n{\n  display:flex;\n  flex-direction:column;\n}\n\n#uc_content_grid2_elementor_91fb67e .ue-content-wrapper\n{\n  width:100%;\n}\n\n#uc_content_grid2_elementor_91fb67e .ue-button\n{\n  margin-top:auto;\n}\n\n#uc_content_grid2_elementor_91fb67e .ue-button\n{\n  width:100%;\n}\n\n\n\n\n\t#uc_content_grid2_elementor_91fb67e.uc_post_grid_style_one .uc_content{\n     margin-left:20px;\n      margin-right:20px;\n      margin-top:-30px;\n      position:relative;\n    }\n\n\n\n\n\n\n\n#uc_content_grid2_elementor_91fb67e.uc-remote-parent .ue-item\n{\n  cursor:pointer;\n}\n\n<\/style>\n\n<div class=\"uc_post_grid_style_one   \" id=\"uc_content_grid2_elementor_91fb67e\"   data-lightbox=\"false\">\n\t\t<div class=\"uc_post_grid_style_one_wrap uc-items-wrapper\">\n\t\t\t<div class=\"uc_post_grid_style_one_item ue-item\">\n  \n  \n    <div class=\"uc_post_grid_style_one_image ue-image-holder\">\n            \t<a class=\"uc_post_grid_style_one-link\" href=\"https:\/\/www.aktion-weitblick.de\/ls\/unsere-angebote\/betreutes-einzelwohnen\/\" >\n          <div class=\"uc_post_image\" style=\"background-image: url(https:\/\/www.aktion-weitblick.de\/wp-content\/uploads\/2023\/06\/bew-768x1151.jpg);\"><\/div>\n  <\/a>  <\/div>\n    \n  <div class=\"uc_content padding\">\n    <div class=\"ue-content-wrapper\">\n      \n                  <div class=\"ue-item-title\">\n          Betreutes <br>Einzelwohnen<br>Kurz: BEW\n      <\/div>\n                  \n            <div class=\"ue-item-text\">Leben in \nder \neigenen \nWohnung.<\/div>\n            \n    <\/div>\n    \n        \t<div class=\"uc_post_grid_style_one_button ue-button\">\n                     <a class=\"uc_more_btn\" href=\"https:\/\/www.aktion-weitblick.de\/ls\/unsere-angebote\/betreutes-einzelwohnen\/\" >Weiterlesen<\/a>\n              \t<\/div>\n        \n  <\/div>\n<\/div>\n<div class=\"uc_post_grid_style_one_item ue-item\">\n  \n  \n    <div class=\"uc_post_grid_style_one_image ue-image-holder\">\n            \t<a class=\"uc_post_grid_style_one-link\" href=\"https:\/\/www.aktion-weitblick.de\/ls\/unsere-angebote\/wohngemeinschaften-kurz-wg\/\" >\n          <div class=\"uc_post_image\" style=\"background-image: url(https:\/\/www.aktion-weitblick.de\/wp-content\/uploads\/2023\/06\/wg-768x512.jpg);\"><\/div>\n  <\/a>  <\/div>\n    \n  <div class=\"uc_content padding\">\n    <div class=\"ue-content-wrapper\">\n      \n                  <div class=\"ue-item-title\">\n          Wohnen in einer Wohn\u00b7gemeinschaft <br>Kurz: WG\n      <\/div>\n                  \n            <div class=\"ue-item-text\">Zusammen leben und lernen. <br>In einer Gruppe <br>von 3 bis 6 Menschen. <\/div>\n            \n    <\/div>\n    \n        \t<div class=\"uc_post_grid_style_one_button ue-button\">\n                     <a class=\"uc_more_btn\" href=\"https:\/\/www.aktion-weitblick.de\/ls\/unsere-angebote\/wohngemeinschaften-kurz-wg\/\" >Weiterlesen<\/a>\n              \t<\/div>\n        \n  <\/div>\n<\/div>\n<div class=\"uc_post_grid_style_one_item ue-item\">\n  \n  \n    <div class=\"uc_post_grid_style_one_image ue-image-holder\">\n            \t<a class=\"uc_post_grid_style_one-link\" href=\"https:\/\/www.aktion-weitblick.de\/standorte\/unterstutztes-wohnen\/besondere-wohnformen\/\" >\n          <div class=\"uc_post_image\" style=\"background-image: url(https:\/\/www.aktion-weitblick.de\/wp-content\/uploads\/2023\/06\/besondere-wohnform-768x1151.jpg);\"><\/div>\n  <\/a>  <\/div>\n    \n  <div class=\"uc_content padding\">\n    <div class=\"ue-content-wrapper\">\n      \n                  <div class=\"ue-item-title\">\n          Leben in besonderen Wohnformen<br>Kurz: bWf\n      <\/div>\n                  \n            <div class=\"ue-item-text\">Betreuung Tag und Nacht.<br>Sie sind sicher.<br>Sie sind gut aufgehoben.<\/div>\n            \n    <\/div>\n    \n        \t<div class=\"uc_post_grid_style_one_button ue-button\">\n                     <a class=\"uc_more_btn\" href=\"https:\/\/www.aktion-weitblick.de\/standorte\/unterstutztes-wohnen\/besondere-wohnformen\/\" >Weiterlesen<\/a>\n              \t<\/div>\n        \n  <\/div>\n<\/div>\n<div class=\"uc_post_grid_style_one_item ue-item\">\n  \n  \n    <div class=\"uc_post_grid_style_one_image ue-image-holder\">\n            \t<a class=\"uc_post_grid_style_one-link\" href=\"https:\/\/www.aktion-weitblick.de\/ls\/unsere-angebote\/therapeutischer-wohnverbund-2\/\" >\n          <div class=\"uc_post_image\" style=\"background-image: url(https:\/\/www.aktion-weitblick.de\/wp-content\/uploads\/2023\/06\/therapeutischer-wohnverbund-768x1151.jpg);\"><\/div>\n  <\/a>  <\/div>\n    \n  <div class=\"uc_content padding\">\n    <div class=\"ue-content-wrapper\">\n      \n                  <div class=\"ue-item-title\">\n          Wohnen im therapeutischen Wohn\u00b7verbund.<br>Kurz: TWV\n      <\/div>\n                  \n            <div class=\"ue-item-text\">Unser Angebot f\u00fcr Menschen mit seelischer Behinderung<\/div>\n            \n    <\/div>\n    \n        \t<div class=\"uc_post_grid_style_one_button ue-button\">\n                     <a class=\"uc_more_btn\" href=\"https:\/\/www.aktion-weitblick.de\/ls\/unsere-angebote\/therapeutischer-wohnverbund-2\/\" >Weiterlesen<\/a>\n              \t<\/div>\n        \n  <\/div>\n<\/div>\n\n\t\t<\/div>\n\t<\/div>\t\t\t\t<\/div>\n\t\t\t\t<\/div>\n\t\t\t\t<\/div>\n\t\t<div class=\"elementor-element elementor-element-70cac0f2 e-con-full e-flex e-con e-child\" data-id=\"70cac0f2\" data-element_type=\"container\" data-e-type=\"container\">\n\t\t<div class=\"elementor-element elementor-element-4f892459 e-con-full e-flex e-con e-child\" data-id=\"4f892459\" data-element_type=\"container\" data-e-type=\"container\" data-settings=\"{&quot;sticky&quot;:&quot;top&quot;,&quot;sticky_on&quot;:[&quot;desktop&quot;],&quot;sticky_offset&quot;:110,&quot;sticky_parent&quot;:&quot;yes&quot;,&quot;sticky_effects_offset&quot;:0,&quot;sticky_anchor_link_offset&quot;:0}\">\n\t\t\t\t<div class=\"elementor-element elementor-element-14ba100a elementor-widget elementor-widget-ucaddon_uc_material_bullets\" data-id=\"14ba100a\" data-element_type=\"widget\" data-e-type=\"widget\" data-widget_type=\"ucaddon_uc_material_bullets.default\">\n\t\t\t\t<div class=\"elementor-widget-container\">\n\t\t\t\t\t\n\n\n<style>\/* widget: Icon Bullets *\/\n\n\r\n@keyframes uc_uc_material_bullets_elementor_14ba100a__item-animation {\r\n  0% {\r\n            \r\n        \t        \tfilter: blur(10px);\r\n\t\t\t\r\n    \t    opacity: 0;\r\n  }\r\n  100% {\r\n            \r\n        \t            filter: blur(0px);\r\n            \r\n    \t\topacity: 1;\r\n  }\r\n}\r\n\r\n\r\n#uc_uc_material_bullets_elementor_14ba100a .uc_material_bullets_row{\r\n\topacity:0;\r\n}\r\n\r\n\r\n#uc_uc_material_bullets_elementor_14ba100a .uc-entrance-animate {\r\n  opacity:1;\r\n}\r\n\r\n#uc_uc_material_bullets_elementor_14ba100a .uc-entrance-animate {\r\n\tanimation: uc_uc_material_bullets_elementor_14ba100a__item-animation 0.6s cubic-bezier(0.470, 0.000, 0.745, 0.715) both;\r\n}\r\n\r\n\t\t\t\n\n#uc_uc_material_bullets_elementor_14ba100a *{\n\t-webkit-box-sizing: border-box;\n\t-moz-box-sizing: border-box;\n\tbox-sizing: border-box;\n}\n\n#uc_uc_material_bullets_elementor_14ba100a .uc-bullet-active{\n}\n\n\n#uc_uc_material_bullets_elementor_14ba100a .ue-icon\n{\n  display:flex;\n  align-items:center;\n  justify-content:center;\n  flex-grow:0;\n  flex-shrink:0;\n  line-height:1em;\n  transition:0.3s;\n}\n\n#uc_uc_material_bullets_elementor_14ba100a .ue-icon svg\n{\n  height:1em;\n  width:1em;\n}\n\n\n#uc_uc_material_bullets_elementor_14ba100a .uc_material_bullets_row\n{\n\tfont-weight:400;\n\toverflow:hidden;\n\tdisplay:flex;\n\tposition:relative;\n\ttext-align:left;\n\twidth:100%;\n   \n    transition:0.3s;\n}\n\n\n#uc_uc_material_bullets_elementor_14ba100a .uc_material_bullets_row a.ue-item-link\n{\n  position:absolute;\n  display:block;\n  top:0;\n  right:0;\n  left:0;\n  bottom:0;\n}\n\n#uc_uc_material_bullets_elementor_14ba100a .uc_material_bullets_row:last-child\n{\n\tmargin-bottom:0px !important;\n}\n\n\n#uc_uc_material_bullets_elementor_14ba100a .uc_material_bullets_row \n{\n\tposition:relative;\n\tvertical-align:middle;\n}\n\n#uc_uc_material_bullets_elementor_14ba100a .uc_material_bullets_row .uc_content_box\n{\n\tdisplay:flex;\n    flex-direction:column;\n    justify-content:center;\n    align-items: flex-start;\n    flex-grow:1;\n}\n\n#uc_uc_material_bullets_elementor_14ba100a .ue-bullets\n{\n  display:grid;\n}\n\n#uc_uc_material_bullets_elementor_14ba100a .ue-text, #uc_uc_material_bullets_elementor_14ba100a .ue-title, #uc_uc_material_bullets_elementor_14ba100a .ue-seperator\n{\n  width:100%;\n}\n\n#uc_uc_material_bullets_elementor_14ba100a .ue-seperator-line\n{\n  display:inline-block;\n  font-size:0px;\n}\n\n#uc_uc_material_bullets_elementor_14ba100a .ue-seperator\n{\n  font-size:0px;\n}\n\n#uc_uc_material_bullets_elementor_14ba100a.uc-remote-parent .uc_material_bullets_row\n{\n  cursor:pointer;\n}\n\n.ue-title\n{\n  font-size:21px;\n  margin:0;\n}\n\n<\/style>\n\n<div class=\"uc_material_bullets  \"  id=\"uc_uc_material_bullets_elementor_14ba100a\"  >   \t\n    \t<div class=\"ue-bullets uc-items-wrapper\">\n          \t<div class=\"uc_material_bullets_row elementor-repeater-item-dc4c9c6\">\n              <div class=\"ue-icon\">\n                    <?xml version=\"1.0\" encoding=\"utf-8\"?>\r\n<!-- Generator: Adobe Illustrator 23.0.3, SVG Export Plug-In . SVG Version: 6.00 Build 0)  -->\r\n<svg version=\"1.1\" id=\"Ebene_1\" xmlns=\"http:\/\/www.w3.org\/2000\/svg\" xmlns:xlink=\"http:\/\/www.w3.org\/1999\/xlink\" x=\"0px\" y=\"0px\"\r\n\t viewBox=\"0 0 60 60\" style=\"enable-background:new 0 0 60 60;\" xml:space=\"preserve\">\r\n<style type=\"text\/css\">\r\n\t.st0{fill:none;stroke:#000000;stroke-width:0.7087;stroke-linejoin:round;stroke-miterlimit:10;}\r\n\t.st1{fill:none;stroke:#000000;stroke-width:0.7087;stroke-linecap:round;stroke-linejoin:round;stroke-miterlimit:10;}\r\n<\/style>\r\n<g>\r\n\t<polyline class=\"st0\" points=\"23.6,30 17.2,32.9 12,44.4 21.3,40.2 30.5,45.4 30.5,39.9 \t\"\/>\r\n\t<line class=\"st1\" x1=\"23.7\" y1=\"33.9\" x2=\"21.3\" y2=\"40.2\"\/>\r\n\t<polyline class=\"st0\" points=\"37.4,30 43.9,32.9 49.1,44.4 39.7,40.2 30.5,45.4 \t\"\/>\r\n\t<line class=\"st1\" x1=\"37.3\" y1=\"33.9\" x2=\"39.7\" y2=\"40.2\"\/>\r\n\t<path class=\"st0\" d=\"M37.7,21.2c0,4-7.2,16-7.2,16s-7.2-12.1-7.2-16c0-4,3.2-7.2,7.2-7.2S37.7,17.3,37.7,21.2z\"\/>\r\n\t<path class=\"st0\" d=\"M34.2,21.2c0,2-1.7,3.7-3.7,3.7s-3.7-1.7-3.7-3.7s1.7-3.7,3.7-3.7C32.6,17.5,34.2,19.2,34.2,21.2z\"\/>\r\n<\/g>\r\n<\/svg>\r\n                    \t\n\n                \n              <\/div>\n  <div class=\"uc_content_box uc_ceal\">\n    <div class=\"ue-title\">STANDORTE<\/div>\n    \n    \t\n    \n    <div class=\"ue-text\">Unterst\u00fctztes Wohnen<\/div>\t\n  <\/div>\n   \n      <a href=\"https:\/\/www.aktion-weitblick.de\/ls\/standorte\/\" class=\"ue-item-link\" ><\/a>\n  \t\n<\/div>\n<div class=\"uc_material_bullets_row elementor-repeater-item-1781c65\">\n              <div class=\"ue-icon\">\n                    <?xml version=\"1.0\" encoding=\"utf-8\"?>\r\n<!-- Generator: Adobe Illustrator 23.0.3, SVG Export Plug-In . SVG Version: 6.00 Build 0)  -->\r\n<svg version=\"1.1\" id=\"Ebene_1\" xmlns=\"http:\/\/www.w3.org\/2000\/svg\" xmlns:xlink=\"http:\/\/www.w3.org\/1999\/xlink\" x=\"0px\" y=\"0px\"\r\n\t viewBox=\"0 0 60 60\" style=\"enable-background:new 0 0 60 60;\" xml:space=\"preserve\">\r\n<style type=\"text\/css\">\r\n\t.st0{fill:none;stroke:#000000;stroke-width:0.7087;stroke-linejoin:round;stroke-miterlimit:10;}\r\n\t.st1{fill:none;stroke:#000000;stroke-width:0.7087;stroke-linecap:round;stroke-linejoin:round;stroke-miterlimit:10;}\r\n<\/style>\r\n<g>\r\n\t<polyline class=\"st0\" points=\"23.6,30 17.2,32.9 12,44.4 21.3,40.2 30.5,45.4 30.5,39.9 \t\"\/>\r\n\t<line class=\"st1\" x1=\"23.7\" y1=\"33.9\" x2=\"21.3\" y2=\"40.2\"\/>\r\n\t<polyline class=\"st0\" points=\"37.4,30 43.9,32.9 49.1,44.4 39.7,40.2 30.5,45.4 \t\"\/>\r\n\t<line class=\"st1\" x1=\"37.3\" y1=\"33.9\" x2=\"39.7\" y2=\"40.2\"\/>\r\n\t<path class=\"st0\" d=\"M37.7,21.2c0,4-7.2,16-7.2,16s-7.2-12.1-7.2-16c0-4,3.2-7.2,7.2-7.2S37.7,17.3,37.7,21.2z\"\/>\r\n\t<path class=\"st0\" d=\"M34.2,21.2c0,2-1.7,3.7-3.7,3.7s-3.7-1.7-3.7-3.7s1.7-3.7,3.7-3.7C32.6,17.5,34.2,19.2,34.2,21.2z\"\/>\r\n<\/g>\r\n<\/svg>\r\n                    \t\n\n                \n              <\/div>\n  <div class=\"uc_content_box uc_ceal\">\n    <div class=\"ue-title\">Freie Pl\u00e4tze<\/div>\n    \n    \t\n    \n    <div class=\"ue-text\">Hier wohnen, hier leben<\/div>\t\n  <\/div>\n   \n      <a href=\"https:\/\/www.aktion-weitblick.de\/ls\/ihr-weg-zu-uns\/freie-plaetze\/\" class=\"ue-item-link\" ><\/a>\n  \t\n<\/div>\n\n      <\/div>\n<\/div>\t\t\t\t<\/div>\n\t\t\t\t<\/div>\n\t\t\t\t<\/div>\n\t\t\t\t<\/div>\n\t\t\t\t\t<\/div>\n\t\t\t\t<\/div>\n\t\t\t\t<\/div>\n\t\t","protected":false},"excerpt":{"rendered":"<p>Sie gestalten Ihr Leben selbst. Wir helfen Ihnen dabei. Aktion Weitblick hat etwa 250 Pl\u00e4tze in Berlin. Die Pl\u00e4tze sind in verschiedenen Wohn\u00b7formen:Betreutes Einzel\u00b7wohnenWohn\u00b7gemeinschaftenBesondere Wohn\u00b7formenJeder Mensch braucht unterschiedlich viel Hilfe. Manche Menschen brauchen nur wenig Unterst\u00fctzung. Andere Menschen brauchen viel Unterst\u00fctzung. Wir helfen so viel wie n\u00f6tig.Unser Ziel ist: Sie sollen so selbst\u00b7st\u00e4ndig wie m\u00f6glich [&hellip;]<\/p>\n","protected":false},"author":8,"featured_media":1634,"parent":0,"menu_order":22,"comment_status":"closed","ping_status":"closed","template":"","meta":{"_acf_changed":false,"footnotes":""},"class_list":["post-12102","page","type-page","status-publish","has-post-thumbnail","hentry"],"acf":[],"_links":{"self":[{"href":"https:\/\/www.aktion-weitblick.de\/ls\/wp-json\/wp\/v2\/pages\/12102","targetHints":{"allow":["GET"]}}],"collection":[{"href":"https:\/\/www.aktion-weitblick.de\/ls\/wp-json\/wp\/v2\/pages"}],"about":[{"href":"https:\/\/www.aktion-weitblick.de\/ls\/wp-json\/wp\/v2\/types\/page"}],"author":[{"embeddable":true,"href":"https:\/\/www.aktion-weitblick.de\/ls\/wp-json\/wp\/v2\/users\/8"}],"replies":[{"embeddable":true,"href":"https:\/\/www.aktion-weitblick.de\/ls\/wp-json\/wp\/v2\/comments?post=12102"}],"version-history":[{"count":5,"href":"https:\/\/www.aktion-weitblick.de\/ls\/wp-json\/wp\/v2\/pages\/12102\/revisions"}],"predecessor-version":[{"id":13447,"href":"https:\/\/www.aktion-weitblick.de\/ls\/wp-json\/wp\/v2\/pages\/12102\/revisions\/13447"}],"wp:featuredmedia":[{"embeddable":true,"href":"https:\/\/www.aktion-weitblick.de\/ls\/wp-json\/wp\/v2\/media\/1634"}],"wp:attachment":[{"href":"https:\/\/www.aktion-weitblick.de\/ls\/wp-json\/wp\/v2\/media?parent=12102"}],"curies":[{"name":"wp","href":"https:\/\/api.w.org\/{rel}","templated":true}]}}