{"id":12042,"date":"2020-01-08T16:14:00","date_gmt":"2020-01-08T15:14:00","guid":{"rendered":"https:\/\/www.aktion-weitblick.de\/?page_id=12042"},"modified":"2025-12-07T17:44:49","modified_gmt":"2025-12-07T16:44:49","slug":"datenschutz-hinweise","status":"publish","type":"page","link":"https:\/\/www.aktion-weitblick.de\/ls\/datenschutz-hinweise\/","title":{"rendered":"Datenschutz-Hinweise"},"content":{"rendered":"\t\t<div data-elementor-type=\"wp-page\" data-elementor-id=\"12042\" class=\"elementor elementor-12042 elementor-3\" data-elementor-post-type=\"page\">\n\t\t\t\t<div class=\"elementor-element elementor-element-1aabd533 e-flex e-con-boxed e-con e-parent\" data-id=\"1aabd533\" data-element_type=\"container\" data-e-type=\"container\" data-settings=\"{&quot;background_background&quot;:&quot;classic&quot;}\">\n\t\t\t\t\t<div class=\"e-con-inner\">\n\t\t<div class=\"elementor-element elementor-element-35a53269 e-flex e-con-boxed e-con e-child\" data-id=\"35a53269\" data-element_type=\"container\" data-e-type=\"container\" data-settings=\"{&quot;background_background&quot;:&quot;classic&quot;}\">\n\t\t\t\t\t<div class=\"e-con-inner\">\n\t\t<div class=\"elementor-element elementor-element-70b7fe52 e-con-full e-flex e-con e-child\" data-id=\"70b7fe52\" data-element_type=\"container\" data-e-type=\"container\" data-settings=\"{&quot;background_background&quot;:&quot;classic&quot;,&quot;position&quot;:&quot;absolute&quot;,&quot;animation&quot;:&quot;none&quot;}\">\n\t\t\t\t<div class=\"elementor-element elementor-element-3ff8244a elementor-widget elementor-widget-text-editor\" data-id=\"3ff8244a\" data-element_type=\"widget\" data-e-type=\"widget\" data-widget_type=\"text-editor.default\">\n\t\t\t\t\t\t\t\t\t<p>aktion weitblick &#8211;<br \/>Wir f\u00f6rdern Selbstbestimmung und Teilhabe.<\/p>\t\t\t\t\t\t\t\t<\/div>\n\t\t\t\t<\/div>\n\t\t\t\t<div class=\"elementor-element elementor-element-76998aad elementor-absolute elementor-widget elementor-widget-text-editor\" data-id=\"76998aad\" data-element_type=\"widget\" data-e-type=\"widget\" data-settings=\"{&quot;_position&quot;:&quot;absolute&quot;}\" data-widget_type=\"text-editor.default\">\n\t\t\t\t\t\t\t\t\t<nav class=\"breadcrumb\"><span class=\"current-page\">Datenschutz-Hinweise<\/span><\/nav>\t\t\t\t\t\t\t\t<\/div>\n\t\t\t\t\t<\/div>\n\t\t\t\t<\/div>\n\t\t\t\t\t<\/div>\n\t\t\t\t<\/div>\n\t\t<div class=\"elementor-element elementor-element-19f6c03b e-flex e-con-boxed e-con e-parent\" data-id=\"19f6c03b\" data-element_type=\"container\" data-e-type=\"container\" data-settings=\"{&quot;background_background&quot;:&quot;classic&quot;}\">\n\t\t\t\t\t<div class=\"e-con-inner\">\n\t\t\t\t<div class=\"elementor-element elementor-element-3507f1fc elementor-search-form--button-type-text elementor-widget__width-initial elementor-search-form--skin-classic elementor-widget elementor-widget-global elementor-global-5545 elementor-widget-search-form\" data-id=\"3507f1fc\" data-element_type=\"widget\" data-e-type=\"widget\" data-settings=\"{&quot;skin&quot;:&quot;classic&quot;}\" data-widget_type=\"search-form.default\">\n\t\t\t\t\t\t\t<search role=\"search\">\n\t\t\t<form class=\"elementor-search-form\" action=\"https:\/\/www.aktion-weitblick.de\/ls\/\" method=\"get\">\n\t\t\t\t\t\t\t\t\t\t\t\t<div class=\"elementor-search-form__container\">\n\t\t\t\t\t<label class=\"elementor-screen-only\" for=\"elementor-search-form-3507f1fc\">Search<\/label>\n\n\t\t\t\t\t\n\t\t\t\t\t<input id=\"elementor-search-form-3507f1fc\" placeholder=\"\" class=\"elementor-search-form__input\" type=\"search\" name=\"s\" value=\"\">\n\t\t\t\t\t<input type='hidden' name='lang' value='ls' \/>\n\t\t\t\t\t\t\t\t\t\t\t<button class=\"elementor-search-form__submit\" type=\"submit\" aria-label=\"Search\">\n\t\t\t\t\t\t\t\t\t\t\t\t\t\t\tSuche\t\t\t\t\t\t\t\t\t\t\t\t\t<\/button>\n\t\t\t\t\t\n\t\t\t\t\t\t\t\t\t<\/div>\n\t\t\t<\/form>\n\t\t<\/search>\n\t\t\t\t\t\t<\/div>\n\t\t\t\t\t<\/div>\n\t\t\t\t<\/div>\n\t\t<div class=\"elementor-element elementor-element-41f3b801 e-flex e-con-boxed e-con e-parent\" data-id=\"41f3b801\" data-element_type=\"container\" data-e-type=\"container\">\n\t\t\t\t\t<div class=\"e-con-inner\">\n\t\t\t\t<div class=\"elementor-element elementor-element-49e73621 elementor-widget elementor-widget-heading\" data-id=\"49e73621\" data-element_type=\"widget\" data-e-type=\"widget\" data-widget_type=\"heading.default\">\n\t\t\t\t\t<h1 class=\"elementor-heading-title elementor-size-default\">Datenschutz-Hinweise<\/h1>\t\t\t\t<\/div>\n\t\t\t\t\t<\/div>\n\t\t\t\t<\/div>\n\t\t<div class=\"elementor-element elementor-element-67e8727f e-flex e-con-boxed e-con e-parent\" data-id=\"67e8727f\" data-element_type=\"container\" data-e-type=\"container\">\n\t\t\t\t\t<div class=\"e-con-inner\">\n\t\t<div class=\"elementor-element elementor-element-12a441e e-con-full e-flex e-con e-child\" data-id=\"12a441e\" data-element_type=\"container\" data-e-type=\"container\">\n\t\t\t\t<div class=\"elementor-element elementor-element-dd88233 elementor-widget elementor-widget-text-editor\" data-id=\"dd88233\" data-element_type=\"widget\" data-e-type=\"widget\" data-widget_type=\"text-editor.default\">\n\t\t\t\t\t\t\t\t\t<p style=\"text-align: right;\"><span class=\"borlabs-cookie-open-dialog-preferences brlbs-cmpnt-container\" data-borlabs-cookie-title=\"Cookieeinstellungen \u00e4ndern\" data-borlabs-cookie-type=\"button\" ><\/span><\/p>\t\t\t\t\t\t\t\t<\/div>\n\t\t\t\t<div class=\"elementor-element elementor-element-b7e83ae elementor-widget elementor-widget-text-editor\" data-id=\"b7e83ae\" data-element_type=\"widget\" data-e-type=\"widget\" data-widget_type=\"text-editor.default\">\n\t\t\t\t\t\t\t\t\t<h2>Daten\u00b7schutz leicht erkl\u00e4rt:<\/h2><h3>Was sind pers\u00f6nliche Daten?<\/h3><p>Das sind Informationen \u00fcber Sie.<br \/>Zum Beispiel: Ihr Name, Ihre Adresse oder Ihre E-Mail.<\/p><h3>Wer sammelt die Daten?<\/h3><p>Der Betreiber der Website.<br \/>Seine Kontakt\u00b7daten finden Sie in der Daten\u00b7schutz\u00b7erkl\u00e4rung.<\/p><h3>Wie werden Daten gesammelt?<\/h3><p>Wenn Sie ein Formular ausf\u00fcllen.<br \/>Automatisch, zum Beispiel: Ihr Browser oder die Uhrzeit vom Seiten\u00b7besuch.<\/p><h3>Wozu brauchen wir die Daten?<\/h3><p>Um die Website fehler\u00b7frei zu zeigen.<br \/>F\u00fcr Statistiken und Verbesserungen.<\/p><h3>Welche Rechte haben Sie?<\/h3><p>Sie k\u00f6nnen fragen: Welche Daten sind \u00fcber Sie gespeichert?<br \/>Sie k\u00f6nnen falsche Daten korrigieren lassen.<br \/>Sie k\u00f6nnen Daten l\u00f6schen lassen.<br \/>Sie k\u00f6nnen Ihre Zustimmung zur Daten\u00b7nutzung zur\u00fcck\u00b7nehmen.<\/p><h3>Wer speichert die Daten?<\/h3><p>Die Daten liegen bei sicheren Partnern.<br \/>Zum Beispiel: DomainFactory oder BunnyCDN.<\/p><h3>Was sind Cookies?<\/h3><p>Das sind kleine Dateien.<br \/>Sie werden auf Ihrem Ger\u00e4t gespeichert.<br \/>Sie helfen der Website, besser zu funktionieren.<\/p><h3>Ist alles sicher?<\/h3><p>Die Website hat Schutz\u00b7ma\u00dfnahmen.<br \/>Aber: 100 % Sicherheit im Internet gibt es nicht.<\/p><h3>Sie wollen alles ganz genau wissen?<\/h3><p>Wenn Sie mehr wissen wollen:<br \/>Lesen Sie die vollst\u00e4ndige Daten\u00b7schutz\u00b7erkl\u00e4rung auf der Website.<br \/><strong>Dazu lesen Sie diese Seite einfach in Alltags\u00b7sprache.<\/strong><br \/>Der \ud83c\udde9\ud83c\uddea Umschalter ist oben rechts auf dieser Seite.<\/p><p>Oder fragen Sie unseren Ansprech\u00b7partner:<\/p><h3>Daten\u00b7schutz\u00b7beauftragter<\/h3><p>Gerd-J\u00fcrgen Golze<br \/><a href=\"mailto:info@datenschutzbeauftragter-berlin.com\">info@datenschutzbeauftragter-berlin.com<\/a><br \/><a href=\"tel:+4903091436611\">+49 (0)30 91 43 66 11<\/a><\/p>\t\t\t\t\t\t\t\t<\/div>\n\t\t\t\t<\/div>\n\t\t<div class=\"elementor-element elementor-element-6fa71a42 e-con-full e-flex e-con e-child\" data-id=\"6fa71a42\" data-element_type=\"container\" data-e-type=\"container\">\n\t\t<div class=\"elementor-element elementor-element-4b6e60e3 e-con-full e-flex e-con e-child\" data-id=\"4b6e60e3\" data-element_type=\"container\" data-e-type=\"container\" data-settings=\"{&quot;sticky&quot;:&quot;top&quot;,&quot;sticky_on&quot;:[&quot;desktop&quot;],&quot;sticky_offset&quot;:110,&quot;sticky_parent&quot;:&quot;yes&quot;,&quot;sticky_effects_offset&quot;:0,&quot;sticky_anchor_link_offset&quot;:0}\">\n\t\t<div class=\"elementor-element elementor-element-265a6d57 e-flex e-con-boxed e-con e-child\" data-id=\"265a6d57\" data-element_type=\"container\" data-e-type=\"container\" data-settings=\"{&quot;background_background&quot;:&quot;classic&quot;}\">\n\t\t\t\t\t<div class=\"e-con-inner\">\n\t\t\t\t<div class=\"elementor-element elementor-element-376e4ab elementor-widget elementor-widget-global elementor-global-5489 elementor-widget-text-editor\" data-id=\"376e4ab\" data-element_type=\"widget\" data-e-type=\"widget\" data-widget_type=\"text-editor.default\">\n\t\t\t\t\t\t\t\t\t<p><strong>Kontakt<\/strong><br \/>aktion weitblick \u2013<br \/>betreutes wohnen \u2013 gGmbH<br \/>Markelstr. 24a<br \/>12163 Berlin-Steglitz<br \/>Tel. 030 700 96 23 0<br \/><a href=\"mailto:post@aktion-weitblick.de\">E-Mail<\/a><\/p><p><strong>Gesch\u00e4ftszeiten<\/strong><br \/>Mo.-Do. 8.30 \u2013 16.00 Uhr<br \/>Freitag 8.30 \u2013 15.00 Uhr<\/p><p><strong>Bus und Bahn<\/strong><br \/>U9 Walther-Schreiber-Platz<br \/>S1 Feuerbachstra\u00dfe<br \/>Bus M48, M76, M85, 186<\/p>\t\t\t\t\t\t\t\t<\/div>\n\t\t\t\t\t<\/div>\n\t\t\t\t<\/div>\n\t\t\t\t<\/div>\n\t\t\t\t<\/div>\n\t\t\t\t\t<\/div>\n\t\t\t\t<\/div>\n\t\t\t\t<\/div>\n\t\t","protected":false},"excerpt":{"rendered":"<p>aktion weitblick &#8211;Wir f\u00f6rdern Selbstbestimmung und Teilhabe. Daten\u00b7schutz leicht erkl\u00e4rt: Was sind pers\u00f6nliche Daten? Das sind Informationen \u00fcber Sie.Zum Beispiel: Ihr Name, Ihre Adresse oder Ihre E-Mail. Wer sammelt die Daten? Der Betreiber der Website.Seine Kontakt\u00b7daten finden Sie in der Daten\u00b7schutz\u00b7erkl\u00e4rung. Wie werden Daten gesammelt? Wenn Sie ein Formular ausf\u00fcllen.Automatisch, zum Beispiel: Ihr Browser oder [&hellip;]<\/p>\n","protected":false},"author":9,"featured_media":12043,"parent":0,"menu_order":34,"comment_status":"closed","ping_status":"closed","template":"","meta":{"_acf_changed":false,"footnotes":""},"class_list":["post-12042","page","type-page","status-publish","has-post-thumbnail","hentry"],"acf":[],"_links":{"self":[{"href":"https:\/\/www.aktion-weitblick.de\/ls\/wp-json\/wp\/v2\/pages\/12042","targetHints":{"allow":["GET"]}}],"collection":[{"href":"https:\/\/www.aktion-weitblick.de\/ls\/wp-json\/wp\/v2\/pages"}],"about":[{"href":"https:\/\/www.aktion-weitblick.de\/ls\/wp-json\/wp\/v2\/types\/page"}],"author":[{"embeddable":true,"href":"https:\/\/www.aktion-weitblick.de\/ls\/wp-json\/wp\/v2\/users\/9"}],"replies":[{"embeddable":true,"href":"https:\/\/www.aktion-weitblick.de\/ls\/wp-json\/wp\/v2\/comments?post=12042"}],"version-history":[{"count":5,"href":"https:\/\/www.aktion-weitblick.de\/ls\/wp-json\/wp\/v2\/pages\/12042\/revisions"}],"predecessor-version":[{"id":12504,"href":"https:\/\/www.aktion-weitblick.de\/ls\/wp-json\/wp\/v2\/pages\/12042\/revisions\/12504"}],"wp:featuredmedia":[{"embeddable":true,"href":"https:\/\/www.aktion-weitblick.de\/ls\/wp-json\/wp\/v2\/media\/12043"}],"wp:attachment":[{"href":"https:\/\/www.aktion-weitblick.de\/ls\/wp-json\/wp\/v2\/media?parent=12042"}],"curies":[{"name":"wp","href":"https:\/\/api.w.org\/{rel}","templated":true}]}}